{"id":25912,"date":"2024-09-05T23:00:32","date_gmt":"2024-09-05T21:00:32","guid":{"rendered":"https:\/\/founderz.com\/politica-de-cookies\/"},"modified":"2025-02-05T07:45:14","modified_gmt":"2025-02-05T06:45:14","slug":"cookies","status":"publish","type":"page","link":"https:\/\/founderz.com\/co\/cookies\/","title":{"rendered":"Pol\u00edtica de Cookies"},"content":{"rendered":"\n<p><strong>\u00daltima revisi\u00f3n: 1 de noviembre de 2022<\/strong><\/p>\n\n\n\n<p>Esta Pol\u00edtica de Cookies contiene informaci\u00f3n clara y expl\u00edcita sobre las tecnolog\u00edas que utilizamos en nuestro sitio <a href=\"https:\/\/founderz.com\/\">https:\/\/founderz.com\/<\/a> <strong>(\u00abSitio Web\u00bb)<\/strong> as\u00ed como sus derechos para restringir este uso. Esta Pol\u00edtica de Cookies forma parte de nuestra Pol\u00edtica de Privacidad.<\/p>\n\n\n\n<h2 class=\"wp-block-heading\">1. Introducci\u00f3n<\/h2>\n\n\n\n<p>El uso de nuestras cookies t\u00e9cnicas es necesario para que pueda utilizar nuestro sitio web. Puede elegir la categor\u00eda de cookies que desea habilitar en el banner de cookies que aparece la primera vez que accede a nuestro Sitio Web.<\/p>\n\n\n\n<p>Esta pol\u00edtica describe qu\u00e9 informaci\u00f3n recopilan estas cookies, c\u00f3mo las usamos y por qu\u00e9 las usamos. Tambi\u00e9n te contamos c\u00f3mo puedes restringir o bloquear la descarga autom\u00e1tica de cookies. Sin embargo, esto puede reducir o incluso dificultar ciertos elementos de la funcionalidad del Sitio Web.<\/p>\n\n\n\n<h2 class=\"wp-block-heading\">2. \u00bfQu\u00e9 son las cookies?<\/h2>\n\n\n\n<p>Una cookie es un peque\u00f1o fichero que se descarga en el equipo terminal del usuario con la finalidad de almacenar datos que podr\u00e1n ser actualizados y recuperados por la entidad responsable de su instalaci\u00f3n. Las cookies utilizadas no pueden leer datos del disco duro.<\/p>\n\n\n\n<p>Existen dos tipos de cookies:<\/p>\n\n\n\n<p>Las cookies \u00abpersistentes\u00bb permanecen en su computadora y seguir\u00e1n siendo v\u00e1lidas hasta que las elimine o hasta su fecha de vencimiento.<\/p>\n\n\n\n<p>Las cookies de sesi\u00f3n\u00bb se eliminan cuando se cierra el navegador web.<\/p>\n\n\n\n<h2 class=\"wp-block-heading\">3. \u00bfQu\u00e9 tipo de cookies utiliza el Sitio Web?<\/h2>\n\n\n\n<p>Las cookies se pueden utilizar por motivos t\u00e9cnicos del sitio web, para an\u00e1lisis y para conectarse a sitios de terceros o publicidad.<\/p>\n\n\n\n<p>Las cookies utilizadas en el Sitio Web pertenecen a las siguientes categor\u00edas:<\/p>\n\n\n\n<p><strong>\u2013 COOKIES T\u00c9CNICAS (NECESARIAS)<\/strong>: las cookies son necesarias para la navegaci\u00f3n y el correcto funcionamiento del Sitio Web. Su uso nos permite habilitar las funciones b\u00e1sicas del Sitio Web y navegar correctamente por las p\u00e1ginas que lo componen, sin estas cookies nuestro Sitio Web no podr\u00eda funcionar. La base leg\u00edtima que nos permite recabar los datos del Usuario a trav\u00e9s de las cookies t\u00e9cnicas es el inter\u00e9s leg\u00edtimo.<\/p>\n\n\n\n<p><strong>\u2013 COOKIES DE PREFERENCIA:<\/strong> son cookies que se instalan para personalizar tu experiencia (es decir, la forma en que aparecer\u00e1n o no determinadas ventanas en tu navegaci\u00f3n) en funci\u00f3n de los consentimientos y preferencias que, en su caso, manifiestes al navegar por el Sitio Web, como por ejemplo, marcar si aceptas esta Pol\u00edtica de Cookies (lo que implicar\u00e1 que deje de aparecer el banner de aviso de cookies, con su correspondiente aceptaci\u00f3n o no). Al igual que en el caso de las cookies anal\u00edticas, la base leg\u00edtima que nos permite recabar datos del Usuario a trav\u00e9s de estas cookies de preferencias es el consentimiento del Usuario.<\/p>\n\n\n\n<p><strong>\u2013 COOKIES ANAL\u00cdTICAS:<\/strong> son cookies que permiten llevar estad\u00edsticas para la optimizaci\u00f3n del Sitio Web. Nos permiten identificar de forma an\u00f3nima al Usuario para llevar un recuento aproximado del n\u00famero de visitantes y su tendencia en el tiempo, conocer qu\u00e9 contenidos son los m\u00e1s visitados, saber si el Usuario es un visitante nuevo o recurrente con el fin de introducir mejoras en funci\u00f3n del an\u00e1lisis de los datos de uso que hacen los usuarios del Sitio Web. La base leg\u00edtima que nos permite recabar dichos datos del Usuario a trav\u00e9s de estas cookies anal\u00edticas es el consentimiento del Usuario.<\/p>\n\n\n\n<p><strong>\u2013 COOKIES DE PUBLICIDAD:<\/strong> permiten la gesti\u00f3n de los espacios publicitarios en base a diferentes criterios. En algunos casos, puede tratarse de cookies que rastrean los h\u00e1bitos de navegaci\u00f3n de los usuarios para obtener un perfil de usuario que nos permita ofrecerle la informaci\u00f3n relacionada con nuestros servicios que m\u00e1s le interese. La base leg\u00edtima que nos permite recabar dichos datos del Usuario a trav\u00e9s de estas cookies publicitarias es el consentimiento del Usuario.<\/p>\n\n\n\n<p>Dependiendo de qui\u00e9n haga uso de las cookies, las cookies utilizadas en el Sitio Web pueden ser:<\/p>\n\n\n\n<p><strong>\u2013 COOKIES PROPIAS<\/strong>: Son cookies que pertenecen y son utilizadas \u00fanicamente por Founderz <a href=\"https:\/\/founderz.com\/cookies#_msocom_1\" data-type=\"link\" data-id=\"https:\/\/founderz.com\/cookies#_msocom_1\">[BB1]<\/a>, como editor del Sitio Web, con la finalidad de recordar las preferencias del Usuario durante su navegaci\u00f3n por el Sitio Web. Ning\u00fan tercero tiene acceso a la informaci\u00f3n recabada mediante el uso de cookies propias.<\/p>\n\n\n\n<p>Son cookies que pertenecen y son utilizadas \u00fanicamente por Founderz, como editor del Sitio Web, con la finalidad de recordar las preferencias del Usuario durante su navegaci\u00f3n por el Sitio Web. Ning\u00fan tercero tiene acceso a la informaci\u00f3n recabada mediante el uso de cookies propias.<\/p>\n\n\n\n<p><strong>\u2013 COOKIES DE TERCEROS:<\/strong> Son cookies pertenecientes a terceros proveedores de servicios tecnol\u00f3gicos presentes en el Sitio Web. Su uso est\u00e1 asociado a tratamientos anal\u00edticos sobre el uso que el Usuario realiza en el Sitio Web o personalizar la experiencia del usuario dentro del Sitio Web, llevados a cabo tanto por Founderz como por los proveedores de cookies relacionados en la tabla del siguiente apartado.<\/p>\n\n\n\n<p>En la tabla del siguiente apartado, le mostramos las cookies concretas que se utilizan en el Sitio Web, inform\u00e1ndole de su nombre, tipo, propietario, la finalidad para la que se utilizan, las categor\u00edas de datos que recoge cada cookie y cu\u00e1ndo expiran.<\/p>\n\n\n\n<figure class=\"wp-block-table\"><table class=\"has-fixed-layout\"><thead><tr><th>Nombre<\/th><th>Tipo<\/th><th>Cabecera<\/th><th>Finalidad<\/th><th>Periodo de conservaci\u00f3n<\/th><\/tr><\/thead><tbody><tr><td>_cf_bm<\/td><td>Required<\/td><td>Hubspot<\/td><td>Esta cookie se utiliza para distinguir entre humanos y robots. Esto beneficia al sitio web para elaborar informes v\u00e1lidos sobre el uso de su sitio web.<\/td><td>Caduca en 1 d\u00eda.<\/td><\/tr><tr><td>m<\/td><td>Required<\/td><td>Stripe<\/td><td>Determina el dispositivo utilizado para acceder al sitio web. Esto permite presentar el sitio web en el formato adecuado.<\/td><td>Caduca en 399 d\u00edas.<\/td><\/tr><tr><td>test_cookie<\/td><td>Required<\/td><td>doubleclick.net<\/td><td>Se utiliza para comprobar si el navegador del usuario admite cookies.<\/td><td>Caduca en 1 d\u00eda.<\/td><\/tr><tr><td>_ga<\/td><td>Analytics<\/td><td>Google Analytics<\/td><td>Registra un identificador \u00fanico que se utiliza para generar datos estad\u00edsticos sobre el uso que el visitante hace del sitio web.<\/td><td>Caduca a los 2 a\u00f1os.<\/td><\/tr><tr><td>_gat<\/td><td>Analytics<\/td><td>Google Analytics<\/td><td>Permite controlar el ritmo de las solicitudes.<\/td><td>Caduca en 1 d\u00eda.<\/td><\/tr><tr><td>_gid<\/td><td>Analytics<\/td><td>Google Analytics<\/td><td>Registra un identificador \u00fanico que se utiliza para generar datos estad\u00edsticos sobre el uso que el visitante hace del sitio web.<\/td><td>Caduca en 1 d\u00eda.<\/td><\/tr><tr><td>XSRF-TOKEN<\/td><td>Required<\/td><td>fzsite<\/td><td>Cookie de seguridad para evitar ataques de tipo XSRF contra el usuario.<\/td><td>Caduca en 7 d\u00edas.<\/td><\/tr><tr><td>Founderz_session<\/td><td>Preference<\/td><td>Founderz<\/td><td>Cookie de sesi\u00f3n de usuario, para almacenar de forma segura las preferencias del sitio,<\/td><td>Caduca en 7 d\u00edas.<\/td><\/tr><tr><td>_stripe_sid<\/td><td>Required<\/td><td>founderz.com<\/td><td>Esta cookie es necesaria para realizar transacciones con tarjeta de cr\u00e9dito en la web. Servicio proporcionado por Stripe.com, permite realizar transacciones en l\u00ednea sin almacenar ninguna informaci\u00f3n de la tarjeta de cr\u00e9dito.<\/td><td>1 d\u00eda<\/td><\/tr><tr><td>_stripe_mid<\/td><td>Required<\/td><td>founderz.com<\/td><td>Esta cookie es necesaria para realizar transacciones con tarjeta de cr\u00e9dito en la web. Servicio proporcionado por Stripe.com, permite realizar transacciones en l\u00ednea sin almacenar ninguna informaci\u00f3n de la tarjeta de cr\u00e9dito.<\/td><td>1 a\u00f1o<\/td><\/tr><tr><td>_hssc<\/td><td>Analytics<\/td><td>founderz.com<\/td><td>Identifica si es necesario actualizar los datos del navegador.<\/td><td>Caduca en 1 d\u00eda.<\/td><\/tr><tr><td>_hssrc<\/td><td>Analytics<\/td><td>founderz.com<\/td><td>Establece un identificador para la sesi\u00f3n. Esto permite a la web obtener datos sobre el comportamiento de la sesi\u00f3n.<\/td><td>Sesi\u00f3n<\/td><\/tr><tr><td>_hstc<\/td><td>Analytics<\/td><td>founderz.com<\/td><td>datos del visitante con fines estad\u00edsticos.<\/td><td>Expira en 179 d\u00edas.<\/td><\/tr><tr><td>_cf_bm<\/td><td>Required<\/td><td>Vimeo<\/td><td>Esta cookie se utiliza para distinguir entre humanos y bots. Esto beneficia al sitio web para elaborar informes v\u00e1lidos sobre el uso de su sitio web.<\/td><td>Caduca en 1 d\u00eda.<\/td><\/tr><tr><td>Vuid<\/td><td>Analytics<\/td><td>Vimeo<\/td><td>Esta cookie se utiliza para asignar un identificador de v\u00eddeo \u00fanico de Vimeo Analytics.<\/td><td>Expira en 2 a\u00f1os.<\/td><\/tr><tr><td>_fbp<\/td><td>Analytics<\/td><td>Facebook<\/td><td>Registra un identificador \u00fanico que se utiliza para generar datos estad\u00edsticos sobre el uso que el visitante hace del sitio web.<\/td><td>Caduca en 3 meses.<\/td><\/tr><tr><td>c_user<\/td><td>Preference<\/td><td>Facebook<\/td><td>Contiene el ID de usuario del usuario actualmente conectado.<\/td><td>Caduca en 1 a\u00f1o.<\/td><\/tr><tr><td>datr<\/td><td>Analytics<\/td><td>Facebook<\/td><td>La cookie datr se crea cuando un navegador web accede a facebook.com (por ejemplo, cuando un usuario hace clic en el bot\u00f3n \u00abMe gusta\u00bb). Ayuda a Facebook a identificar inicios de sesi\u00f3n sospechosos y a mantener la seguridad de los usuarios. Las cookies de Facebook s\u00f3lo existen si el usuario ha iniciado sesi\u00f3n previamente en Facebook.<\/td><td>Caduca a los 2 a\u00f1os<\/td><\/tr><tr><td>fr<\/td><td>Analytics<\/td><td>Facebook<\/td><td>Contiene una combinaci\u00f3n de navegador e identificaci\u00f3n \u00fanica de usuario, utilizada para publicidad personalizada.<\/td><td>Caduca a los 3 meses.<\/td><\/tr><tr><td>sb<\/td><td>Analytics<\/td><td>Facebook<\/td><td>Permite utilizar el bot\u00f3n \u00abMe gusta\u00bb de Facebook.<\/td><td>Caduca a los 2 a\u00f1os.<\/td><\/tr><tr><td>xs<\/td><td>Analytics<\/td><td>Facebook<\/td><td>Esta cookie crea un ID \u00fanico para cada visita a trav\u00e9s del p\u00edxel de Facebook.<\/td><td>Caduca a los 3 meses.<\/td><\/tr><tr><td>amplitude_unsent<\/td><td>Advertising<\/td><td>fzsite<\/td><td>Se utiliza en el contexto de cuestionarios pop-u p y mensajer\u00eda de sitios web. Los datos se utilizan para programas estad\u00edsticos o de marketing.<\/td><td>Caduca en 1 a\u00f1o<\/td><\/tr><tr><td>amplitude_unsent_identify<\/td><td>Advertising<\/td><td>fzsite.<\/td><td>Se utiliza en el contexto de cuestionarios pop-u p y mensajer\u00eda de sitios web. Los datos se utilizan para programas estad\u00edsticos o de marketing.<\/td><td>Caduca en 1 a\u00f1o<\/td><\/tr><tr><td>attribution_user_id<\/td><td>Advertising<\/td><td>Typeform.com<\/td><td>Se utiliza en el contexto de cuestionarios pop-u p y mensajer\u00eda de sitios web. Los datos se utilizan para programas estad\u00edsticos o de marketing.<\/td><td>Caduca en 1 a\u00f1o<\/td><\/tr><tr><td>rl_anonymous_id<\/td><td>Advertising<\/td><td>Typeform<\/td><td>Almacena rl_anonymous_id , y se adjunta a cada evento posterior. Ayuda a identificar a los usuarios de otros sitios alojados en un subdominio.<\/td><td>Caduca en 1 a\u00f1o<\/td><\/tr><tr><td>rl_group_id<\/td><td>Advertising<\/td><td>Typeform<\/td><td>Recoge la actividad de los usuarios en la web.<\/td><td>Caduca en 1 a\u00f1o<\/td><\/tr><tr><td>rl_group_trait<\/td><td>Advertising<\/td><td>Typeform<\/td><td>Almacena el usuario con el identificador \u00fanico de su aplicaci\u00f3n, como el correo electr\u00f3nico, el ID de la base de datos, etc., y lo adjunta a cada evento.<\/td><td>Caduca en 1 a\u00f1o<\/td><\/tr><tr><td>rl_page_init_referrer<\/td><td>Advertising<\/td><td>Typeform<\/td><td>Almacena el usuario con el identificador \u00fanico de su aplicaci\u00f3n, como el correo electr\u00f3nico, el ID de la base de datos, etc., y lo adjunta a cada evento.<\/td><td>Caduca en 1 a\u00f1o<\/td><\/tr><tr><td>rl_page_init_referring_domain<\/td><td>Advertising<\/td><td>Typeform<\/td><td>Almacena el usuario con el identificador \u00fanico de su aplicaci\u00f3n, como el correo electr\u00f3nico, el ID de la base de datos, etc., y lo adjunta a cada evento.<\/td><td>Caduca en 1 a\u00f1o<\/td><\/tr><tr><td>rl_trait<\/td><td>Advertising<\/td><td>Typeform<\/td><td>Almacena el usuario con el identificador \u00fanico de su aplicaci\u00f3n, como el correo electr\u00f3nico, el ID de la base de datos, etc., y lo adjunta a cada evento.<\/td><td>Caduca en 1 a\u00f1o<\/td><\/tr><tr><td>rl_user_id<\/td><td>Advertising<\/td><td>Typeform<\/td><td>Almacena el usuario con el identificador \u00fanico de su aplicaci\u00f3n, como el correo electr\u00f3nico, el ID de la base de datos, etc., y lo adjunta a cada evento.<\/td><td>Caduca en 1 a\u00f1o<\/td><\/tr><tr><td>_cf_bm<\/td><td>Required<\/td><td>Typeform<\/td><td>Esta cookie se utiliza para distinguir entre humanos y robots. Esto es beneficioso para el sitio web con el fin de realizar informes v\u00e1lidos sobre el uso del sitio web.<\/td><td>Caduca en 1 d\u00eda<\/td><\/tr><tr><td>debug<\/td><td>Required<\/td><td>Typeform<\/td><td>Esta cookie se utiliza para detectar errores en el sitio web. Esta informaci\u00f3n se env\u00eda al personal de asistencia del sitio web con el fin de optimizar la experiencia de los visitantes en el sitio web.<\/td><td>Caduca en 1 a\u00f1o<\/td><\/tr><tr><td>UserMatchHistory<\/td><td>Advertising<\/td><td>Linkedin<\/td><td>Garantiza la seguridad de la navegaci\u00f3n de los visitantes impidiendo la falsificaci\u00f3n de solicitudes entre sitios. Esta cookie es esencial para la seguridad del sitio web y de los visitantes.<\/td><td>Caduca en 30 d\u00edas<\/td><\/tr><tr><td>li_gc<\/td><td>Required<\/td><td>Linkedin<\/td><td>Almacena el consentimiento de cookies del usuario para el dominio.<\/td><td>Caduca en 2 a\u00f1os<\/td><\/tr><tr><td>lang<\/td><td>Preference<\/td><td>Linkedin<\/td><td>Recuerda la lengua seleccionada por el usuario<\/td><td>Sesi\u00f3n<\/td><\/tr><tr><td>AnalyticsSyncHistory<\/td><td>Statistics<\/td><td>Linkedin<\/td><td>Se utiliza en relaci\u00f3n con la sincronizaci\u00f3n de datos con un servicio de an\u00e1lisis de datos de terceros.<\/td><td>Caduca en 30 d\u00edas<\/td><\/tr><tr><td>bcookie<\/td><td>Advertising<\/td><td>Linkedin<\/td><td>Utilizada por el servicio de telecomunicaciones sociales LinkedIn para rastrear el uso de los servicios integrados.<\/td><td>Caduca en 2 a\u00f1os<\/td><\/tr><tr><td>bscookie<\/td><td>Advertising<\/td><td>Linkedin<\/td><td>Utilizada por el servicio de telecomunicaciones sociales LinkedIn para rastrear el uso de los servicios integrados.<\/td><td>Caduca en 2 a\u00f1os<\/td><\/tr><tr><td>lang<\/td><td>Advertising<\/td><td>Linkedin<\/td><td>Se establece a trav\u00e9s de LinkedIn cuando una p\u00e1gina web contiene un panel \u00abS\u00edguenos\u00bb integrado.<\/td><td>Sesi\u00f3n<\/td><\/tr><tr><td>lidc<\/td><td>Advertising<\/td><td>Linkedin<\/td><td>Utilizada por el servicio de telecomunicaciones sociales LinkedIn para rastrear el uso de los servicios integrados.<\/td><td>Caduca en 1 d\u00eda<\/td><\/tr><tr><td>c.gif<\/td><td>Analytics<\/td><td>c.clarity.ms<\/td><td>Recoge datos relacionados con la navegaci\u00f3n y el comportamiento de los usuarios \u2013 Se utiliza paraElaborar informes estad\u00edsticos y mapas de calor para el propietario de la web.<\/td><td>Sesi\u00f3n<\/td><\/tr><tr><td>CLID<\/td><td>Analytics<\/td><td>c.clarity.ms<\/td><td>Recoge datos relacionados con la navegaci\u00f3n y el comportamiento de los usuarios \u2013 Se utiliza para elaborar informes estad\u00edsticos y mapas de calor para el propietario del sitio web.<\/td><td>Caduca en 1 a\u00f1o.<\/td><\/tr><tr><td>MUID<\/td><td>Advertising<\/td><td>clarity.ms<\/td><td>Utilizada ampliamente por Microsoft como identificaci\u00f3n \u00fanica de usuario. La cookie permite el seguimiento del usuario sincronizando la identificaci\u00f3n a trav\u00e9s de muchos dominios de Microsoft.<\/td><td>Caduca en 1 a\u00f1o.<\/td><\/tr><tr><td>ANONCHK<\/td><td>Advertising<\/td><td>c. clarity.ms<\/td><td>Registra datos de visitantes de m\u00faltiples visitas y m\u00faltiples sitios web. Esta informaci\u00f3n se utiliza para medir la eficacia de la publicidad en los sitios web.<\/td><td>Caduca en 1 d\u00eda.<\/td><\/tr><tr><td>SM<\/td><td>Advertising<\/td><td>c.clarity.ms<\/td><td>Registra un ID \u00fanico que identifica al representante del usuario cuando visita sitios web. El ID se utiliza para identificar al destinatario del usuario cuando visita sitios web que utilizan la misma red p\u00fablica. La identificaci\u00f3n se utiliza para permitir la publicidad dirigida.<\/td><td>Sesi\u00f3n<\/td><\/tr><tr><td>SRM_B<\/td><td>Advertising<\/td><td>bing.com<\/td><td>Se utiliza para rastrear la interacci\u00f3n del usuario con la fuente de la web. Estos datos pueden utilizarse para presentar al usuario productos o servicios pertinentes.<\/td><td>Caduca en 1 a\u00f1o.<\/td><\/tr><\/tbody><\/table><\/figure>\n\n\n\n<h2 class=\"wp-block-heading\">4. Bloquear o eliminar cookies<\/h2>\n\n\n\n<p>Si desea eliminar de su navegador las cookies registradas por nuestro Sitio Web, con car\u00e1cter general, deber\u00e1 dirigirse al men\u00fa Preferencias o Configuraci\u00f3n del navegador y buscar el apartado Privacidad. A modo de ejemplo, puede seguir las siguientes instrucciones:<\/p>\n\n\n\n<p><a href=\"https:\/\/support.mozilla.org\/en-US\/kb\/cookies-information-websites-store-on-your-computer\" target=\"_blank\" rel=\"noopener\">Firefox<\/a><\/p>\n\n\n\n<p><a href=\"https:\/\/support.microsoft.com\/es-es\/help\/17442\/windows-internet-explorer-delete-manage-cookies\" target=\"_blank\" rel=\"noopener\">Internet Explorer 10<\/a><\/p>\n\n\n\n<p><a href=\"https:\/\/support.apple.com\/en-gb\/HT201265\" target=\"_blank\" rel=\"noopener\">Safar<\/a>i<\/p>\n\n\n\n<p><a href=\"https:\/\/support.google.com\/chrome\/answer\/95647?hl=en\" target=\"_blank\" rel=\"noopener\">Google Chrome<\/a><\/p>\n\n\n\n<h2 class=\"wp-block-heading\">5. Contacto<\/h2>\n\n\n\n<p>Si tiene alguna pregunta sobre nuestras cookies, puede ponerse en contacto con nosotros por correo electr\u00f3nico en la direcci\u00f3n indicada en <a href=\"mailto:hola@founderz.com\">hola@founderz.com<\/a>.<\/p>\n","protected":false},"excerpt":{"rendered":"<p>\u00daltima revisi\u00f3n: 1 de noviembre de 2022 Esta Pol\u00edtica de Cookies contiene informaci\u00f3n clara y expl\u00edcita sobre las tecnolog\u00edas que utilizamos en nuestro sitio https:\/\/founderz.com\/ (\u00abSitio Web\u00bb) as\u00ed como sus derechos para restringir este uso. Esta Pol\u00edtica de Cookies forma parte de nuestra Pol\u00edtica de Privacidad. 1. Introducci\u00f3n El uso de nuestras cookies t\u00e9cnicas es [&hellip;]<\/p>\n","protected":false},"author":18,"featured_media":0,"parent":0,"menu_order":0,"comment_status":"closed","ping_status":"closed","template":"templates\/legal-2025.php","meta":{"_acf_changed":false,"inline_featured_image":false,"footnotes":""},"team_owner":[],"class_list":["post-25912","page","type-page","status-publish","hentry"],"acf":[],"_links":{"self":[{"href":"https:\/\/founderz.com\/co\/wp-json\/wp\/v2\/pages\/25912","targetHints":{"allow":["GET"]}}],"collection":[{"href":"https:\/\/founderz.com\/co\/wp-json\/wp\/v2\/pages"}],"about":[{"href":"https:\/\/founderz.com\/co\/wp-json\/wp\/v2\/types\/page"}],"author":[{"embeddable":true,"href":"https:\/\/founderz.com\/co\/wp-json\/wp\/v2\/users\/18"}],"replies":[{"embeddable":true,"href":"https:\/\/founderz.com\/co\/wp-json\/wp\/v2\/comments?post=25912"}],"version-history":[{"count":0,"href":"https:\/\/founderz.com\/co\/wp-json\/wp\/v2\/pages\/25912\/revisions"}],"wp:attachment":[{"href":"https:\/\/founderz.com\/co\/wp-json\/wp\/v2\/media?parent=25912"}],"wp:term":[{"taxonomy":"team_owner","embeddable":true,"href":"https:\/\/founderz.com\/co\/wp-json\/wp\/v2\/team_owner?post=25912"}],"curies":[{"name":"wp","href":"https:\/\/api.w.org\/{rel}","templated":true}]}}