{"id":62589,"date":"2025-07-22T13:42:26","date_gmt":"2025-07-22T11:42:26","guid":{"rendered":"https:\/\/founderz.com\/ki-for-offentlig-sektor\/"},"modified":"2025-11-12T11:24:21","modified_gmt":"2025-11-12T10:24:21","slug":"ai-til-den-offentlige-sektor","status":"publish","type":"page","link":"https:\/\/founderz.com\/da\/ai-til-den-offentlige-sektor\/","title":{"rendered":"AI til den offentlige sektor"},"content":{"rendered":"","protected":false},"excerpt":{"rendered":"","protected":false},"author":41,"featured_media":0,"parent":0,"menu_order":0,"comment_status":"closed","ping_status":"closed","template":"templates\/program-selection-form.php","meta":{"_acf_changed":false,"inline_featured_image":false,"footnotes":""},"team_owner":[],"class_list":["post-62589","page","type-page","status-publish","hentry"],"acf_all":{"master_id":"false","description":{"title":"<h2>Fremtidens forvaltning begynder med AI<\/h2>\n","subtitle":"<p>AI er ikke l\u00e6ngere en fremtidsteknologi, men en drivkraft, der forandrer m\u00e5den, vi arbejder, l\u00e6rer og lever p\u00e5 \u2013 ogs\u00e5 i den offentlige sektor.<\/p>\n<p>N\u00e5r vi bruger AI rigtigt, frigiver vi tid til det, der betyder mest: kvalitet i opgavel\u00f8sningen, n\u00e6rv\u00e6r i m\u00f8det med borgeren og rum til faglig udvikling. Men potentialet forl\u00f8ses kun, hvis menneskerne bag teknologien f\u00e5r de rette foruds\u00e6tninger. Det kr\u00e6ver tr\u00e6ning.<\/p>\n<p>Derfor investerer vi i digitale kompetencer, innovation og l\u00e6ring, s\u00e5 den alle i den offentlige sektor ikke blot er klar til en AI-drevet fremtid, men er med til at forme den.<\/p>\n","video":"https:\/\/player.vimeo.com\/video\/1129235217"},"stats":{"items":[{"number":"1 ud af 4","subtitle":"<p>offentligt ansatte bruger AI hver dag<br \/>\n<em>(BCG, 2025, side 3)<\/em><\/p>\n"},{"number":"3,6 timer","subtitle":"<p>sparer de medarbejdere, der har f\u00e5et tr\u00e6ning i generativ AI, i gennemsnit om ugen \u2013 det er dobbelt s\u00e5 meget som dem, der ikke har f\u00e5et tr\u00e6ning<br \/>\n<em>(BCG, 2025, side 11)<\/em><\/p>\n"},{"number":">50 %","subtitle":"<p>af de danskere, der har adgang til AI-v\u00e6rkt\u00f8jer i deres arbejdsliv, eftersp\u00f8rger tr\u00e6ning<br \/>\n<em>(Microsoft AI-analyse, 2025)<\/em><\/p>\n"}],"subtitle":""},"cta_basic":{"title":"AI er ikke kun for IT-afdelingen \u2013 AI er for alle","subtitle":"<p>Uanset hvilket omr\u00e5de du arbejder inden for i den offentlige sektor, er AI allerede i gang med at \u00e6ndre m\u00e5den, vi l\u00f8ser opgaver og tr\u00e6ffer beslutninger p\u00e5. Kurserne tilbyder praktiske, tilg\u00e6ngelige greb til at integrere AI i din arbejdsdag, uden at du beh\u00f8ver nogen teknisk baggrund.<\/p>\n<p>AI-revolutionen er her \u2013 vil du v\u00e6re med til at forme den?<\/p>\n","button":{"title":"Gratis tilmelding","link":"form","url":""}},"learn":{"title":"P\u00e5 kurserne kan du l\u00e6re:","video_image":69430,"video":"https:\/\/player.vimeo.com\/video\/1127005996","teacher":"","items":[{"text":"<p>F\u00e5 indsigt i, hvordan AI forandrer vores m\u00e5de at arbejde p\u00e5 \u2013 og l\u00e6r, hvordan du kan bruge Copilot til at f\u00e5 mere tid til det, der betyder noget<\/p>\n"},{"text":"<p>Udnyt samspillet af AI i de Microsoft 365-applikationer, du bruger dagligt: Word, PowerPoint, Excel, Outlook, Teams og mange flere<\/p>\n"},{"text":"<p>Skab dine egne AI-agenter og automatis\u00e9r opgaver med Copilot Studio, s\u00e5 din arbejdsproces bliver forbedret<\/p>\n"},{"text":"<p>Anvend Copilot i virkelige scenarier, der er vigtige for dig, og optim\u00e9r dit tidsforbrug til hverdagens opgaver<\/p>\n"}]},"bd":{"title":"AI anvendes i alle dele af den offentlige sektor","subtitle":"<p>AI skaber forandringer i alle sektorer, og dette kursus hj\u00e6lper dig med at f\u00e5 indsigt i, hvor det kan gavne netop dig \u2013 uden at du beh\u00f8ver nogen teknisk baggrund. V\u00e6lg mellem tre specialiserede spor, udforsk forskellige omr\u00e5der, og giv dig selv praktiske AI-kompetencer, der skaber resultater.<\/p>\n","buttons":[{"icon":false,"title":"Copilot for alle","program":" copilot-for-alle-den","form_title":"\u00d8g din produktivitet med AI i dag"},{"icon":57322,"title":"Uddannelse","program":"ai-til-uddannelse ","form_title":"Din uddannelsesrejse inden for AI starter nu!"},{"icon":55492,"title":"Sundhedsv\u00e6senet","program":"ai-til-sundhed","form_title":"Din AI-rejse inden for sundhedsv\u00e6senet starter nu!"},{"icon":44468,"title":"Administration","program":"ai-til-kontoret ","form_title":"Din AI-rejse til kontorarbejde starter nu!"}],"outro":""},"form":{"program_slug":"copilot-for-alle-den","title":"<h2>Din AI-rejse starter nu<\/h2>\n","form":{"title":"<p>Deltag i dette eksklusive AI-program for alle, og driv innovation med selvtillid \u2013 g\u00e5 ikke glip af chancen!<\/p>\n","features":[{"icon":45034,"title":"Varighed","description":"3 timer"},{"icon":45038,"title":"Modus","description":"100% online"}]}},"form_fields":{"name":{"label":"Fornavn","text":"Laura"},"last_name":{"label":"Efternavn","text":"Smith"},"email":{"label":"E-mail","text":"example@outlook.com"},"btn_text":"Gratis tilmelding","terms":"<p>Jeg accepterer vilk\u00e5rene og betingelserne samt privatlivspolitikken.<br \/>\n<a href=\"https:\/\/founderz.com\/terms-and-conditions\/\">L\u00e6s her<\/a>.<\/p>\n","sign_up_text":"Logg p\u00e5","sign_up_text_second":"Har du allerede en konto?"},"professors":{"title":"M\u00f8d dine instrukt\u00f8rer","items":[{"ID":62637,"post_author":"41","post_date":"2025-09-25 11:33:56","post_date_gmt":"2025-09-25 09:33:56","post_content":"","post_title":"Kit Ingwersen","post_excerpt":"","post_status":"publish","comment_status":"closed","ping_status":"closed","post_password":"","post_name":"kit-ingwersen","to_ping":"","pinged":"","post_modified":"2025-10-24 21:44:01","post_modified_gmt":"2025-10-24 19:44:01","post_content_filtered":"","post_parent":0,"guid":"https:\/\/founderz.com\/?post_type=reviews&#038;p=62637","menu_order":0,"post_type":"reviews","post_mime_type":"","comment_count":"0","filter":"raw"},{"ID":65433,"post_author":"41","post_date":"2025-10-13 11:35:41","post_date_gmt":"2025-10-13 09:35:41","post_content":"","post_title":"Siri Venning","post_excerpt":"","post_status":"publish","comment_status":"closed","ping_status":"closed","post_password":"","post_name":"siri-venning","to_ping":"","pinged":"","post_modified":"2025-10-14 13:20:35","post_modified_gmt":"2025-10-14 11:20:35","post_content_filtered":"","post_parent":0,"guid":"https:\/\/founderz.com\/?post_type=reviews&#038;p=65433","menu_order":0,"post_type":"reviews","post_mime_type":"","comment_count":"0","filter":"raw"},{"ID":65434,"post_author":"41","post_date":"2025-10-13 11:38:25","post_date_gmt":"2025-10-13 09:38:25","post_content":"","post_title":"Jonathan Wallin S\u00f8rensen","post_excerpt":"","post_status":"publish","comment_status":"closed","ping_status":"closed","post_password":"","post_name":"jonathan-wallin-soerensen","to_ping":"","pinged":"","post_modified":"2025-10-24 21:44:43","post_modified_gmt":"2025-10-24 19:44:43","post_content_filtered":"","post_parent":0,"guid":"https:\/\/founderz.com\/?post_type=reviews&#038;p=65434","menu_order":0,"post_type":"reviews","post_mime_type":"","comment_count":"0","filter":"raw"},{"ID":65451,"post_author":"41","post_date":"2025-10-13 11:40:48","post_date_gmt":"2025-10-13 09:40:48","post_content":"","post_title":"Mia Dong","post_excerpt":"","post_status":"publish","comment_status":"closed","ping_status":"closed","post_password":"","post_name":"mia-dong","to_ping":"","pinged":"","post_modified":"2025-10-24 21:45:21","post_modified_gmt":"2025-10-24 19:45:21","post_content_filtered":"","post_parent":0,"guid":"https:\/\/founderz.com\/?post_type=reviews&#038;p=65451","menu_order":0,"post_type":"reviews","post_mime_type":"","comment_count":"0","filter":"raw"},{"ID":65468,"post_author":"41","post_date":"2025-10-13 11:42:31","post_date_gmt":"2025-10-13 09:42:31","post_content":"","post_title":"Katharina Kroon","post_excerpt":"","post_status":"publish","comment_status":"closed","ping_status":"closed","post_password":"","post_name":"katharina-kroon","to_ping":"","pinged":"","post_modified":"2025-10-24 21:47:53","post_modified_gmt":"2025-10-24 19:47:53","post_content_filtered":"","post_parent":0,"guid":"https:\/\/founderz.com\/?post_type=reviews&#038;p=65468","menu_order":0,"post_type":"reviews","post_mime_type":"","comment_count":"0","filter":"raw"},{"ID":65503,"post_author":"41","post_date":"2025-10-13 11:50:16","post_date_gmt":"2025-10-13 09:50:16","post_content":"","post_title":"Valdemar Skouboe","post_excerpt":"","post_status":"publish","comment_status":"closed","ping_status":"closed","post_password":"","post_name":"valdemar-skouboe","to_ping":"","pinged":"","post_modified":"2025-10-24 21:45:58","post_modified_gmt":"2025-10-24 19:45:58","post_content_filtered":"","post_parent":0,"guid":"https:\/\/founderz.com\/?post_type=reviews&#038;p=65503","menu_order":0,"post_type":"reviews","post_mime_type":"","comment_count":"0","filter":"raw"},{"ID":65521,"post_author":"41","post_date":"2025-10-13 11:51:46","post_date_gmt":"2025-10-13 09:51:46","post_content":"","post_title":"Maximilian Wiese","post_excerpt":"","post_status":"publish","comment_status":"closed","ping_status":"closed","post_password":"","post_name":"maximilian-wiese-2","to_ping":"","pinged":"","post_modified":"2025-10-24 21:46:34","post_modified_gmt":"2025-10-24 19:46:34","post_content_filtered":"","post_parent":0,"guid":"https:\/\/founderz.com\/?post_type=reviews&#038;p=65521","menu_order":0,"post_type":"reviews","post_mime_type":"","comment_count":"0","filter":"raw"},{"ID":65538,"post_author":"41","post_date":"2025-10-13 12:08:01","post_date_gmt":"2025-10-13 10:08:01","post_content":"","post_title":"Nicklas Panzio","post_excerpt":"","post_status":"publish","comment_status":"closed","ping_status":"closed","post_password":"","post_name":"nicklas-panzio","to_ping":"","pinged":"","post_modified":"2025-10-24 21:47:17","post_modified_gmt":"2025-10-24 19:47:17","post_content_filtered":"","post_parent":0,"guid":"https:\/\/founderz.com\/?post_type=reviews&#038;p=65538","menu_order":0,"post_type":"reviews","post_mime_type":"","comment_count":"0","filter":"raw"}],"button":{"title":"","link":""}},"contact":{"title":"Bliv vores n\u00e6ste AI-partner:","img":56441,"teacher":[{"ID":56426,"post_author":"41","post_date":"2025-07-23 11:31:44","post_date_gmt":"2025-07-23 09:31:44","post_content":"","post_title":"Irina Bors","post_excerpt":"","post_status":"publish","comment_status":"closed","ping_status":"closed","post_password":"","post_name":"irina-bors","to_ping":"","pinged":"","post_modified":"2026-01-23 12:20:18","post_modified_gmt":"2026-01-23 11:20:18","post_content_filtered":"","post_parent":0,"guid":"https:\/\/founderz.com\/reviews\/irina-bors\/","menu_order":0,"post_type":"reviews","post_mime_type":"","comment_count":"0","filter":"raw"}],"subtitle":"Hvis du leder efter:","items":[{"item":"Mere AI-tr\u00e6ning og ressourcer til dit team"},{"item":"Skr\u00e6ddersyede kurser"},{"item":"Partnerskaber med arrangementer og projekter, der driver AI-tr\u00e6ning for den offentlige sektor i Danmark"}],"info":"<p>Lad os samarbejde!<\/p>\n","icons":[{"icon":57366,"text":"mailto:irinabors@microsoft.com"},{"icon":57350,"text":"https:\/\/www.linkedin.com\/in\/irina-bors\/"}]},"error":{"icon":45047,"title":"E-mail allerede registreret","subtitle":"Denne e-mailadresse er allerede registreret i vores system. Du kan pr\u00f8ve at logge ind med din eksisterende konto eller bruge en anden e-mailadresse.","buttons":[{"title":"Log ind","link":"https:\/\/learn.founderz.com\/login?program_slug=copilot-for-alle-den"},{"title":"Pr\u00f8v igen","link":"https:\/\/founderz.com\/da\/ai-til-den-offentlige-sektor\/"}]},"hero":{"image":62851,"title":"<h1>AI-kurser for alle i den offentlige sektor<\/h1>\n","description":"<p>Opdag, hvordan du kan udnytte AI effektivt til at \u00f8ge produktiviteten og skabe bedre offentlige ydelser.<\/p>\n","partner":{"text":"i partnerskab med","logo":50679}},"data_lead_type":{"type":"form_lead"},"intro":{"is_active":false,"title":"","content":"","button":{"text":"","link":""},"video":""},"steps":{"is_active":false,"title":"","items":false,"img":false},"timeline":{"is_active":false,"title":"","items":false},"levels":{"is_active":false,"title":"","subtitle":"","callout":"","items":false},"fellows":{"is_active":false,"title":"","subtitle":"","content":"","video":""},"prizes":{"is_active":false,"title":"","subtitle":"","items":false},"draws":{"is_active":false,"title":"","subtitle":"","items":false,"disclaimer":"","callout":{"title":"","subtitle":""}},"teacher":{"is_active":false,"name":"","position":"","bio":"","img":false,"logo":false},"cta":{"is_active":false,"bg":false,"title":"","subtitle":"","button":{"title":"","link":""}}},"acf":[],"_links":{"self":[{"href":"https:\/\/founderz.com\/da\/wp-json\/wp\/v2\/pages\/62589","targetHints":{"allow":["GET"]}}],"collection":[{"href":"https:\/\/founderz.com\/da\/wp-json\/wp\/v2\/pages"}],"about":[{"href":"https:\/\/founderz.com\/da\/wp-json\/wp\/v2\/types\/page"}],"author":[{"embeddable":true,"href":"https:\/\/founderz.com\/da\/wp-json\/wp\/v2\/users\/41"}],"replies":[{"embeddable":true,"href":"https:\/\/founderz.com\/da\/wp-json\/wp\/v2\/comments?post=62589"}],"version-history":[{"count":0,"href":"https:\/\/founderz.com\/da\/wp-json\/wp\/v2\/pages\/62589\/revisions"}],"wp:attachment":[{"href":"https:\/\/founderz.com\/da\/wp-json\/wp\/v2\/media?parent=62589"}],"wp:term":[{"taxonomy":"team_owner","embeddable":true,"href":"https:\/\/founderz.com\/da\/wp-json\/wp\/v2\/team_owner?post=62589"}],"curies":[{"name":"wp","href":"https:\/\/api.w.org\/{rel}","templated":true}]}}