{"id":73874,"date":"2025-02-11T11:11:00","date_gmt":"2025-02-11T10:11:00","guid":{"rendered":"https:\/\/founderz.com\/aiskills4women\/"},"modified":"2026-03-23T22:04:55","modified_gmt":"2026-03-23T21:04:55","slug":"ai-skills-4-women","status":"publish","type":"page","link":"https:\/\/founderz.com\/da\/ai-skills-4-women\/","title":{"rendered":"AI Skills 4 Women"},"content":{"rendered":"","protected":false},"excerpt":{"rendered":"<p>Et gratis kursus designet til kvinder inden for AI. F\u00e5 vigtige f\u00e6rdigheder, kom i kontakt med et st\u00f8ttende f\u00e6llesskab, og udforsk karrieremuligheder. <\/p>\n","protected":false},"author":41,"featured_media":74387,"parent":0,"menu_order":0,"comment_status":"closed","ping_status":"closed","template":"templates\/program-aiskills4women.php","meta":{"_acf_changed":false,"inline_featured_image":false,"footnotes":""},"team_owner":[],"class_list":["post-73874","page","type-page","status-publish","has-post-thumbnail","hentry"],"acf":{"colab":50672,"colab_2":"","hero":{"image":74387,"title":"<h1>Vis vejen.\r\nL\u00e6r AI.<\/h1>","description":"Med vores gratis kursus\r\nAI Skills 4 Women.","partner":{"text":"","image":"","link":""},"secondary_partners":"","button":{"text":"","link":""},"outro":""},"features":{"pre_title":"Tilmeld dig gratis i dag.","title":"AI-f\u00e6rdigheder til kvinder","subtitle":"<p style=\"text-align: center;\">Udforsk potentialet i kunstig intelligens, voks sammen med andre kvinder, og skab nye muligheder for dig selv og dem, der kommer efter.<\/p>","items":[{"pre_title":"Kun","number":"12%","subtitle":"af AI-forskere er kvinder.","label":"UNESCO"},{"pre_title":"Mindre end","number":"22%","subtitle":"af AI-professionelle er kvinder.","label":"WEF"},{"pre_title":"Kun","number":"24%","subtitle":"af AI-fakultetsstillinger bes\u00e6ttes af kvinder.","label":"AI Index Report 2024"}],"video_title":"Oplev historierne fra kvinder, der allerede har deltaget i dette kursus og er i gang med at skabe deres egen vej inden for AI.","video":"https:\/\/player.vimeo.com\/video\/1096404027","related_videos":{"title":"M\u00f8d de inspirerende kvinder fra hele verden, der har v\u00e6ret i hjertet af denne rejse: ustoppelige, modige og banebrydende.","items":[{"img":73942,"name":"Birgitta","text":"Efter at have arbejdet med hotelteknologi i et par \u00e5r og drevet sit eget sportst\u00f8j- og yogabrand, kastede Birgitta sig over Founderz \u00d7 Microsoft AI Skills for Women-programmet og elskede dets fleksible l\u00e6ringsformat og st\u00f8ttende f\u00e6llesskab. Det hj\u00e6lp hende med at udvikle prototypen \"Kinetic Verve,\" en AI-drevet, d\u00f8mningsfri yoga-coaching-app, og efterlod hende begejstret over, hvor AI kan f\u00f8re hendes karriere hen.","video":"https:\/\/player.vimeo.com\/video\/1096982729"},{"img":73925,"name":"Jiayao","text":"En kandidatstuderende p\u00e5 Universitetet i Barcelona, der arbejder p\u00e5 tv\u00e6rs af mental sundhed, mixed reality og inklusion. Jiayao kalder kurset sit \"billet til fremtiden.\" Det styrkede hendes selvtillid til at bygge inkluderende, virkelige AI-v\u00e6rkt\u00f8jer, der giver folk muligheder, og forst\u00e6rkede hendes overbevisning om, at kvinder h\u00f8rer hjemme ved ethvert teknologibord.","video":"https:\/\/player.vimeo.com\/video\/1096982782"},{"img":73908,"name":"Irene","text":"Caracas-f\u00f8dte Irene, der voksede op i Californien og New York, tog springet fra at arbejde med teknologi til at bygge med det, efter hun s\u00e5 programmets annonce under Women's History Month. Hun skriver nu kode og pitcher SOMOS, en AI-drevet, flersproget nyhedstracker i realtid for Latinamerika, og siger, at programmet t\u00e6ndte den motivation, hun havde brug for, til at oms\u00e6tte sin id\u00e9 til en forretning.","video":"https:\/\/player.vimeo.com\/video\/1096982858"}]}},"cta_basic":{"title":"V\u00e6r fremtidens AI","subtitle":"<p style=\"text-align: center;\">I 2025-udgaven er over <strong>57.000 kvinder<\/strong> i mere end <strong>30 lande<\/strong> blevet uddannet, og <strong>150 stipendier er blevet<\/strong> tildelt til AI- og Innovationscertifikatprogrammet. Nu er det din tur: bliv en del af f\u00e6llesskabet og f\u00e5 chancen for at vinde et stipendium.<\/p>","button":{"title":"Tilmeld dig gratis","link":"form","url":""}},"learn":{"title":"Hvad du vil l\u00e6re","video_image":74272,"video":"https:\/\/player.vimeo.com\/video\/1139960729","teacher":"","items":[{"text":"<strong>Grundl\u00e6ggende om AI:<\/strong> L\u00e6r det grundl\u00e6ggende i kunstig intelligens."},{"text":"<strong>Praktiske anvendelser:<\/strong> Opdag brugsscenarier fra den virkelige verden."},{"text":"<strong>Hurtig teknik og etik:<\/strong> Behersk AI-interaktioner p\u00e5 en ansvarlig m\u00e5de."},{"text":"<strong>AI-cybersikkerhed og dataanalyse:<\/strong> Vigtige f\u00e6rdigheder for fremtiden."},{"text":"<strong>Lederskab og mentorskab:<\/strong> F\u00e5 din karriere til at vokse med vejledning fra AI-eksperter."}]},"form":{"title":"<h2 style=\"text-align: center;\">Din AI-rejse starter nu<\/h2>","form":{"title":"Deltag i et f\u00e6llesskab af kvinder, der former fremtiden.\r\nBegr\u00e6nset antal stipendier. G\u00e5 ikke glip af din chance!","features":[{"icon":45032,"title":"Varighed ","description":"3 timer"},{"icon":45036,"title":"Tilstand","description":"100% Online"}]}},"certification":{"img":33271,"title":"Officiel Microsoft-legitimation","subtitle":"N\u00e5r du har gennemf\u00f8rt kurset, f\u00e5r du et officielt Microsoft Credential, som du kan dele p\u00e5 LinkedIn.","button":{"title":"Tilmeld dig gratis","link":"form"}},"cta":{"bg":74003,"title":"<h2>Mestre den endelige udfordring.F\u00e5 et AI-stipendium.<\/h2>","subtitle":"Vis dine f\u00e6rdigheder i kursets endelige udfordring og modtag et af de <strong>150 stipendier fra Founderz &amp; Microsoft<\/strong> til et <strong>3-m\u00e5neders online program i AI &amp; Innovation.<\/strong>","button":{"title":"Tilmeld dig gratis","link":"form"}},"syllabus":{"active":false,"title":"","background_color":"#000","items":""},"professors":{"title":"M\u00f8d dine instrukt\u00f8rer","items":[34036,73613,34154,34299,33971,33984,34209,34214,34060,34062],"button":{"title":"Tilmeld dig gratis","link":"form"}},"cta_final":{"title":"<h2>M\u00f8d vores ambassad\u00f8rer<\/h2>","subtitle":"<p style=\"text-align: center;\">Sammen med vores fantastiske partnere kan vi styrke flere kvinder over hele verden gennem AI-uddannelse.<\/p>","logos":[{"img":135771},{"img":85578},{"img":85296},{"img":85318},{"img":85340},{"img":139924},{"img":34549},{"img":44762},{"img":84874},{"img":86040},{"img":136688},{"img":86093},{"img":139952},{"img":139844},{"img":139536},{"img":139692},{"img":139582},{"img":141017},{"img":141143},{"img":141198},{"img":78363},{"img":142818}],"button":{"title":"Bliv partner","link":"mailto:aiskills4women@founderz.com"}},"form_fields":{"name":{"label":"Navn","text":"Laura"},"last_name":{"label":"Efternavn","text":"Smith"},"email":{"label":"E-mail","text":"example@outlook.com"},"btn_text":"Tilmeld dig gratis","terms":"Jeg accepterer vilk\u00e5r og betingelser og privatlivspolitik <a href=\"https:\/\/founderz.com\/terms-and-conditions\/\">L\u00e6s her<\/a>","second_terms":"","sign_up_text":"Log ind","sign_up_text_second":"Har du allerede en konto?","programa":"https:\/\/learn.founderz.com\/signup\/guest\/ai-skills-4-women","outro":""},"error":{"icon":34328,"title":"E-mail allerede registreret","subtitle":"Denne e-mail er allerede registreret i vores system. Du kan pr\u00f8ve at logge ind med din eksisterende konto eller bruge en anden e-mailadresse. ","buttons":[{"title":"Login","link":"https:\/\/learn.founderz.com\/login?program_slug=ai-skills-4-women"},{"title":"Pr\u00f8v igen","link":"https:\/\/founderz.com\/da\/ai-skills-4-women\/"}]},"hs_meta":{"program_id":"","program_edition":"0","program_name":""},"custom_code":{"code":""},"allowed_emails":""},"_links":{"self":[{"href":"https:\/\/founderz.com\/da\/wp-json\/wp\/v2\/pages\/73874","targetHints":{"allow":["GET"]}}],"collection":[{"href":"https:\/\/founderz.com\/da\/wp-json\/wp\/v2\/pages"}],"about":[{"href":"https:\/\/founderz.com\/da\/wp-json\/wp\/v2\/types\/page"}],"author":[{"embeddable":true,"href":"https:\/\/founderz.com\/da\/wp-json\/wp\/v2\/users\/41"}],"replies":[{"embeddable":true,"href":"https:\/\/founderz.com\/da\/wp-json\/wp\/v2\/comments?post=73874"}],"version-history":[{"count":2,"href":"https:\/\/founderz.com\/da\/wp-json\/wp\/v2\/pages\/73874\/revisions"}],"predecessor-version":[{"id":86029,"href":"https:\/\/founderz.com\/da\/wp-json\/wp\/v2\/pages\/73874\/revisions\/86029"}],"wp:featuredmedia":[{"embeddable":true,"href":"https:\/\/founderz.com\/da\/wp-json\/wp\/v2\/media\/74387"}],"wp:attachment":[{"href":"https:\/\/founderz.com\/da\/wp-json\/wp\/v2\/media?parent=73874"}],"wp:term":[{"taxonomy":"team_owner","embeddable":true,"href":"https:\/\/founderz.com\/da\/wp-json\/wp\/v2\/team_owner?post=73874"}],"curies":[{"name":"wp","href":"https:\/\/api.w.org\/{rel}","templated":true}]}}