{"id":52339,"date":"2025-05-23T11:21:29","date_gmt":"2025-05-23T09:21:29","guid":{"rendered":"https:\/\/founderz.com\/ai-4-kleine-unternehmen\/"},"modified":"2025-06-09T13:34:00","modified_gmt":"2025-06-09T11:34:00","slug":"ai-4-kleine-unternehmen","status":"publish","type":"page","link":"https:\/\/founderz.com\/de\/ai-4-kleine-unternehmen\/","title":{"rendered":"AI 4 Kleine Unternehmen"},"content":{"rendered":"","protected":false},"excerpt":{"rendered":"","protected":false},"author":41,"featured_media":0,"parent":0,"menu_order":0,"comment_status":"closed","ping_status":"closed","template":"templates\/program-sticky-form.php","meta":{"_acf_changed":false,"inline_featured_image":false,"footnotes":""},"team_owner":[],"class_list":["post-52339","page","type-page","status-publish","hentry"],"acf_all":{"master_id":"false","colab":false,"form_fields":{"name":{"label":"Name","text":"Laura"},"last_name":{"label":"Nachname","text":"Smith"},"email":{"label":"E-Mail","text":"example@outlook.com"},"btn_text":"Registrieren Sie sich kostenlos","terms":"<p>Ich stimme den Allgemeinen Gesch\u00e4ftsbedingungen und der Datenschutzrichtlinie zu. <a href=\"https:\/\/founderz.com\/terms-and-conditions\/\">Hier lesen<\/a><\/p>\n","sign_up_text":"Anmelden","sign_up_text_second":"Sie haben bereits ein Konto?","programa":"https:\/\/learn.founderz.com\/signup\/guest\/ai-for-small-businesses"},"hero":{"image":50687,"title":"<h1>KI f\u00fcr<br \/>\nKleine<br \/>\nUnternehmen<\/h1>\n","description":"<p>Entdecken Sie, wie Sie KI effektiv nutzen k\u00f6nnen, um Innovationen und Wettbewerbsvorteile zu f\u00f6rdern.<\/p>\n","cards":[{"img":49858,"title":"100% kostenloses Programm","description":"Lernen Sie kostenlos, vollst\u00e4ndig finanziert und unterst\u00fctzt."},{"img":49872,"title":"Microsoft Achievement Abzeichen","description":"Verdienen Sie nach Abschluss des Kurses ein anerkanntes Abzeichen."},{"img":49844,"title":"Offene Immatrikulation","description":"Sie k\u00f6nnen jederzeit einsteigen und in Ihrem eigenen Tempo lernen."}],"button":{"title":"Registrieren Sie sich kostenlos","link":"Formular"},"partner":{"text":"in Zusammenarbeit mit","logo":43827},"hero_min_height":false,"dark_bg":false},"description":{"title":"<h2>KI f\u00fcr die <em>anderen 99%<\/em><\/h2>\n","subtitle":"<p>KI wird schnell zu einem wichtigen Bestandteil von Unternehmen jeder Gr\u00f6\u00dfe. <strong>Kleine Unternehmen machen 99,2 % aller Unternehmen aus.<\/strong> Die Einf\u00fchrung von KI ist f\u00fcr die Steigerung von Effizienz, Innovation und nachhaltigem Wachstum unerl\u00e4sslich.<\/p>\n","video":"https:\/\/player.vimeo.com\/video\/1086094820","img":false,"final_text":"","dark_mode":false},"stats":{"items":[{"number":"78%","subtitle":"<p>der KMUs auf der ganzen Welt nutzen bereits KI-Tools.<\/p>\n"},{"number":"80%","subtitle":"<p>der SMB-Benutzer bringen ihre eigenen KI-Tools mit zur Arbeit.<\/p>\n"},{"number":"79%","subtitle":"<p>Mitarbeiter von KMUs sehen KI-F\u00e4higkeiten als Schl\u00fcssel zu mehr Besch\u00e4ftigungsm\u00f6glichkeiten<\/p>\n"}],"subtitle":"Diese Daten basieren auf den Umfrageergebnissen des 2024 Work Trend Index Annual Report."},"cta_basic":{"title":"Erschlie\u00dfen Sie das Potenzial der KI in nur wenigen Stunden","subtitle":"<p>Der Kurs zeigt, wie KI Arbeitsabl\u00e4ufe und Entscheidungsfindung verbessern kann, und bietet praktische Anleitungen zum Einsatz von KI-Tools f\u00fcr das Tagesgesch\u00e4ft, Marketing, Finanzplanung und mehr.<\/p>\n","button":{"title":"Registrieren Sie sich kostenlos","link":"Formular"}},"learn":{"title":"\u00dcberblick \u00fcber den Kurs","subtitle":"","video_image":49999,"video":"https:\/\/player.vimeo.com\/video\/1086103402?h=b810e41ed8","teacher":[{"ID":52365,"post_author":"41","post_date":"2025-05-23 16:06:15","post_date_gmt":"2025-05-23 14:06:15","post_content":"","post_title":"Sharon Schoenborn","post_excerpt":"","post_status":"publish","comment_status":"closed","ping_status":"closed","post_password":"","post_name":"sharon-schoenborn","to_ping":"","pinged":"","post_modified":"2025-05-23 16:06:15","post_modified_gmt":"2025-05-23 14:06:15","post_content_filtered":"","post_parent":0,"guid":"https:\/\/founderz.com\/reviews\/sharon-schoenborn\/","menu_order":0,"post_type":"reviews","post_mime_type":"","comment_count":"0","filter":"raw"}],"items":[{"text":"<p><strong>Grundlagen der KI:<\/strong> Geschichte und strategische Einblicke<\/p>\n"},{"text":"<p><strong>Praktische Anwendung:<\/strong> Erste Schritte mit Al Prompting<\/p>\n"},{"text":"<p><strong>Al-Powered Business Transformation<\/strong><\/p>\n"},{"text":"<p><strong>Eine Kultur der Innovation kultivieren<\/strong><\/p>\n"},{"text":"<p><strong>KI und Cybersecurity:<\/strong> Chancen und Risiken abw\u00e4gen<\/p>\n"},{"text":"<p><strong>Erweiterte KI-F\u00e4higkeiten:<\/strong> Erforschen Sie KI-Agenten und Automatisierung.<\/p>\n"},{"text":"<p><strong>Verantwortungsvolle KI:<\/strong> Ethik und Verantwortlichkeit<\/p>\n"}]},"cta":{"bg":50211,"title":"<h2>Optionale letzte Herausforderung: Anwendung von KI in der realen Gesch\u00e4ftswelt<\/h2>\n","subtitle":"<p><strong>Nehmen Sie an einer gemeinsamen \u00dcbung teil<\/strong>, um KI-gesteuerte L\u00f6sungen f\u00fcr gesch\u00e4ftliche Herausforderungen zu entwerfen und umzusetzen. Diese interaktive Sitzung st\u00e4rkt die Schl\u00fcsselkonzepte, schafft Vertrauen und f\u00f6rdert die Innovation unter den Teilnehmern. <\/p>\n","button":{"title":"Registrieren Sie sich kostenlos","link":"Formular"}},"form":{"title":"","form":{"title":"","features":false}},"certification":{"img":39354,"title":"Abschlie\u00dfendes Zertifizierungsabzeichen","subtitle":"Nach Abschluss des Kurses erhalten Sie ein offizielles Microsoft Achievement Badge, das Sie auf LinkedIn teilen k\u00f6nnen.","button":{"title":"Registrieren Sie sich kostenlos","link":"Formular"}},"teachers":{"title":"Treffen Sie Ihre Ausbilder","items":[50086,34777,34154,35598,35605,35612,35619,35626],"button":{"text":"","link":""}},"error":{"icon":43942,"title":"E-Mail bereits registriert","subtitle":"Diese E-Mail ist bereits in unserem System registriert. Sie k\u00f6nnen versuchen, sich mit Ihrem bestehenden Konto anzumelden oder eine andere E-Mail-Adresse zu verwenden.","buttons":[{"title":"Anmeldung","link":"https:\/\/learn.founderz.com\/login?program_slug=ai-for-small-businesses"},{"title":"Erneut versuchen","link":"https:\/\/founderz.com\/ai4smallbusinesses\/"}]}},"acf":[],"_links":{"self":[{"href":"https:\/\/founderz.com\/de\/wp-json\/wp\/v2\/pages\/52339","targetHints":{"allow":["GET"]}}],"collection":[{"href":"https:\/\/founderz.com\/de\/wp-json\/wp\/v2\/pages"}],"about":[{"href":"https:\/\/founderz.com\/de\/wp-json\/wp\/v2\/types\/page"}],"author":[{"embeddable":true,"href":"https:\/\/founderz.com\/de\/wp-json\/wp\/v2\/users\/41"}],"replies":[{"embeddable":true,"href":"https:\/\/founderz.com\/de\/wp-json\/wp\/v2\/comments?post=52339"}],"version-history":[{"count":0,"href":"https:\/\/founderz.com\/de\/wp-json\/wp\/v2\/pages\/52339\/revisions"}],"wp:attachment":[{"href":"https:\/\/founderz.com\/de\/wp-json\/wp\/v2\/media?parent=52339"}],"wp:term":[{"taxonomy":"team_owner","embeddable":true,"href":"https:\/\/founderz.com\/de\/wp-json\/wp\/v2\/team_owner?post=52339"}],"curies":[{"name":"wp","href":"https:\/\/api.w.org\/{rel}","templated":true}]}}