{"id":74371,"date":"2025-02-11T11:11:00","date_gmt":"2025-02-11T10:11:00","guid":{"rendered":"https:\/\/founderz.com\/ai-skills-4-women\/"},"modified":"2026-03-23T22:05:01","modified_gmt":"2026-03-23T21:05:01","slug":"ai-skills-4-women","status":"publish","type":"page","link":"https:\/\/founderz.com\/de\/ai-skills-4-women\/","title":{"rendered":"AI Skills 4 Women"},"content":{"rendered":"","protected":false},"excerpt":{"rendered":"<p>Ein kostenloser Kurs f\u00fcr Frauen in der KI. Erwerben Sie wichtige F\u00e4higkeiten, kn\u00fcpfen Sie Kontakte zu einer unterst\u00fctzenden Gemeinschaft und erkunden Sie Karrierem\u00f6glichkeiten. <\/p>\n","protected":false},"author":41,"featured_media":74391,"parent":0,"menu_order":0,"comment_status":"closed","ping_status":"closed","template":"templates\/program-aiskills4women.php","meta":{"_acf_changed":false,"inline_featured_image":false,"footnotes":""},"team_owner":[],"class_list":["post-74371","page","type-page","status-publish","has-post-thumbnail","hentry"],"acf":{"colab":50676,"colab_2":"","hero":{"image":74391,"title":"<h1>F\u00fchre den Wandel an.\r\nBilde dich im Bereich KI.<\/h1>","description":"Mit unserem kostenlosen Kurs\r\n\"AI Skills 4 Women\".","partner":{"text":"","image":"","link":""},"secondary_partners":"","button":{"text":"","link":""},"outro":""},"features":{"pre_title":"Melde dich noch heute kostenlos an.","title":"AI Skills 4 Women","subtitle":"<p style=\"text-align: center;\">Erforsche das Potenzial der k\u00fcnstlichen Intelligenz, wachse an der Seite anderer Frauen und schaffe neue M\u00f6glichkeiten f\u00fcr dich selbst und f\u00fcr diejenigen, die nach dir kommen werden.<\/p>","items":[{"pre_title":"Nur","number":"12%","subtitle":"der KI-Forscher\r\nsind Frauen.","label":"UNESCO"},{"pre_title":"Weniger als","number":"22%","subtitle":"der KI-Fachleute\r\nsind Frauen.","label":"WEF"},{"pre_title":"Nur","number":"24%","subtitle":"der KI-Fakult\u00e4tsstellen sind von Frauen besetzt.","label":"AI Index Bericht 2024"}],"video_title":"Entdecke die Geschichten von Frauen, die diesen Kurs bereits absolviert haben und ihren eigenen Weg in der KI gehen.","video":"https:\/\/player.vimeo.com\/video\/1096404027","related_videos":{"title":"Lerne die inspirierenden Frauen aus der ganzen Welt kennen, die im Mittelpunkt dieser Reise standen: unaufhaltsam, mutig und wegweisend.","items":[{"img":54873,"name":"Birgitta","text":"Nachdem sie einige Jahre in der Hoteltechnologie gearbeitet und ihre eigene Sportbekleidungs- und Yogamarke gef\u00fchrt hatte, nahm Birgitta am Founderz \u00d7 Microsoft AI Skills for Women Programm teil und war begeistert von dem Lernformat und der unterst\u00fctzenden Gemeinschaft. Das Programm half ihr bei der Entwicklung des Prototyps von \"Kinetic Verve\", einer KI-gesteuerten, urteilsfreien Yoga-Coaching-App, und sie ist begeistert davon, wohin KI ihre Karriere f\u00fchren kann. ","video":"https:\/\/player.vimeo.com\/video\/1096982729"},{"img":54889,"name":"Jiayao","text":"Eine Masterstudentin an der Universit\u00e4t von Barcelona, die an der Schnittstelle zwischen psychischer Gesundheit, gemischter Realit\u00e4t und Inklusion arbeitet. Jiayao nennt den Kurs ihre \"\"Eintrittskarte in die Zukunft\"\". Er hat ihr Selbstvertrauen gest\u00e4rkt, inklusive, realit\u00e4tsnahe KI-Tools zu entwickeln, die den Menschen helfen, und sie in ihrer \u00dcberzeugung best\u00e4rkt, dass Frauen an jeden Tech-Tisch geh\u00f6ren.","video":"https:\/\/player.vimeo.com\/video\/1096982782"},{"img":54905,"name":"Irene","text":"Irene, die in Caracas geborene und in Kalifornien und New York aufgewachsen ist, schaffte den Sprung von der Arbeit mit Technik zu deren Aufbau, nachdem sie die Anzeige des Programms w\u00e4hrend des Women's History Month gesehen hatte. Jetzt schreibt sie Code und bewirbt SOMOS, einen mehrsprachigen KI-Echtzeit-Nachrichtensender f\u00fcr Lateinamerika. Sie sagt, das Programm habe ihr die Motivation gegeben, ihre Idee in ein Unternehmen zu verwandeln.","video":"https:\/\/player.vimeo.com\/video\/1096982858"}]}},"cta_basic":{"title":"Sei die Zukunft der KI","subtitle":"<p style=\"text-align: center;\">In der Ausgabe 2025 wurden \u00fcber <strong>57.000 Frauen<\/strong> in mehr als <strong>30 L\u00e4ndern<\/strong> ausgebildet, wobei <strong>150 Stipendien<\/strong> f\u00fcr das KI- und Innovations-Zertifikatsprogramm vergeben wurden. Jetzt bist du dran: Werde Teil der Community und nutze die Chance, ein Stipendium zu gewinnen.<\/p>","button":{"title":"Registrieren Sie sich kostenlos","link":"form","url":""}},"learn":{"title":"Was du lernen wirst","video_image":74268,"video":"https:\/\/player.vimeo.com\/video\/1139960729","teacher":"","items":[{"text":"<strong>KI-Grundlagen:<\/strong> Lerne die Grundlagen der k\u00fcnstlichen Intelligenz."},{"text":"<strong>Praktische Anwendungen:<\/strong> Entdecke Anwendungsf\u00e4lle aus der Praxis."},{"text":"<strong>Prompt-Technik &amp; Ethik:<\/strong> Meistre KI-Interaktionen verantwortungsbewusst."},{"text":"<strong>KI-Cybersecurity &amp; Datenanalyse:<\/strong> Wichtige F\u00e4higkeiten f\u00fcr die Zukunft."},{"text":"<strong>F\u00fchrung &amp; Mentorschaft:<\/strong> Erweitere deine Karriere mit Hilfe von KI-Expertinnen."}]},"form":{"title":"<h2 style=\"text-align: center;\">Deine KI-Reise beginnt jetzt<\/h2>","form":{"title":"Werde Teil einer Gemeinschaft von Frauen, die die Zukunft gestalten.\r\nBegrenzte Stipendien verf\u00fcgbar. Verpasse nicht deine Chance!","features":[{"icon":33184,"title":"Dauer","description":"3 Stunden"},{"icon":33180,"title":"Format","description":"100% Online"}]}},"certification":{"img":33271,"title":"Offizieller Microsoft-Nachweis","subtitle":"Wenn du den Kurs abgeschlossen hast, erh\u00e4ltst du eine offizielle Microsoft-Zertifizierung, die du auf LinkedIn teilen kannst.","button":{"title":"Registrieren Sie sich kostenlos","link":"form"}},"cta":{"bg":73999,"title":"<h2>Meistere die letzte Herausforderung.\r\nErhalte ein KI-Stipendium.<\/h2>","subtitle":"<div class=\"ewa-rteLine\" style=\"text-align: left;\">Zeige deine F\u00e4higkeiten in der letzten Kursherausforderung und erhalte eines der <strong>150 Stipendien von Founderz &amp; Microsoft<\/strong> f\u00fcr ein <strong>3-monatiges Online-Programm in KI &amp; Innovation.<\/strong><\/div>","button":{"title":"Registrieren Sie sich kostenlos","link":"form"}},"syllabus":{"active":false,"title":"","background_color":"#000","items":""},"professors":{"title":"Lerne deine Tutorinnen kennen","items":[34036,73613,34154,34299,33971,33984,34209,34214,34060,34062],"button":{"title":"Registrieren Sie sich kostenlos","link":"form"}},"cta_final":{"title":"<h2 style=\"text-align: center;\">Lernen Sie unsere Botschafter:innen kennen<\/h2>","subtitle":"<p style=\"text-align: center;\">Gemeinsam mit unseren gro\u00dfartigen Partnern k\u00f6nnen wir mehr Frauen auf der ganzen Welt durch KI-Bildung st\u00e4rken.<\/p>","logos":[{"img":135771},{"img":85578},{"img":85296},{"img":85318},{"img":85340},{"img":139924},{"img":34549},{"img":44762},{"img":84874},{"img":86040},{"img":136688},{"img":86093},{"img":139952},{"img":139844},{"img":139536},{"img":139692},{"img":139582},{"img":141017},{"img":141143},{"img":141198},{"img":78363},{"img":142818}],"button":{"title":"Werden Sie Partner","link":"mailto:aiskills4women@founderz.com"}},"form_fields":{"name":{"label":"Name","text":"Laura"},"last_name":{"label":"Nachname","text":"Smith"},"email":{"label":"E-Mail-Adresse","text":"example@outlook.com"},"btn_text":"Registrieren Sie sich kostenlos","terms":"Ich stimme den Allgemeinen Gesch\u00e4ftsbedingungen und der Datenschutzrichtlinie zu <a href=\"https:\/\/founderz.com\/terms-and-conditions\/\">.<\/a>","second_terms":"","sign_up_text":"Jetzt einloggen","sign_up_text_second":"Du hast bereits ein Konto?","programa":"https:\/\/learn.founderz.com\/signup\/guest\/ai-skills-4-women","outro":""},"error":{"icon":34328,"title":"E-Mail bereits registriert","subtitle":"Diese E-Mail ist bereits in unserem System registriert. Sie k\u00f6nnen versuchen, sich mit Ihrem bestehenden Konto anzumelden oder eine andere E-Mail-Adresse zu verwenden. ","buttons":[{"title":"Anmeldung","link":"https:\/\/learn.founderz.com\/login?program_slug=ai-skills-4-women"},{"title":"Erneut versuchen","link":"https:\/\/founderz.com\/de\/ai-skills-4-women\/"}]},"hs_meta":{"program_id":"","program_edition":"0","program_name":""},"custom_code":{"code":""},"allowed_emails":""},"_links":{"self":[{"href":"https:\/\/founderz.com\/de\/wp-json\/wp\/v2\/pages\/74371","targetHints":{"allow":["GET"]}}],"collection":[{"href":"https:\/\/founderz.com\/de\/wp-json\/wp\/v2\/pages"}],"about":[{"href":"https:\/\/founderz.com\/de\/wp-json\/wp\/v2\/types\/page"}],"author":[{"embeddable":true,"href":"https:\/\/founderz.com\/de\/wp-json\/wp\/v2\/users\/41"}],"replies":[{"embeddable":true,"href":"https:\/\/founderz.com\/de\/wp-json\/wp\/v2\/comments?post=74371"}],"version-history":[{"count":2,"href":"https:\/\/founderz.com\/de\/wp-json\/wp\/v2\/pages\/74371\/revisions"}],"predecessor-version":[{"id":141011,"href":"https:\/\/founderz.com\/de\/wp-json\/wp\/v2\/pages\/74371\/revisions\/141011"}],"wp:featuredmedia":[{"embeddable":true,"href":"https:\/\/founderz.com\/de\/wp-json\/wp\/v2\/media\/74391"}],"wp:attachment":[{"href":"https:\/\/founderz.com\/de\/wp-json\/wp\/v2\/media?parent=74371"}],"wp:term":[{"taxonomy":"team_owner","embeddable":true,"href":"https:\/\/founderz.com\/de\/wp-json\/wp\/v2\/team_owner?post=74371"}],"curies":[{"name":"wp","href":"https:\/\/api.w.org\/{rel}","templated":true}]}}