{"id":34257,"date":"2025-02-24T10:50:48","date_gmt":"2025-02-24T09:50:48","guid":{"rendered":"https:\/\/founderz.com\/?page_id=34257"},"modified":"2025-02-24T11:00:15","modified_gmt":"2025-02-24T10:00:15","slug":"xunta-de-galicia","status":"publish","type":"page","link":"https:\/\/founderz.com\/es\/privacidad\/xunta-de-galicia\/","title":{"rendered":"INFORMACI\u00d3N B\u00c1SICA SOBRE PROTECCI\u00d3N DE DATOS PERSOAIS"},"content":{"rendered":"\n<figure class=\"wp-block-table\"><table class=\"has-fixed-layout\"><tbody><tr><td>Responsable do tratamento<\/td><td>Xunta de Galicia &#8211; Conseller\u00eda de Emprego, Comercio e Emigraci\u00f3n<\/td><\/tr><tr><td>Finalidades do tratamento<\/td><td>Desenvolvemento de acci\u00f3ns formativas relacionados coa intelixencia artificial, as novas  ecnolox\u00edas e a sociedade da informaci\u00f3n.<\/td><\/tr><tr><td>Lexitimaci\u00f3n para o tratamento<\/td><td>Cumprimento dunha misi\u00f3n realizada en interese p\u00fablico ou no exercicio de poderes p\u00fablicos (Lei 3\/2023, do 28 de febreiro, de Emprego e demais normativa concordante). Consentimento outorgado pola persoa interesada para o env\u00edo de informaci\u00f3n.<\/td><\/tr><tr><td>Destinatarios dos datos<\/td><td>Non se prev\u00e9n comunicaci\u00f3ns a terceiros, ag\u00e1s a entidade prestadora do servizo.<\/td><\/tr><tr><td>Exercicio de dereitos<\/td><td>As persoas interesadas poder\u00e1n solicitar ante o responsable do tratamento o acceso, rectificaci\u00f3n, limitaci\u00f3n, e supresi\u00f3n dos seus datos, as\u00ed como opo\u00f1erse ao seu tratamento, a trav\u00e9s da sede electr\u00f3nica da Xunta de Galicia ou nos lugares e rexistros establecidos na normativa reguladora do procedemento administrativo com\u00fan segundo se recolle en <a href=\"https:\/\/www.xunta.gal\/exercicio-dedereitos\" target=\"_blank\" rel=\"noreferrer noopener\">https:\/\/www.xunta.gal\/exercicio-dedereitos<\/a>. As\u00ed mesmo, as persoas interesadas poder\u00e1n retirar o consentimento previamente outorgado dirixindo a s\u00faa solicitude a tecnico.cntg@xunta.gal A retirada do consentimento non afectar\u00e1 a licitude do tratamento baseada no consentimento previo \u00e1 s\u00faa retirada<\/td><\/tr><tr><td>Contacto delegado\/a de protecci\u00f3n de datos e informaci\u00f3n adicional<\/td><td><a href=\"https:\/\/www.xunta.gal\/informacion-xeral-proteccion-datos\" target=\"_blank\" rel=\"noreferrer noopener\">https:\/\/www.xunta.gal\/informacion-xeral-proteccion-datos<\/a><\/td><\/tr><\/tbody><\/table><\/figure>\n","protected":false},"excerpt":{"rendered":"<p>Responsable do tratamento Xunta de Galicia &#8211; Conseller\u00eda de Emprego, Comercio e Emigraci\u00f3n Finalidades do tratamento Desenvolvemento de acci\u00f3ns formativas relacionados coa intelixencia artificial, as novas ecnolox\u00edas e a sociedade da informaci\u00f3n. Lexitimaci\u00f3n para o tratamento Cumprimento dunha misi\u00f3n realizada en interese p\u00fablico ou no exercicio de poderes p\u00fablicos (Lei 3\/2023, do 28 de febreiro, [&hellip;]<\/p>\n","protected":false},"author":41,"featured_media":0,"parent":25900,"menu_order":0,"comment_status":"closed","ping_status":"closed","template":"templates\/legal-2025.php","meta":{"_acf_changed":false,"inline_featured_image":false,"footnotes":""},"team_owner":[],"class_list":["post-34257","page","type-page","status-publish","hentry"],"acf":[],"_links":{"self":[{"href":"https:\/\/founderz.com\/es\/wp-json\/wp\/v2\/pages\/34257","targetHints":{"allow":["GET"]}}],"collection":[{"href":"https:\/\/founderz.com\/es\/wp-json\/wp\/v2\/pages"}],"about":[{"href":"https:\/\/founderz.com\/es\/wp-json\/wp\/v2\/types\/page"}],"author":[{"embeddable":true,"href":"https:\/\/founderz.com\/es\/wp-json\/wp\/v2\/users\/41"}],"replies":[{"embeddable":true,"href":"https:\/\/founderz.com\/es\/wp-json\/wp\/v2\/comments?post=34257"}],"version-history":[{"count":0,"href":"https:\/\/founderz.com\/es\/wp-json\/wp\/v2\/pages\/34257\/revisions"}],"up":[{"embeddable":true,"href":"https:\/\/founderz.com\/es\/wp-json\/wp\/v2\/pages\/25900"}],"wp:attachment":[{"href":"https:\/\/founderz.com\/es\/wp-json\/wp\/v2\/media?parent=34257"}],"wp:term":[{"taxonomy":"team_owner","embeddable":true,"href":"https:\/\/founderz.com\/es\/wp-json\/wp\/v2\/team_owner?post=34257"}],"curies":[{"name":"wp","href":"https:\/\/api.w.org\/{rel}","templated":true}]}}