{"id":43713,"date":"2025-03-27T09:56:34","date_gmt":"2025-03-27T08:56:34","guid":{"rendered":"https:\/\/founderz.com\/?page_id=43713"},"modified":"2026-03-31T13:49:51","modified_gmt":"2026-03-31T11:49:51","slug":"promociones-vigentes","status":"publish","type":"page","link":"https:\/\/founderz.com\/es\/terminos-y-condiciones\/promociones-vigentes\/","title":{"rendered":"Promociones vigentes"},"content":{"rendered":"\n<p><strong>\u00daltima revisi\u00f3n: 31 de marzo de 2026<\/strong><\/p>\n\n\n\n<p><\/p>\n\n\n\n<h2 class=\"wp-block-heading\"><strong>Promoci\u00f3n \u00abLanzamiento M\u00e1ster IA para Creativos Edici\u00f3n 2026\u00bb<\/strong><\/h2>\n\n\n\n<p><strong>Vigencia de la promoci\u00f3n:<\/strong><\/p>\n\n\n\n<p>La promoci\u00f3n estar\u00e1 disponible exclusivamente entre el 15 de abril y el 21 de abril de 2026.<\/p>\n\n\n\n<p><strong>\u00c1mbito geogr\u00e1fico:<\/strong><\/p>\n\n\n\n<p>Podr\u00e1n participar personas de cualquier pa\u00eds, siempre que completen su inscripci\u00f3n en nuestra p\u00e1gina web www.founderz.com dentro del per\u00edodo de vigencia, en el programa M\u00e1ster Online IA Generativa para Creativos 2026 o Diplomado Online IA Generativa para Creativos 2026.<\/p>\n\n\n\n<p><strong>Participaci\u00f3n y elegibilidad:<\/strong><\/p>\n\n\n\n<ul class=\"wp-block-list\">\n<li>La promoci\u00f3n aplica \u00fanicamente a nuevos alumnos.<\/li>\n\n\n\n<li>Quedan excluidos los clientes actuales, los cuales cuentan con el programa Alumni.<\/li>\n\n\n\n<li>La inscripci\u00f3n debe realizarse directamente en el sitio web www.founderz.com dentro del per\u00edodo establecido.<\/li>\n<\/ul>\n\n\n\n<p><strong>Beneficios ofrecidos<\/strong><\/p>\n\n\n\n<p><strong>Descuento directo:<\/strong> Se aplica un 20% de descuento autom\u00e1ticamente al realizar el pago en el sitio web en las p\u00e1ginas del M\u00e1ster Online IA Generativa para Creativos 2026 o Diplomado Online IA Generativa para Creativos 2026.<\/p>\n\n\n\n<ul class=\"wp-block-list\">\n<li>Toda solicitud incompleta ser\u00e1 autom\u00e1ticamente rechazada y el participante perder\u00e1 todo derecho a reclamar el beneficio.<\/li>\n<\/ul>\n\n\n\n<p><strong>Jurisdicci\u00f3n:<\/strong><\/p>\n\n\n\n<p>Cualquier disputa derivada de la promoci\u00f3n ser\u00e1 resuelta en los tribunales de Barcelona, Espa\u00f1a.<\/p>\n\n\n\n<h2 class=\"wp-block-heading\"><strong>Promoci\u00f3n \u00abGrupo abril &#8211; M\u00e1ster Online en IA e Innovaci\u00f3n Edici\u00f3n 2026\u00bb<\/strong><\/h2>\n\n\n\n<p><strong>Vigencia de la promoci\u00f3n:<\/strong><\/p>\n\n\n\n<p>La promoci\u00f3n estar\u00e1 disponible exclusivamente entre el 23 de abril y el 29 de abril de 2026.<\/p>\n\n\n\n<p><strong>\u00c1mbito geogr\u00e1fico:<\/strong><\/p>\n\n\n\n<p>Podr\u00e1n participar personas de cualquier pa\u00eds, siempre que completen su inscripci\u00f3n en nuestra p\u00e1gina web www.founderz.com dentro del per\u00edodo de vigencia, en el programa M\u00e1ster en IA e Innovaci\u00f3n 2026 o Diplomado en IA e Innovaci\u00f3n 2026.<\/p>\n\n\n\n<p><strong>Participaci\u00f3n y elegibilidad:<\/strong><\/p>\n\n\n\n<ul class=\"wp-block-list\">\n<li>La promoci\u00f3n aplica \u00fanicamente a nuevos alumnos.<\/li>\n\n\n\n<li>Quedan excluidos los clientes actuales.<\/li>\n\n\n\n<li>La inscripci\u00f3n debe realizarse directamente en el sitio web www.founderz.com dentro del per\u00edodo establecido.<\/li>\n\n\n\n<li>Deben ser alumnos nuevos del programa M\u00e1ster en IA e Innovaci\u00f3n 2026 o Diplomado en IA e Innovaci\u00f3n 2026.<\/li>\n\n\n\n<li>Los participantes perder\u00e1n cualquier derecho a reclamar el descuento o el reembolso de ChatGPT+ si su proceso de compra es anulado, cancelado o interrumpido debido a problemas con proveedores de financiaci\u00f3n, bancos, tarjetas de cr\u00e9dito, pasarelas de pago o cualquier tipo de problema a la hora de realizar la operaci\u00f3n.<\/li>\n\n\n\n<li>Solo podr\u00e1n solicitar el beneficio si la transacci\u00f3n se ha completado correctamente dentro del per\u00edodo promocional.<\/li>\n<\/ul>\n\n\n\n<p><strong>Beneficios ofrecidos<\/strong><\/p>\n\n\n\n<p><strong>Descuento directo:<\/strong> Se aplica un 20% de descuento autom\u00e1ticamente al realizar el pago en el sitio web en las p\u00e1ginas del M\u00e1ster en IA e Innovaci\u00f3n 2026 o Diplomado en IA e Innovaci\u00f3n 2026.<\/p>\n\n\n\n<p><strong>Especializaci\u00f3n gratuita: <\/strong>los usuarios que se inscriban en el programa durante la promoci\u00f3n tendr\u00e1n acceso a un bloque de contenido especializado a su elecci\u00f3n durante el proceso de onboarding en la plataforma. Las especializaciones disponibles actualmente son: Finanzas, Salud, Legal, Creaci\u00f3n de contenidos, Recursos humanos, Docentes y Automatizaciones.<\/p>\n\n\n\n<p><strong>Reembolso de ChatGPT+:<\/strong><\/p>\n\n\n\n<ul class=\"wp-block-list\">\n<li>Corresponde a un importe equivalente a tres meses de suscripci\u00f3n a ChatGPT+ o Copilot Pro ($60 USD). Este reembolso es de car\u00e1cter internacional y Founderz no se hace responsable del pago de impuestos (IVA) en cada pa\u00eds.\u00a0<\/li>\n\n\n\n<li>El reembolso se realizar\u00e1 en moneda euros. Si el banco del alumno genera un gasto extra al recibir el reembolso por comisiones, impuestos o servicios, estos ser\u00e1n absorbidos en su totalidad por el alumno y en ning\u00fan caso ser\u00e1n abonados por Founderz.<\/li>\n\n\n\n<li>La suscripci\u00f3n a ChatGPT+ o Copilot Pro no es obligatoria.<\/li>\n\n\n\n<li>Los usuarios que deseen adquirir los servicios de ChatGPT+ o Copilot Pro deber\u00e1n gestionar la suscripci\u00f3n por sus propios medios. Founderz no ser\u00e1 responsable del proceso de inscripci\u00f3n o suscripci\u00f3n a ChatGPT+ o Copilot Pro.<\/li>\n\n\n\n<li>Los participantes deber\u00e1n completar el formulario para solicitar el reembolso, que encontrar\u00e1n en su perfil de alumno en la plataforma de Founderz, hasta el d\u00eda 15 de mayo de 2026. Pasado este plazo, perder\u00e1n todo derecho a reclamar el beneficio.<\/li>\n<\/ul>\n\n\n\n<p><strong>Restricciones y exclusiones:<\/strong><\/p>\n\n\n\n<ul class=\"wp-block-list\">\n<li>La promoci\u00f3n no es acumulable con otras ofertas.<\/li>\n\n\n\n<li>Solo es v\u00e1lida para el M\u00e1ster en IA e Innovaci\u00f3n 2026 o Diplomado en IA e Innovaci\u00f3n 2026; ning\u00fan otro producto o servicio est\u00e1 incluido.<\/li>\n\n\n\n<li>Cada participante puede solicitar el reembolso \u00fanicamente una vez. Si se detectan duplicaciones en las solicitudes, se optar\u00e1 por usar la \u00faltima solicitud.<\/li>\n\n\n\n<li>No se aceptar\u00e1n solicitudes despu\u00e9s del 15 de mayo de 2026.<\/li>\n\n\n\n<li>Toda solicitud incompleta ser\u00e1 autom\u00e1ticamente rechazada y el participante perder\u00e1 todo derecho a reclamar el beneficio.<\/li>\n<\/ul>\n\n\n\n<p><strong>Proceso para el reembolso de ChatGPT+ <\/strong>o Copilot Pro<strong>:<\/strong><\/p>\n\n\n\n<ol class=\"wp-block-list\">\n<li>El alumno debe inscribirse en el programa durante el per\u00edodo de vigencia de la promoci\u00f3n.<\/li>\n\n\n\n<li>Una vez inscrito, debe completar sus datos en la plataforma de estudios de Founderz. Toda solicitud con datos incompletos ser\u00e1 rechazada y cancelada.<\/li>\n\n\n\n<li>Desde su perfil de alumno (ubicado en la esquina superior derecha de la plataforma), ver\u00e1 un bot\u00f3n amarillo que lo llevar\u00e1 al formulario para realizar la solicitud del reembolso.<\/li>\n\n\n\n<li>El alumno tendr\u00e1 hasta el d\u00eda 15 de mayo de 2026, a las 23:59 (hora de Madrid), para completar este formulario. Pasado este plazo, no podr\u00e1 reclamar el beneficio.<\/li>\n\n\n\n<li>Los reembolsos se procesar\u00e1n a partir del 17 de mayo de 2026 y podr\u00edan demorar hasta 10 d\u00edas h\u00e1biles en reflejarse en la cuenta bancaria del alumno.<\/li>\n<\/ol>\n\n\n\n<p><strong>Notas importantes del proceso de reembolso:<\/strong><\/p>\n\n\n\n<ul class=\"wp-block-list\">\n<li>Los alumnos deben contratar el servicio de ChatGPT+ o Copilot Pro por sus propios medios; esto es independiente del proceso de reembolso.<\/li>\n\n\n\n<li>Las inscripciones realizadas por empresas y\/o bonificadas por Fundae no tendr\u00e1n derecho al reembolso.<\/li>\n\n\n\n<li>Founderz no se hace responsable por los datos otorgados por los participantes. Se realizar\u00e1 el reembolso a la cuenta e informaci\u00f3n que el participante comparta en el formulario.<\/li>\n<\/ul>\n\n\n\n<p><strong>Pol\u00edtica de cancelaci\u00f3n:<\/strong><\/p>\n\n\n\n<p>Si un alumno solicita la cancelaci\u00f3n de su inscripci\u00f3n en el programa, perder\u00e1 autom\u00e1ticamente el derecho a recibir el reembolso.<\/p>\n\n\n\n<p>Si cancela su inscripci\u00f3n en el programa una vez terminada la oferta y habiendo recibido el reembolso de ChatGPT+ o Copilot Pro, recibir\u00e1 el reembolso del programa MENOS el reembolso de ChatGPT+ o Copilot Pro. Sumando entre ambos el monto total del programa en el momento de la compra.<\/p>\n\n\n\n<p><strong>Jurisdicci\u00f3n:<\/strong><\/p>\n\n\n\n<p>Cualquier disputa derivada de la promoci\u00f3n ser\u00e1 resuelta en los tribunales de Barcelona, Espa\u00f1a.<\/p>\n","protected":false},"excerpt":{"rendered":"<p>\u00daltima revisi\u00f3n: 31 de marzo de 2026 Promoci\u00f3n \u00abLanzamiento M\u00e1ster IA para Creativos Edici\u00f3n 2026\u00bb Vigencia de la promoci\u00f3n: La promoci\u00f3n estar\u00e1 disponible exclusivamente entre el 15 de abril y el 21 de abril de 2026. \u00c1mbito geogr\u00e1fico: Podr\u00e1n participar personas de cualquier pa\u00eds, siempre que completen su inscripci\u00f3n en nuestra p\u00e1gina web www.founderz.com dentro [&hellip;]<\/p>\n","protected":false},"author":19,"featured_media":0,"parent":25898,"menu_order":0,"comment_status":"closed","ping_status":"closed","template":"templates\/legal-2025.php","meta":{"_acf_changed":false,"inline_featured_image":false,"footnotes":""},"team_owner":[],"class_list":["post-43713","page","type-page","status-publish","hentry"],"acf":[],"_links":{"self":[{"href":"https:\/\/founderz.com\/es\/wp-json\/wp\/v2\/pages\/43713","targetHints":{"allow":["GET"]}}],"collection":[{"href":"https:\/\/founderz.com\/es\/wp-json\/wp\/v2\/pages"}],"about":[{"href":"https:\/\/founderz.com\/es\/wp-json\/wp\/v2\/types\/page"}],"author":[{"embeddable":true,"href":"https:\/\/founderz.com\/es\/wp-json\/wp\/v2\/users\/19"}],"replies":[{"embeddable":true,"href":"https:\/\/founderz.com\/es\/wp-json\/wp\/v2\/comments?post=43713"}],"version-history":[{"count":1,"href":"https:\/\/founderz.com\/es\/wp-json\/wp\/v2\/pages\/43713\/revisions"}],"predecessor-version":[{"id":147177,"href":"https:\/\/founderz.com\/es\/wp-json\/wp\/v2\/pages\/43713\/revisions\/147177"}],"up":[{"embeddable":true,"href":"https:\/\/founderz.com\/es\/wp-json\/wp\/v2\/pages\/25898"}],"wp:attachment":[{"href":"https:\/\/founderz.com\/es\/wp-json\/wp\/v2\/media?parent=43713"}],"wp:term":[{"taxonomy":"team_owner","embeddable":true,"href":"https:\/\/founderz.com\/es\/wp-json\/wp\/v2\/team_owner?post=43713"}],"curies":[{"name":"wp","href":"https:\/\/api.w.org\/{rel}","templated":true}]}}