{"id":61996,"date":"2025-09-23T13:00:51","date_gmt":"2025-09-23T11:00:51","guid":{"rendered":"https:\/\/founderz.com\/?page_id=61996"},"modified":"2025-09-24T11:03:52","modified_gmt":"2025-09-24T09:03:52","slug":"servicio-canario-de-salud","status":"publish","type":"page","link":"https:\/\/founderz.com\/es\/aifundamentals\/servicio-canario-de-salud\/","title":{"rendered":"AI Health Fundamentals &#8211; Servicio Canario de Salud"},"content":{"rendered":"","protected":false},"excerpt":{"rendered":"","protected":false},"author":41,"featured_media":0,"parent":37919,"menu_order":0,"comment_status":"closed","ping_status":"closed","template":"templates\/program-aiskills4women.php","meta":{"_acf_changed":false,"inline_featured_image":false,"footnotes":""},"team_owner":[],"class_list":["post-61996","page","type-page","status-publish","hentry"],"acf":{"colab":47600,"colab_2":"","hero":{"image":35900,"title":"<h1>AI Health Fundamentals<\/h1>","description":"Descubre c\u00f3mo la IA est\u00e1 transformando la salud, desde la gesti\u00f3n cl\u00ednica hasta el diagn\u00f3stico, con este curso gratuito.<!-- notionvc: c3faac23-c15a-4cd6-b52c-83f3f56b5f5f -->","partner":{"text":"en colaboraci\u00f3n con","image":32426,"link":""},"secondary_partners":null,"button":{"text":"Inscr\u00edbete hoy","link":"https:\/\/learn.founderz.com\/signup\/guest\/ai-fundamentals-servicio-canario-de-salud\/essscan"},"outro":""},"features":{"pre_title":"Por qu\u00e9 formarse en","title":"IA aplicada a la salud","subtitle":"Desde la mejora del diagn\u00f3stico y tratamiento hasta la personalizaci\u00f3n del cuidado del paciente.","items":[{"pre_title":"M\u00e1s del","number":"30%","subtitle":"de aumento en la precisi\u00f3n de los diagn\u00f3sticos debido al uso de la IA.\r\n(Universidad de Stanford)","label":""},{"pre_title":"Entre el","number":"40%-50%","subtitle":"de mejora de la eficiencia terap\u00e9utica por la personalizaci\u00f3n de tratamientos.\r\n(Nature)","label":""},{"pre_title":"Casi el","number":"50%","subtitle":"de reducci\u00f3n de los costos en atenci\u00f3n m\u00e9dica gracias a la IA.\r\n(McKinsey)","label":""}],"video_title":"","video":"","related_videos":{"title":"","items":null}},"cta_basic":{"title":"Inscr\u00edbete hoy","subtitle":"<p style=\"text-align: center;\">Aprende sobre IA aplicada al sector salud en este curso gratuito 100% online y de <strong>6 horas de duraci\u00f3n<\/strong>.<\/p>","button":{"title":"Inscr\u00edbete hoy","link":"","url":"https:\/\/learn.founderz.com\/signup\/guest\/ai-fundamentals-servicio-canario-de-salud\/essscan"}},"learn":{"title":"Qu\u00e9 aprender\u00e1s","video_image":26659,"video":"","teacher":"","items":[{"text":"<p class=\"article-program__descr\">Aprende los fundamentos de Machine Learning, Deep Learning y LLM aplicados al entorno sanitario.<!-- notionvc: 972782c6-04c2-49c6-9bd4-27747aba53b3 --><\/p>"},{"text":"Domina el Prompt Engineering y saca el m\u00e1ximo partido a herramientas como ChatGPT y Microsoft Copilot en tu d\u00eda a d\u00eda cl\u00ednico.<!-- notionvc: 28d07f67-36de-4a7f-a797-94d14718969f -->"},{"text":"Explora casos reales de IA en imagen m\u00e9dica, enfermedades cr\u00f3nicas, oncolog\u00eda y neurolog\u00eda.<!-- notionvc: eb5ed47d-43aa-4917-9196-b0edb2c5e593 -->"},{"text":"Mejora la eficiencia en la gesti\u00f3n sanitaria con soluciones basadas en IA.<!-- notionvc: 39f3d355-eb03-4223-b114-35c0904735ba -->"},{"text":"Aplica la IA generativa en la pr\u00e1ctica m\u00e9dica: integraci\u00f3n con historiales cl\u00ednicos y asistentes inteligentes.<!-- notionvc: e333d5bc-510e-4c84-a3bd-252a6b1afeaa -->"},{"text":"Conoce los avances m\u00e1s recientes en diagn\u00f3stico asistido por IA y medicina de precisi\u00f3n.<!-- notionvc: b89d330e-81e7-4241-ac80-e4c66378372a -->"},{"text":"Garantiza una implementaci\u00f3n \u00e9tica, segura y responsable de la IA en entornos sanitarios.<!-- notionvc: e2deed1a-5af6-4922-8722-a7bf41dbf1d6 -->"}]},"form":{"title":"","form":{"title":"","features":[{"icon":"","title":"","description":""},{"icon":"","title":"","description":""}]}},"certification":{"img":33274,"title":"Credencial oficial de Microsoft","subtitle":"Al completar el curso, recibir\u00e9is una credencial oficial de Microsoft, exportable a LinkedIn.","button":{"title":"Empieza hoy","link":"https:\/\/learn.founderz.com\/signup\/guest\/ai-fundamentals-servicio-canario-de-salud\/essscan"}},"cta":{"bg":"","title":"","subtitle":"","button":{"title":"","link":""}},"syllabus":{"active":true,"title":"Temario","background_color":"#000","items":[47624]},"professors":{"title":"Conoce a tus profesores","items":[27369,27272,27352,27422,27420,27417,27416,27252,27330,27357,27257,47629,27314,27267],"button":{"title":"Empieza hoy","link":"https:\/\/learn.founderz.com\/signup\/guest\/ai-fundamentals-servicio-canario-de-salud\/essscan"}},"cta_final":{"title":"","subtitle":"","logos":null,"button":{"title":"","link":""}},"form_fields":{"name":{"label":"","text":""},"last_name":{"label":"","text":""},"email":{"label":"","text":""},"btn_text":"","terms":"","second_terms":"","sign_up_text":"","sign_up_text_second":"","programa":"","outro":""},"error":{"icon":43947,"title":"Este email ya est\u00e1 registrado en nuestro sistema","subtitle":"Prueba a iniciar sesi\u00f3n o int\u00e9ntalo de nuevo con una direcci\u00f3n de correo electr\u00f3nico diferente","buttons":[{"title":"Iniciar sesi\u00f3n","link":"https:\/\/learn.founderz.com\/login?program_slug=ai-fundamentals-servicio-canario-de-salud\/essscan"},{"title":"Intentar de nuevo","link":"https:\/\/founderz.com\/es\/aifundamentals\/servicio-canario-de-salud\/"}]},"hs_meta":{"program_id":"","program_edition":"0","program_name":""},"custom_code":{"code":""},"allowed_emails":""},"_links":{"self":[{"href":"https:\/\/founderz.com\/es\/wp-json\/wp\/v2\/pages\/61996","targetHints":{"allow":["GET"]}}],"collection":[{"href":"https:\/\/founderz.com\/es\/wp-json\/wp\/v2\/pages"}],"about":[{"href":"https:\/\/founderz.com\/es\/wp-json\/wp\/v2\/types\/page"}],"author":[{"embeddable":true,"href":"https:\/\/founderz.com\/es\/wp-json\/wp\/v2\/users\/41"}],"replies":[{"embeddable":true,"href":"https:\/\/founderz.com\/es\/wp-json\/wp\/v2\/comments?post=61996"}],"version-history":[{"count":0,"href":"https:\/\/founderz.com\/es\/wp-json\/wp\/v2\/pages\/61996\/revisions"}],"up":[{"embeddable":true,"href":"https:\/\/founderz.com\/es\/wp-json\/wp\/v2\/pages\/37919"}],"wp:attachment":[{"href":"https:\/\/founderz.com\/es\/wp-json\/wp\/v2\/media?parent=61996"}],"wp:term":[{"taxonomy":"team_owner","embeddable":true,"href":"https:\/\/founderz.com\/es\/wp-json\/wp\/v2\/team_owner?post=61996"}],"curies":[{"name":"wp","href":"https:\/\/api.w.org\/{rel}","templated":true}]}}