{"id":75898,"date":"2025-02-11T11:11:00","date_gmt":"2025-02-11T10:11:00","guid":{"rendered":"https:\/\/founderz.com\/ai-skills-4-women\/"},"modified":"2026-03-23T22:04:46","modified_gmt":"2026-03-23T21:04:46","slug":"ai-skills-4-women","status":"publish","type":"page","link":"https:\/\/founderz.com\/es\/ai-skills-4-women\/","title":{"rendered":"AI Skills 4 Women"},"content":{"rendered":"","protected":false},"excerpt":{"rendered":"<p>Un curso gratuito dise\u00f1ado para mujeres en IA. Adquiere habilidades esenciales, con\u00e9ctate con una comunidad de apoyo y explora las oportunidades profesionales. <\/p>\n","protected":false},"author":41,"featured_media":74398,"parent":0,"menu_order":0,"comment_status":"closed","ping_status":"closed","template":"templates\/program-aiskills4women.php","meta":{"_acf_changed":false,"inline_featured_image":false,"footnotes":""},"team_owner":[],"class_list":["post-75898","page","type-page","status-publish","has-post-thumbnail","hentry"],"acf":{"colab":50674,"colab_2":"","hero":{"image":74383,"title":"<h1>Marca el camino.\r\nAprende IA.<\/h1>","description":"Con nuestro curso gratuito\r\nAI Skills 4 Women.","partner":{"text":"","image":"","link":""},"secondary_partners":null,"button":{"text":"","link":""},"outro":""},"features":{"pre_title":"Inscr\u00edbete hoy gratis.","title":"AI Skills 4 Women","subtitle":"<p style=\"text-align: center;\">Explora el potencial de la inteligencia artificial, crece junto a otras mujeres y crea nuevas oportunidades para ti y para quienes te sigan.<\/p>","items":[{"pre_title":"S\u00f3lo","number":"12%","subtitle":"de los investigadores de IA\r\nson mujeres.","label":"UNESCO"},{"pre_title":"Menos de","number":"22%","subtitle":"de los profesionales de la IA\r\nson mujeres.","label":"FEM"},{"pre_title":"S\u00f3lo","number":"24%","subtitle":"de los puestos de profesor de IA\r\nest\u00e1n ocupados por mujeres.","label":"Informe sobre el \u00cdndice de IA 2024"}],"video_title":" Descubre las historias de mujeres que ya se han unido a este curso y est\u00e1n forjando su propio camino en IA.","video":"https:\/\/player.vimeo.com\/video\/1096404027","related_videos":{"title":"Conoce a las inspiradoras mujeres de todo el mundo que han estado en el centro de este viaje: imparables, audaces y liderando el camino.","items":[{"img":54873,"name":"Birgitta","text":"Tras trabajar unos a\u00f1os en tecnolog\u00eda hotelera y dirigir su propia marca de ropa deportiva y yoga, Birgitta se apunt\u00f3 al programa Founderz \u00d7 Microsoft AI Skills for Women y le encant\u00f3 su formato de aprendizaje en cualquier momento y su comunidad de apoyo. Le ayud\u00f3 a crear el prototipo de \"Kinetic Verve\", una aplicaci\u00f3n de entrenamiento de yoga potenciada por IA y libre de prejuicios, y la dej\u00f3 entusiasmada por el rumbo que la IA puede tomar en su carrera. ","video":"https:\/\/player.vimeo.com\/video\/1096982729"},{"img":54889,"name":"Jiayao","text":"Estudiante de m\u00e1ster en la Universidad de Barcelona que trabaja en la encrucijada de la salud mental, la realidad mixta y la inclusividad. Jiayao llama al curso su \"billete hacia el futuro\". Aument\u00f3 su confianza para crear herramientas de IA inclusivas y reales que empoderen a las personas, y reforz\u00f3 su convicci\u00f3n de que las mujeres deben estar en todas las mesas tecnol\u00f3gicas.    ","video":"https:\/\/player.vimeo.com\/video\/1096982782"},{"img":54905,"name":"Irene","text":"Irene, nacida en Caracas y criada en California y Nueva York, dio el salto de trabajar con tecnolog\u00eda a construir con ella tras ver el anuncio del programa durante el Mes de la Historia de la Mujer. Ahora escribe c\u00f3digo y lanza SOMOS, un rastreador de noticias en tiempo real, multiling\u00fce y con IA para Am\u00e9rica Latina, y afirma que el programa encendi\u00f3 la motivaci\u00f3n que necesitaba para convertir su idea en un negocio. ","video":"https:\/\/player.vimeo.com\/video\/1096982858"}]}},"cta_basic":{"title":"S\u00e9 el futuro de la IA","subtitle":"<p style=\"text-align: center;\">En la edici\u00f3n de 2025, se ha formado a m\u00e1s <strong>de<\/strong> <strong>57.000 mujeres<\/strong> de <strong>m\u00e1s de 30 pa\u00edses<\/strong>, y se han<strong>concedido 150 becas<\/strong> para el Programa de Certificaci\u00f3n en IA e Innovaci\u00f3n. Ahora es tu turno: \u00fanete a la comunidad y ten la oportunidad de ganar una beca.<\/p>","button":{"title":"Reg\u00edstrate gratis","link":"form","url":""}},"learn":{"title":"Lo que aprender\u00e1s","video_image":74268,"video":"https:\/\/player.vimeo.com\/video\/1139960729","teacher":"","items":[{"text":"<strong>Fundamentos de la IA:<\/strong> Aprende los fundamentos de la inteligencia artificial."},{"text":"<strong>Aplicaciones pr\u00e1cticas:<\/strong> Descubre casos de uso en el mundo real."},{"text":"<strong>Ingenier\u00eda y \u00e9tica prontas:<\/strong> Domina las interacciones de la IA con responsabilidad."},{"text":"<strong>Ciberseguridad de la IA y An\u00e1lisis de Datos:<\/strong> Habilidades esenciales para el futuro."},{"text":"<strong>Liderazgo y tutor\u00eda:<\/strong> Haz crecer tu carrera con la orientaci\u00f3n de expertos en IA."}]},"form":{"title":"<h2 style=\"text-align: center;\">Tu viaje hacia la IA empieza ahora<\/h2>","form":{"title":"\u00danete a una comunidad de mujeres que forjan el futuro.\r\nBecas limitadas disponibles. \u00a1No pierdas tu oportunidad!","features":[{"icon":33184,"title":"Duraci\u00f3n","description":"3 horas"},{"icon":33180,"title":"Modo","description":"100% online"}]}},"certification":{"img":33271,"title":"Credencial oficial de Microsoft","subtitle":"Al finalizar el curso, recibir\u00e1s una Credencial Oficial de Microsoft, que podr\u00e1s compartir en LinkedIn.","button":{"title":"Reg\u00edstrate gratis","link":"formulario"}},"cta":{"bg":73999,"title":"<h2>Supera el desaf\u00edo final.\r\nConsigue una beca AI.<\/h2>","subtitle":"<div class=\"ewa-rteLine\" style=\"text-align: left;\">Demuestra tus habilidades en el desaf\u00edo final del curso y recibe una de las <strong>150 becas de Founderz &amp; Microsoft<\/strong> para un <strong>programa online de 3 meses en IA &amp;Innovaci\u00f3n<\/strong><\/div>","button":{"title":"Reg\u00edstrate gratis","link":"formulario"}},"syllabus":{"active":false,"title":"","background_color":"#000","items":""},"professors":{"title":"Conoce a tus instructoras","items":[34036,73613,34154,34299,33971,33984,34209,34214,34060,34062],"button":{"title":"Reg\u00edstrate gratis","link":"formulario"}},"cta_final":{"title":"<h2>Conoce a nuestras embajadoras<\/h2>","subtitle":"<p style=\"text-align: center;\">Junto con nuestros incre\u00edbles partners, podemos empoderar a m\u00e1s mujeres en todo el mundo a trav\u00e9s de la educaci\u00f3n en IA.<\/p>","logos":[{"img":135771},{"img":85578},{"img":85296},{"img":85318},{"img":85340},{"img":139924},{"img":34549},{"img":44762},{"img":84874},{"img":86040},{"img":136688},{"img":86093},{"img":139952},{"img":139844},{"img":139536},{"img":139692},{"img":139582},{"img":141017},{"img":141143},{"img":141198},{"img":78363},{"img":142818}],"button":{"title":"Hazte partner","link":"mailto:aiskills4women@founderz.com"}},"form_fields":{"name":{"label":"Nombre","text":"Laura"},"last_name":{"label":"Apellidos","text":"Smith"},"email":{"label":"Correo electr\u00f3nico","text":"example@outlook.com"},"btn_text":"Reg\u00edstrate gratis","terms":"Acepto los T\u00e9rminos y Condiciones y la Pol\u00edtica de Privacidad <a href=\"https:\/\/founderz.com\/terms-and-conditions\/\">Leer aqu\u00ed<\/a>","second_terms":"","sign_up_text":"Inicia sesi\u00f3n","sign_up_text_second":"\u00bfYa tienes una cuenta?","programa":"https:\/\/learn.founderz.com\/signup\/guest\/ai-skills-4-women","outro":""},"error":{"icon":34328,"title":"Correo electr\u00f3nico ya registrado","subtitle":"Este correo electr\u00f3nico ya est\u00e1 registrado en nuestro sistema. Puedes intentar iniciar sesi\u00f3n con tu cuenta existente o utilizar una direcci\u00f3n de correo electr\u00f3nico diferente. ","buttons":[{"title":"Iniciar sesi\u00f3n","link":"https:\/\/learn.founderz.com\/login?program_slug=ai-skills-4-women"},{"title":"Int\u00e9ntalo de nuevo","link":"https:\/\/founderz.com\/es\/ai-skills-4-women\/"}]},"hs_meta":{"program_id":"","program_edition":"0","program_name":""},"custom_code":{"code":""},"allowed_emails":""},"_links":{"self":[{"href":"https:\/\/founderz.com\/es\/wp-json\/wp\/v2\/pages\/75898","targetHints":{"allow":["GET"]}}],"collection":[{"href":"https:\/\/founderz.com\/es\/wp-json\/wp\/v2\/pages"}],"about":[{"href":"https:\/\/founderz.com\/es\/wp-json\/wp\/v2\/types\/page"}],"author":[{"embeddable":true,"href":"https:\/\/founderz.com\/es\/wp-json\/wp\/v2\/users\/41"}],"replies":[{"embeddable":true,"href":"https:\/\/founderz.com\/es\/wp-json\/wp\/v2\/comments?post=75898"}],"version-history":[{"count":1,"href":"https:\/\/founderz.com\/es\/wp-json\/wp\/v2\/pages\/75898\/revisions"}],"predecessor-version":[{"id":141002,"href":"https:\/\/founderz.com\/es\/wp-json\/wp\/v2\/pages\/75898\/revisions\/141002"}],"wp:featuredmedia":[{"embeddable":true,"href":"https:\/\/founderz.com\/es\/wp-json\/wp\/v2\/media\/74398"}],"wp:attachment":[{"href":"https:\/\/founderz.com\/es\/wp-json\/wp\/v2\/media?parent=75898"}],"wp:term":[{"taxonomy":"team_owner","embeddable":true,"href":"https:\/\/founderz.com\/es\/wp-json\/wp\/v2\/team_owner?post=75898"}],"curies":[{"name":"wp","href":"https:\/\/api.w.org\/{rel}","templated":true}]}}