{"id":139832,"date":"2026-03-02T21:22:05","date_gmt":"2026-03-02T20:22:05","guid":{"rendered":"https:\/\/founderz.com\/?page_id=139832"},"modified":"2026-03-06T13:56:28","modified_gmt":"2026-03-06T12:56:28","slug":"mimmit-koodaa","status":"publish","type":"page","link":"https:\/\/founderz.com\/fi\/ai-skills-4-women\/mimmit-koodaa\/","title":{"rendered":"AI Skills 4 Women | Mimmit Koodaa"},"content":{"rendered":"","protected":false},"excerpt":{"rendered":"","protected":false},"author":41,"featured_media":74389,"parent":74341,"menu_order":0,"comment_status":"closed","ping_status":"closed","template":"templates\/program-aiskills4women.php","meta":{"_acf_changed":false,"inline_featured_image":false,"footnotes":""},"team_owner":[1633],"class_list":["post-139832","page","type-page","status-publish","has-post-thumbnail","hentry"],"acf":{"colab":50675,"colab_2":"","hero":{"image":74389,"title":"<h1>Ole suunnann\u00e4ytt\u00e4j\u00e4.\r\nOpi hy\u00f6dynt\u00e4m\u00e4\u00e4n teko\u00e4ly\u00e4.<\/h1>","description":"AI Skills 4 Women,\r\nmaksuton kurssi.","partner":{"text":"","image":"","link":""},"secondary_partners":[140028,139836],"button":{"text":"","link":""},"outro":""},"features":{"pre_title":"Ilmoittaudu t\u00e4n\u00e4\u00e4n maksutta.","title":"AI Skills 4 Women","subtitle":"<p style=\"text-align: center;\">Tutustu teko\u00e4lyn mahdollisuuksiin, kasva yhdess\u00e4 muiden naisten kanssa ja luo uusia mahdollisuuksia itsellesi sek\u00e4 tuleville sukupolville.<\/p>","items":[{"pre_title":"Vain","number":"12%","subtitle":"teko\u00e4lytutkijoista\r\non naisia.","label":"UNESCO"},{"pre_title":"Alle","number":"22%","subtitle":"teko\u00e4lyalan ammattilaisista\r\non naisia.","label":"WEF"},{"pre_title":"Vain","number":"24%","subtitle":"teko\u00e4lyn opettaja- ja\r\ntutkijavirkateht\u00e4viss\u00e4 on naisia.","label":"AI-indeksiraportti 2024"}],"video_title":"Tutustu tarinoihin naisista, jotka ovat jo osallistuneet t\u00e4lle kurssille ja raivaavat omaa polkuaan teko\u00e4lyn alalla.","video":"https:\/\/player.vimeo.com\/video\/1096404027","related_videos":{"title":"Tutustu ymp\u00e4ri maailmaa inspiroiviin naisiin, jotka ovat jo kulkeneet t\u00e4m\u00e4n matkan: rohkeasti ja tiet\u00e4 n\u00e4ytt\u00e4en.","items":[{"img":54873,"name":"Birgitta","text":"Ty\u00f6skennelty\u00e4\u00e4n muutaman vuoden hotelliteknologian parissa ja johdettuaan omaa urheiluvaate- ja joogamerkki\u00e4, Birgitta hypp\u00e4si mukaan Founderz \u00d7 Microsoft AI Skills for Women -ohjelmaan. H\u00e4n ihastui sen joustavaan oppimismuotoon ja tukevaan yhteis\u00f6\u00f6n. Ohjelma auttoi h\u00e4nt\u00e4 luomaan ensimm\u00e4isen version \u201cKinetic Verve\u201d -sovelluksesta, joka on teko\u00e4lypohjainen ja tuomitsematon joogan opetussovellus. Ohjelma sai h\u00e4net innostumaan siit\u00e4, miten teko\u00e4ly voi edist\u00e4\u00e4 h\u00e4nen uraansa.","video":"https:\/\/player.vimeo.com\/video\/1096982729"},{"img":54889,"name":"Jiayao","text":"Barcelonan yliopiston maisteriopiskelija, joka ty\u00f6skentelee mielenterveyden, Mixed Realityn (MR) ja inklusiivisuuden risteyskohdassa. Jiayao kutsuu kurssia \u201dlipuksi tulevaisuuteen\u201d. Se vahvisti h\u00e4nen luottamustaan rakentaa inklusiivisia, aidon el\u00e4m\u00e4n teko\u00e4lyty\u00f6kaluja, jotka voimaannuttavat ihmisi\u00e4 ja vahvistavat h\u00e4nen uskoaan siihen, ett\u00e4 naisilla on paikkansa kaikilla teknologian osa-alueilla.","video":"https:\/\/player.vimeo.com\/video\/1096982782"},{"img":54905,"name":"Irene","text":"Caracasissa syntynyt Irene kasvoi Kaliforniassa ja New Yorkissa. H\u00e4n siirtyi teknologian parissa ty\u00f6skentelyst\u00e4 sen kehitt\u00e4miseen n\u00e4hty\u00e4\u00e4n ohjelman mainoksen Women\u2019s History Month -kuukauden aikana. H\u00e4n kirjoittaa nyt koodia ja esittelee SOMOS:ta, joka on teko\u00e4lypohjainen, monikielinen ja reaaliaikainen Latinalaisen Amerikan uutisten seurantasovellus. H\u00e4n sanoo, ett\u00e4 ohjelma sytytti motivaation, jota h\u00e4n tarvitsi muuttaakseen ideansa liiketoiminnaksi.","video":"https:\/\/player.vimeo.com\/video\/1096982858"}]}},"cta_basic":{"title":"Ole teko\u00e4lyn tulevaisuus","subtitle":"<p style=\"text-align: center;\">Vuoden 2025 ohjelmassa koulutettiin yli <strong>57 000 naista<\/strong> yli <strong>30 maassa<\/strong> ja <strong>150 stipendi\u00e4<\/strong> my\u00f6nnettiin Teko\u00e4ly- ja innovaatio -sertifikaattiohjelmaan. Nyt on sinun vuorosi: liity yhteis\u00f6\u00f6n ja voit voittaa stipendin.<\/p>","button":{"title":"Rekister\u00f6idy ilmaiseksi","link":"form","url":""}},"learn":{"title":"Mit\u00e4 opit","video_image":74268,"video":"https:\/\/player.vimeo.com\/video\/1139960729","teacher":"","items":[{"text":"<strong>Teko\u00e4lyn perusteet:<\/strong> Opi teko\u00e4lyyn liittyv\u00e4t perusasiat."},{"text":"<strong>K\u00e4yt\u00e4nn\u00f6n sovellukset:<\/strong> Tutustu todellisiin k\u00e4ytt\u00f6tapauksiin."},{"text":"<strong>Kehotesuunnittelu ja etiikka:<\/strong> Hallitse vastuullinen teko\u00e4lyn k\u00e4ytt\u00f6."},{"text":"<strong>Teko\u00e4lyn kyberturvallisuus ja data-analytiikka:<\/strong> Keskeiset taidot tulevaisuutta varten."},{"text":"<strong>Johtaminen ja mentorointi:<\/strong> Edist\u00e4 uraasi teko\u00e4lyasiantuntijoiden opastuksella."}]},"form":{"title":"<h2 style=\"text-align: center;\">Teko\u00e4lymatkasi alkaa nyt<\/h2>","form":{"title":"Liity tulevaisuutta muuttavien naisten yhteis\u00f6\u00f6n.\r\nStipendej\u00e4 on saatavilla rajoitetusti. \u00c4l\u00e4 hukkaa tilaisuutta!","features":[{"icon":33184,"title":"Kesto","description":"3 tuntia"},{"icon":33180,"title":"Tapa","description":"100% verkossa"}]}},"certification":{"img":33271,"title":"Virallinen Microsoft-sertifikaatti","subtitle":"Kun olet suorittanut kurssin, saat virallisen Microsoft-sertifikaatin, jonka voit jakaa LinkedIniss\u00e4.","button":{"title":"Rekister\u00f6idy ilmaiseksi","link":"form"}},"cta":{"bg":73999,"title":"<h2>L\u00e4p\u00e4ise loppuhaaste.<\/h2>","subtitle":"<div class=\"ewa-rteLine\" style=\"text-align: left;\">N\u00e4yt\u00e4 taitosi kurssin loppuhaasteessa ja voita yksi Founderz &amp; Microsoftin 150 stipendist\u00e4. Stipendi oikeuttaa 3 kuukauden mittaiseen Teko\u00e4ly ja innovaatio -verkkokurssiin.<\/div>","button":{"title":"Rekister\u00f6idy ilmaiseksi","link":"form"}},"syllabus":{"active":false,"title":"","background_color":"#000","items":""},"professors":{"title":"Tapaa ohjaajasi","items":[34036,73613,34154,34299,33971,33984,34209,34214,34060,34062],"button":{"title":"Rekister\u00f6idy ilmaiseksi","link":"form"}},"cta_final":{"title":"","subtitle":"","logos":null,"button":{"title":"","link":""}},"form_fields":{"name":{"label":"Etunimi","text":"Laura"},"last_name":{"label":"Sukunimi","text":"Smith"},"email":{"label":"S\u00e4hk\u00f6posti","text":"example@outlook.com"},"btn_text":"Rekister\u00f6idy ilmaiseksi","terms":"Hyv\u00e4ksyn k\u00e4ytt\u00f6ehdot ja tietosuojak\u00e4yt\u00e4nn\u00f6n <a href=\"https:\/\/founderz.com\/terms-and-conditions\/\">Lue t\u00e4\u00e4lt\u00e4.<\/a>","second_terms":"","sign_up_text":"Kirjaudu sis\u00e4\u00e4n","sign_up_text_second":"Onko sinulla jo tili?","programa":"https:\/\/learn.founderz.com\/signup\/guest\/ai-skills-4-women","outro":""},"error":{"icon":34328,"title":"S\u00e4hk\u00f6posti jo rekister\u00f6itynyt","subtitle":"T\u00e4m\u00e4 s\u00e4hk\u00f6postiosoite on jo rekister\u00f6ity j\u00e4rjestelm\u00e4\u00e4mme. Voit yritt\u00e4\u00e4 kirjautua sis\u00e4\u00e4n olemassa olevalla tilill\u00e4si tai k\u00e4ytt\u00e4\u00e4 toista s\u00e4hk\u00f6postiosoitetta. ","buttons":[{"title":"Kirjaudu sis\u00e4\u00e4n","link":"https:\/\/learn.founderz.com\/login?program_slug=ai-skills-4-women?ws=mimmit-koodaa"},{"title":"Yrit\u00e4 uudelleen","link":"https:\/\/founderz.com\/fi\/ai-skills-4-women\/mimmit-koodaa\/"}]},"hs_meta":{"program_id":"","program_edition":"0","program_name":""},"custom_code":{"code":"<style>\r\n.hero .hero__ft-items {\r\n    flex: 0 0 75%;\r\n}\r\n\r\n.header .header__media-wrapper img.header__media-wrapper__logo--fourth {\r\nmax-width: 120px;\r\n}\r\n<\/style>"},"allowed_emails":""},"_links":{"self":[{"href":"https:\/\/founderz.com\/fi\/wp-json\/wp\/v2\/pages\/139832","targetHints":{"allow":["GET"]}}],"collection":[{"href":"https:\/\/founderz.com\/fi\/wp-json\/wp\/v2\/pages"}],"about":[{"href":"https:\/\/founderz.com\/fi\/wp-json\/wp\/v2\/types\/page"}],"author":[{"embeddable":true,"href":"https:\/\/founderz.com\/fi\/wp-json\/wp\/v2\/users\/41"}],"replies":[{"embeddable":true,"href":"https:\/\/founderz.com\/fi\/wp-json\/wp\/v2\/comments?post=139832"}],"version-history":[{"count":6,"href":"https:\/\/founderz.com\/fi\/wp-json\/wp\/v2\/pages\/139832\/revisions"}],"predecessor-version":[{"id":140116,"href":"https:\/\/founderz.com\/fi\/wp-json\/wp\/v2\/pages\/139832\/revisions\/140116"}],"up":[{"embeddable":true,"href":"https:\/\/founderz.com\/fi\/wp-json\/wp\/v2\/pages\/74341"}],"wp:featuredmedia":[{"embeddable":true,"href":"https:\/\/founderz.com\/fi\/wp-json\/wp\/v2\/media\/74389"}],"wp:attachment":[{"href":"https:\/\/founderz.com\/fi\/wp-json\/wp\/v2\/media?parent=139832"}],"wp:term":[{"taxonomy":"team_owner","embeddable":true,"href":"https:\/\/founderz.com\/fi\/wp-json\/wp\/v2\/team_owner?post=139832"}],"curies":[{"name":"wp","href":"https:\/\/api.w.org\/{rel}","templated":true}]}}