{"id":74341,"date":"2025-02-11T11:11:00","date_gmt":"2025-02-11T10:11:00","guid":{"rendered":"https:\/\/founderz.com\/ai-skills-4-women\/"},"modified":"2026-03-23T22:04:58","modified_gmt":"2026-03-23T21:04:58","slug":"ai-skills-4-women","status":"publish","type":"page","link":"https:\/\/founderz.com\/fi\/ai-skills-4-women\/","title":{"rendered":"AI Skills 4 Women"},"content":{"rendered":"","protected":false},"excerpt":{"rendered":"<p>Ilmaiskurssi, joka on suunniteltu teko\u00e4lyalan naisille. Hanki t\u00e4rkeit\u00e4 taitoja, muodosta yhteys tukevaan yhteis\u00f6\u00f6n ja tutki uramahdollisuuksia. <\/p>\n","protected":false},"author":41,"featured_media":74389,"parent":0,"menu_order":0,"comment_status":"closed","ping_status":"closed","template":"templates\/program-aiskills4women.php","meta":{"_acf_changed":false,"inline_featured_image":false,"footnotes":""},"team_owner":[],"class_list":["post-74341","page","type-page","status-publish","has-post-thumbnail","hentry"],"acf":{"colab":50675,"colab_2":"","hero":{"image":74389,"title":"<h1>Ole suunnann\u00e4ytt\u00e4j\u00e4.\r\nOpi hy\u00f6dynt\u00e4m\u00e4\u00e4n teko\u00e4ly\u00e4.<\/h1>","description":"AI Skills 4 Women,\r\nmaksuton kurssi.","partner":{"text":"","image":"","link":""},"secondary_partners":"","button":{"text":"","link":""},"outro":""},"features":{"pre_title":"Ilmoittaudu t\u00e4n\u00e4\u00e4n maksutta.","title":"AI Skills 4 Women","subtitle":"<p style=\"text-align: center;\">Tutustu teko\u00e4lyn mahdollisuuksiin, kasva muiden naisten rinnalla ja luo uusia mahdollisuuksia itsellesi ja niille, jotka seuraavat sinua.<\/p>","items":[{"pre_title":"Vain","number":"12%","subtitle":"teko\u00e4lytutkijoista\r\non naisia.","label":"UNESCO"},{"pre_title":"Alle","number":"22%","subtitle":"teko\u00e4lyalan ammattilaisista\r\non naisia.","label":"WEF"},{"pre_title":"Vain","number":"24%","subtitle":"teko\u00e4lytutkijoista on naisia.","label":"AI-indeksiraportti 2024"}],"video_title":"Tutustu tarinoihin naisista, jotka ovat jo osallistuneet t\u00e4lle kurssille ja raivaavat omaa polkuaan teko\u00e4lyn alalla.","video":"https:\/\/player.vimeo.com\/video\/1096404027","related_videos":{"title":"Tutustu ymp\u00e4ri maailmaa inspiroiviin naisiin, jotka ovat jo kulkeneet t\u00e4m\u00e4n matkan: rohkeasti ja tiet\u00e4 n\u00e4ytt\u00e4en.","items":[{"img":54873,"name":"Birgitta","text":"Ty\u00f6skennelty\u00e4\u00e4n muutaman vuoden hotelliteknologian parissa ja johdettuaan omaa urheiluvaate- ja joogamerkki\u00e4 Birgitta hypp\u00e4si mukaan Founderz \u00d7 Microsoft AI Skills for Women -ohjelmaan ja ihastui sen oppimismuotoon ja kannustavaan yhteis\u00f6\u00f6n. Ohjelma auttoi h\u00e4nt\u00e4 luomaan prototyypin \"Kinetic Verve\", teko\u00e4lyk\u00e4ytt\u00f6isen tuomitsemattomaan joogavalmennukseen perustuvan sovelluksen, ja sai h\u00e4net innostumaan siit\u00e4, miten teko\u00e4ly voi edist\u00e4\u00e4 h\u00e4nen uraansa.","video":"https:\/\/player.vimeo.com\/video\/1096982729"},{"img":54889,"name":"Jiayao","text":"Barcelonan yliopiston maisteriopiskelija, joka ty\u00f6skentelee mielenterveyden, tehostetun todellisuuden ja osallistamisen risteyskohdassa. Jiayao kutsuu kurssia \"lipuksi tulevaisuuteen\". Se vahvisti h\u00e4nen itseluottamustaan luoda osallistavia tosiel\u00e4m\u00e4n teko\u00e4lyty\u00f6kaluja, jotka voimaannuttavat ihmisi\u00e4, ja lis\u00e4si h\u00e4nen uskoaan siihen, ett\u00e4 naiset kuuluvat jokaiseen teknologiatiimiin.","video":"https:\/\/player.vimeo.com\/video\/1096982782"},{"img":54905,"name":"Irene","text":"Caracasissa syntynyt Irene, joka kasvoi Kaliforniassa ja New Yorkissa, siirtyi tekniikan k\u00e4yt\u00f6st\u00e4 sen luontiin n\u00e4hty\u00e4\u00e4n ohjelman mainoksen Women's History Month -kuukauden aikana. Nyt h\u00e4n kirjoittaa koodia ja myy SOMOSta, joka on teko\u00e4lyk\u00e4ytt\u00f6inen, monikielinen ja reaaliaikainen Latinalaisen Amerikan uutisseurantaohjelma, ja kertoo ohjelman sytytt\u00e4neen h\u00e4nen motivaationsa luoda ideasta liiketoimintaa.","video":"https:\/\/player.vimeo.com\/video\/1096982858"}]}},"cta_basic":{"title":"Ole teko\u00e4lyn tulevaisuus","subtitle":"<p style=\"text-align: center;\">Vuoden 2025 painoksessa yli <strong>57 000 naista<\/strong> yli <strong>30 maassa<\/strong> on koulutettu, ja <strong>150 stipendi\u00e4 on my\u00f6nnetty<\/strong> teko\u00e4ly- ja innovaatiosertifikaattiohjelmaan. Nyt on sinun vuorosi: liity yhteis\u00f6\u00f6n ja saat mahdollisuuden voittaa stipendi.<\/p>","button":{"title":"Rekister\u00f6idy ilmaiseksi","link":"form","url":""}},"learn":{"title":"Mit\u00e4 opit","video_image":74268,"video":"https:\/\/player.vimeo.com\/video\/1139960729","teacher":"","items":[{"text":"<strong>Teko\u00e4lyn perusteet:<\/strong> Opi teko\u00e4lyn perusteet."},{"text":"<strong>K\u00e4yt\u00e4nn\u00f6n sovellukset:<\/strong> Tutustu todellisiin k\u00e4ytt\u00f6tapauksiin."},{"text":"<strong>Kehotesuunnittelu ja etiikka:<\/strong> Hallitse teko\u00e4lyn vuorovaikutusta vastuullisesti."},{"text":"<strong>Teko\u00e4lyn kyberturvallisuus ja data-analytiikka:<\/strong> Keskeiset taidot tulevaisuutta varten."},{"text":"<strong>Johtaminen ja mentorointi:<\/strong> Edist\u00e4 uraasi teko\u00e4lyasiantuntijoiden opastuksella."}]},"form":{"title":"<h2 style=\"text-align: center;\">Teko\u00e4lymatkasi alkaa nyt<\/h2>","form":{"title":"Liity tulevaisuutta muuttavien naisten yhteis\u00f6\u00f6n.\r\nStipendej\u00e4 on saatavilla rajoitetusti. \u00c4l\u00e4 hukkaa tilaisuutta!","features":[{"icon":33184,"title":"Kesto","description":"3 tuntia"},{"icon":33180,"title":"Tapa","description":"100% verkossa"}]}},"certification":{"img":33271,"title":"Virallinen Microsoft-sertifikaatti","subtitle":"Kun olet suorittanut kurssin, saat virallisen Microsoft-sertifikaatin, jonka voit jakaa LinkedIniss\u00e4.","button":{"title":"Rekister\u00f6idy ilmaiseksi","link":"form"}},"cta":{"bg":73999,"title":"<h2>L\u00e4p\u00e4ise loppuhaaste.<\/h2>","subtitle":"<div class=\"ewa-rteLine\" style=\"text-align: left;\">N\u00e4yt\u00e4 taitosi kurssin loppuhaasteessa ja saa yksi 150 stipendist\u00e4 Founderzilta ja Microsoftilta 3 kuukauden verkkokurssille Teko\u00e4ly ja Innovaatio<\/div>","button":{"title":"Rekister\u00f6idy ilmaiseksi","link":"form"}},"syllabus":{"active":false,"title":"","background_color":"#000","items":""},"professors":{"title":"Tapaa ohjaajasi","items":[34036,73613,34154,34299,33971,33984,34209,34214,34060,34062],"button":{"title":"Rekister\u00f6idy ilmaiseksi","link":"form"}},"cta_final":{"title":"<h2>Tapaa l\u00e4hettil\u00e4\u00e4mme<\/h2>","subtitle":"<p style=\"text-align: center;\">Yhdess\u00e4 upeiden kumppaneidemme kanssa voimme voimaannuttaa yh\u00e4 useampia naisia ymp\u00e4ri maailmaa teko\u00e4lykoulutuksen avulla.<\/p>","logos":[{"img":135771},{"img":85578},{"img":85296},{"img":85318},{"img":85340},{"img":139924},{"img":34549},{"img":44762},{"img":84874},{"img":86040},{"img":136688},{"img":86093},{"img":139952},{"img":139844},{"img":139536},{"img":139692},{"img":139582},{"img":141017},{"img":141143},{"img":141198},{"img":78363},{"img":142818}],"button":{"title":"Ryhdy kumppaniksi","link":"mailto:aiskills4women@founderz.com"}},"form_fields":{"name":{"label":"Etunimi","text":"Laura"},"last_name":{"label":"Sukunimi","text":"Smith"},"email":{"label":"S\u00e4hk\u00f6posti","text":"example@outlook.com"},"btn_text":"Rekister\u00f6idy ilmaiseksi","terms":"Hyv\u00e4ksyn k\u00e4ytt\u00f6ehdot ja tietosuojak\u00e4yt\u00e4nn\u00f6n <a href=\"https:\/\/founderz.com\/terms-and-conditions\/\">Lue t\u00e4\u00e4lt\u00e4.<\/a>","second_terms":"","sign_up_text":"Kirjaudu sis\u00e4\u00e4n","sign_up_text_second":"Onko sinulla jo tili?","programa":"https:\/\/learn.founderz.com\/signup\/guest\/ai-skills-4-women","outro":""},"error":{"icon":34328,"title":"S\u00e4hk\u00f6posti jo rekister\u00f6itynyt","subtitle":"T\u00e4m\u00e4 s\u00e4hk\u00f6postiosoite on jo rekister\u00f6ity j\u00e4rjestelm\u00e4\u00e4mme. Voit yritt\u00e4\u00e4 kirjautua sis\u00e4\u00e4n olemassa olevalla tilill\u00e4si tai k\u00e4ytt\u00e4\u00e4 toista s\u00e4hk\u00f6postiosoitetta. ","buttons":[{"title":"Kirjaudu sis\u00e4\u00e4n","link":"https:\/\/learn.founderz.com\/login?program_slug=ai-skills-4-women"},{"title":"Yrit\u00e4 uudelleen","link":"https:\/\/founderz.com\/fi\/ai-skills-4-women\/"}]},"hs_meta":{"program_id":"","program_edition":"0","program_name":""},"custom_code":{"code":""},"allowed_emails":""},"_links":{"self":[{"href":"https:\/\/founderz.com\/fi\/wp-json\/wp\/v2\/pages\/74341","targetHints":{"allow":["GET"]}}],"collection":[{"href":"https:\/\/founderz.com\/fi\/wp-json\/wp\/v2\/pages"}],"about":[{"href":"https:\/\/founderz.com\/fi\/wp-json\/wp\/v2\/types\/page"}],"author":[{"embeddable":true,"href":"https:\/\/founderz.com\/fi\/wp-json\/wp\/v2\/users\/41"}],"replies":[{"embeddable":true,"href":"https:\/\/founderz.com\/fi\/wp-json\/wp\/v2\/comments?post=74341"}],"version-history":[{"count":2,"href":"https:\/\/founderz.com\/fi\/wp-json\/wp\/v2\/pages\/74341\/revisions"}],"predecessor-version":[{"id":139886,"href":"https:\/\/founderz.com\/fi\/wp-json\/wp\/v2\/pages\/74341\/revisions\/139886"}],"wp:featuredmedia":[{"embeddable":true,"href":"https:\/\/founderz.com\/fi\/wp-json\/wp\/v2\/media\/74389"}],"wp:attachment":[{"href":"https:\/\/founderz.com\/fi\/wp-json\/wp\/v2\/media?parent=74341"}],"wp:term":[{"taxonomy":"team_owner","embeddable":true,"href":"https:\/\/founderz.com\/fi\/wp-json\/wp\/v2\/team_owner?post=74341"}],"curies":[{"name":"wp","href":"https:\/\/api.w.org\/{rel}","templated":true}]}}