{"id":52419,"date":"2025-05-23T11:21:29","date_gmt":"2025-05-23T09:21:29","guid":{"rendered":"https:\/\/founderz.com\/ia-4-petites-entreprises\/"},"modified":"2025-06-19T12:41:57","modified_gmt":"2025-06-19T10:41:57","slug":"l-ia-au-service-des-tpe-et-pme","status":"publish","type":"page","link":"https:\/\/founderz.com\/fr\/l-ia-au-service-des-tpe-et-pme\/","title":{"rendered":"L\u00b4IA au service des TPE et PME"},"content":{"rendered":"","protected":false},"excerpt":{"rendered":"","protected":false},"author":41,"featured_media":0,"parent":0,"menu_order":0,"comment_status":"closed","ping_status":"closed","template":"templates\/program-sticky-form.php","meta":{"_acf_changed":false,"inline_featured_image":false,"footnotes":""},"team_owner":[],"class_list":["post-52419","page","type-page","status-publish","hentry"],"acf_all":{"master_id":"false","colab":false,"form_fields":{"name":{"label":"Nom","text":"Laura"},"last_name":{"label":"Nom de famille","text":"Smith"},"email":{"label":"Courrier \u00e9lectronique","text":"example@outlook.com"},"btn_text":"Inscrivez-vous gratuitement","terms":"<p>J&rsquo;accepte les conditions g\u00e9n\u00e9rales et la politique de confidentialit\u00e9. <a href=\"https:\/\/founderz.com\/terms-and-conditions\/\">Lire ici<\/a><\/p>\n","sign_up_text":"S'inscrire","sign_up_text_second":"Vous avez d\u00e9j\u00e0 un compte ?","programa":"https:\/\/learn.founderz.com\/signup\/guest\/ai-for-small-businesses"},"hero":{"image":50687,"title":"<h1>L\u2019IA au service<br \/>\ndes TPE et PME<\/h1>\n","description":"<p>D\u00e9couvrez comment exploiter efficacement l\u2019IA pour d\u00e9cupler votre capacit\u00e9 d\u2019innovation et vous donner un avantage concurrentiel.<\/p>\n","cards":[{"img":49858,"title":"Programme 100% gratuit","description":"Apprenez gratuitement, en b\u00e9n\u00e9ficiant d'un financement et d'un soutien complets."},{"img":49872,"title":"Badge de r\u00e9ussite Microsoft","description":"Obtenez un badge reconnu \u00e0 l'issue de la formation."},{"img":49844,"title":"Inscription ouverte","description":"Rejoignez-nous \u00e0 tout moment et apprenez \u00e0 votre rythme."}],"button":{"title":"Inscrivez-vous gratuitement","link":"formulaire"},"partner":{"text":"en partenariat avec","logo":43827},"hero_min_height":true,"dark_bg":false},"description":{"title":"<h2>L&rsquo;IA au service des <em>99 % restants<\/em><\/h2>\n","subtitle":"<p>L&rsquo;IA devient rapidement un \u00e9l\u00e9ment cl\u00e9 des entreprises de toutes tailles. <strong>Les petites entreprises repr\u00e9sentent 99,2 % de l&rsquo;ensemble des entreprises, et l<\/strong> &lsquo;adoption de l&rsquo;IA est essentielle pour favoriser l&rsquo;efficacit\u00e9, l&rsquo;innovation et la croissance durable.<\/p>\n","video":"https:\/\/player.vimeo.com\/video\/1086094820","img":false,"final_text":"","dark_mode":false},"stats":{"items":[{"number":"78%","subtitle":"<p>Des travailleurs des PME dans le monde utilisent d\u00e9j\u00e0 les outils d&rsquo;Al.<\/p>\n"},{"number":"80%","subtitle":"<p>Des utilisateurs de PME apportent leurs propres outils d&rsquo;IA au travail.<\/p>\n"},{"number":"79%","subtitle":"<p>Des employ\u00e9s des PME consid\u00e8rent les comp\u00e9tences en IA comme la cl\u00e9 de plus d&rsquo;opportunit\u00e9s d&#8217;emploi<\/p>\n"}],"subtitle":"Ces donn\u00e9es sont bas\u00e9es sur les r\u00e9sultats de l'enqu\u00eate du rapport annuel 2024 Work Trend Index."},"cta_basic":{"title":"Lib\u00e9rer le potentiel de l'IA en quelques heures seulement","subtitle":"<p>Le cours montre comment l&rsquo;IA peut am\u00e9liorer les flux de travail et la prise de d\u00e9cision, en fournissant des conseils pratiques sur l&rsquo;utilisation des outils d&rsquo;IA pour les op\u00e9rations quotidiennes, le marketing, la planification financi\u00e8re et plus encore.<\/p>\n","button":{"title":"Inscrivez-vous gratuitement","link":"formulaire"}},"learn":{"title":"Aper\u00e7u du cours","subtitle":"","video_image":49999,"video":"https:\/\/player.vimeo.com\/video\/1086103402?h=b810e41ed8","teacher":[{"ID":52437,"post_author":"41","post_date":"2025-05-23 16:06:15","post_date_gmt":"2025-05-23 14:06:15","post_content":"","post_title":"Sharon Schoenborn","post_excerpt":"","post_status":"publish","comment_status":"closed","ping_status":"closed","post_password":"","post_name":"sharon-schoenborn","to_ping":"","pinged":"","post_modified":"2025-05-23 16:06:15","post_modified_gmt":"2025-05-23 14:06:15","post_content_filtered":"","post_parent":0,"guid":"https:\/\/founderz.com\/reviews\/sharon-schoenborn\/","menu_order":0,"post_type":"reviews","post_mime_type":"","comment_count":"0","filter":"raw"}],"items":[{"text":"<p><strong>Les fondements de l&rsquo;IA :<\/strong> histoire et perspectives strat\u00e9giques<\/p>\n"},{"text":"<p><strong>Pratique :<\/strong> Premiers pas avec Al Prompting<\/p>\n"},{"text":"<p><strong>Transformation de l&rsquo;entreprise par Al-Powered<\/strong><\/p>\n"},{"text":"<p><strong>Cultiver une culture de l&rsquo;innovation<\/strong><\/p>\n"},{"text":"<p><strong>IA et cybers\u00e9curit\u00e9 :<\/strong> \u00c9quilibrer les opportunit\u00e9s et les risques<\/p>\n"},{"text":"<p><strong>Capacit\u00e9s avanc\u00e9es de l&rsquo;IA :<\/strong> Explorez les agents d&rsquo;intelligence artificielle et l&rsquo;automatisation.<\/p>\n"},{"text":"<p><strong>IA responsable :<\/strong> \u00e9thique et responsabilit\u00e9<\/p>\n"}]},"cta":{"bg":50211,"title":"<h2>D\u00e9fi final facultatif : Appliquer l&rsquo;IA au monde r\u00e9el des affaires<\/h2>\n","subtitle":"<p><strong>Participez \u00e0 un exercice de collaboration<\/strong> pour concevoir et mettre en \u0153uvre des solutions bas\u00e9es sur l&rsquo;IA pour relever des d\u00e9fis commerciaux. Cette session interactive renforce les concepts cl\u00e9s, d\u00e9veloppe la confiance et encourage l&rsquo;innovation parmi les participants.<\/p>\n","button":{"title":"Inscrivez-vous gratuitement","link":"formulaire"}},"form":{"title":"","form":{"title":"","features":false}},"certification":{"img":39354,"title":"Badge de certification finale","subtitle":"\u00c0 l'issue de la formation, vous recevrez un badge officiel Microsoft Achievement Badge, que vous pourrez partager sur LinkedIn.","button":{"title":"Inscrivez-vous gratuitement","link":"formulaire"}},"teachers":{"title":"Rencontrez vos instructeurs","items":[50086,34777,34154,35598,35605,35612,35619,35626],"button":{"text":"","link":""}},"error":{"icon":43942,"title":"Email d\u00e9j\u00e0 enregistr\u00e9","subtitle":"Cet email est d\u00e9j\u00e0 enregistr\u00e9 dans notre syst\u00e8me. Vous pouvez essayer de vous connecter avec votre compte existant ou utiliser une autre adresse \u00e9lectronique. ","buttons":[{"title":"Connexion","link":"https:\/\/learn.founderz.com\/login?program_slug=ai-for-small-businesses"},{"title":"R\u00e9essayez","link":"https:\/\/founderz.com\/ai4smallbusinesses\/"}]}},"acf":[],"_links":{"self":[{"href":"https:\/\/founderz.com\/fr\/wp-json\/wp\/v2\/pages\/52419","targetHints":{"allow":["GET"]}}],"collection":[{"href":"https:\/\/founderz.com\/fr\/wp-json\/wp\/v2\/pages"}],"about":[{"href":"https:\/\/founderz.com\/fr\/wp-json\/wp\/v2\/types\/page"}],"author":[{"embeddable":true,"href":"https:\/\/founderz.com\/fr\/wp-json\/wp\/v2\/users\/41"}],"replies":[{"embeddable":true,"href":"https:\/\/founderz.com\/fr\/wp-json\/wp\/v2\/comments?post=52419"}],"version-history":[{"count":0,"href":"https:\/\/founderz.com\/fr\/wp-json\/wp\/v2\/pages\/52419\/revisions"}],"wp:attachment":[{"href":"https:\/\/founderz.com\/fr\/wp-json\/wp\/v2\/media?parent=52419"}],"wp:term":[{"taxonomy":"team_owner","embeddable":true,"href":"https:\/\/founderz.com\/fr\/wp-json\/wp\/v2\/team_owner?post=52419"}],"curies":[{"name":"wp","href":"https:\/\/api.w.org\/{rel}","templated":true}]}}