{"id":73963,"date":"2025-02-11T11:11:00","date_gmt":"2025-02-11T10:11:00","guid":{"rendered":"https:\/\/founderz.com\/ai-skills-4-women\/"},"modified":"2026-03-23T22:05:04","modified_gmt":"2026-03-23T21:05:04","slug":"ai-skills-4-women","status":"publish","type":"page","link":"https:\/\/founderz.com\/fr\/ai-skills-4-women\/","title":{"rendered":"AI Skills 4 Women"},"content":{"rendered":"","protected":false},"excerpt":{"rendered":"<p>Un cours gratuit con\u00e7u pour les femmes dans le domaine de l&rsquo;intelligence artificielle. Acqu\u00e9rir des comp\u00e9tences essentielles, entrer en contact avec une communaut\u00e9 de soutien et explorer les possibilit\u00e9s de carri\u00e8re. <\/p>\n","protected":false},"author":41,"featured_media":74390,"parent":0,"menu_order":0,"comment_status":"closed","ping_status":"closed","template":"templates\/program-aiskills4women.php","meta":{"_acf_changed":false,"inline_featured_image":false,"footnotes":""},"team_owner":[],"class_list":["post-73963","page","type-page","status-publish","has-post-thumbnail","hentry"],"acf":{"colab":73966,"colab_2":"","hero":{"image":74390,"title":"<h1>Ouvrez la voie.\r\nApprenez l'IA.<\/h1>","description":"Avec notre cours gratuit\r\nAI Skills 4 Women.","partner":{"text":"","image":"","link":""},"secondary_partners":null,"button":{"text":"","link":""},"outro":""},"features":{"pre_title":"Inscrivez-vous gratuitement d\u00e8s aujourd'hui.","title":"Comp\u00e9tences en IA pour les femmes","subtitle":"<p style=\"text-align: center;\">Explorez le potentiel de l'intelligence artificielle, \u00e9voluez aux c\u00f4t\u00e9s d'autres femmes et cr\u00e9ez de nouvelles opportunit\u00e9s pour vous et ceux qui vous suivront.<\/p>","items":[{"pre_title":"Seulement","number":"12 %","subtitle":"des chercheurs en IA sont des femmes.","label":"UNESCO"},{"pre_title":" Moins de","number":"22%","subtitle":"des professionnels de l'IA sont des femmes.","label":"WEF"},{"pre_title":"Seulement","number":"24%","subtitle":"des postes universitaires en IA sont occup\u00e9s par des femmes.","label":"AI Index Report 2024"}],"video_title":"D\u00e9couvrez les t\u00e9moignages de femmes qui ont d\u00e9j\u00e0 suivi ce cours et qui tracent leur propre voie dans l'IA.","video":"https:\/\/player.vimeo.com\/video\/1096404027","related_videos":{"title":"Rencontrez les femmes inspirantes du monde entier qui sont au c\u0153ur de ce parcours : implacables, audacieuses et ouvrant la voie.","items":[{"img":73949,"name":"Birgitta","text":"Apr\u00e8s avoir travaill\u00e9 dans la technologie h\u00f4teli\u00e8re pendant quelques ann\u00e9es et dirig\u00e9 sa propre marque de v\u00eatements de sport et de yoga, Birgitta s'est lanc\u00e9e dans le programme Founderz \u00d7 Microsoft AI Skills for Women et a ador\u00e9 son format d'apprentissage flexible et sa communaut\u00e9 solidaire. Le programme l'a aid\u00e9e \u00e0 d\u00e9velopper le prototype de \"Kinetic Verve\", une application de coaching de yoga avec IA, sans jugement, et l'a laiss\u00e9e enthousiaste quant aux possibilit\u00e9s que l'IA peut offrir \u00e0 sa carri\u00e8re.","video":"https:\/\/player.vimeo.com\/video\/1096982729"},{"img":73932,"name":"Jiayao","text":"\u00c9tudiante en master \u00e0 l'Universit\u00e9 de Barcelone, elle travaille \u00e0 l'intersection de la sant\u00e9 mentale, de la r\u00e9alit\u00e9 mixte et de l'inclusivit\u00e9. Jiayao appelle le cours son \"billet pour l'avenir\". Il a renforc\u00e9 sa confiance pour cr\u00e9er des outils d'IA inclusifs et concrets qui responsabilisent les gens et a consolid\u00e9 sa conviction que les femmes ont leur place \u00e0 toutes les tables de la technologie.","video":"https:\/\/player.vimeo.com\/video\/1096982782"},{"img":73915,"name":"Irene","text":"N\u00e9e \u00e0 Caracas et ayant grandi en Californie et \u00e0 New York, Irene a fait le saut de travailler avec la technologie \u00e0 construire avec elle apr\u00e8s avoir rep\u00e9r\u00e9 l'annonce du programme pendant le Mois de l'Histoire des Femmes. Elle \u00e9crit maintenant du code et pr\u00e9sente SOMOS, un tracker d'actualit\u00e9s en temps r\u00e9el, multilingue et aliment\u00e9 par l'IA pour l'Am\u00e9rique latine, et dit que le programme a allum\u00e9 la motivation dont elle avait besoin pour transformer son id\u00e9e en entreprise.","video":"https:\/\/player.vimeo.com\/video\/1096982858"}]}},"cta_basic":{"title":"Soyez l'avenir de l'IA","subtitle":"<p style=\"text-align: center;\">Dans l'\u00e9dition 2025, plus de <strong>57 000 femmes<\/strong> dans plus de <strong>30 pays<\/strong> ont \u00e9t\u00e9 form\u00e9es, avec <strong>150 bourses attribu\u00e9es<\/strong> pour le Programme de Certification en IA et Innovation. Maintenant c'est votre tour : rejoignez la communaut\u00e9 et ayez la chance de gagner une bourse.<\/p>","button":{"title":"Inscrivez-vous gratuitement","link":"form","url":""}},"learn":{"title":"Ce que vous apprendrez","video_image":74275,"video":"https:\/\/player.vimeo.com\/video\/1139960729","teacher":"","items":[{"text":"<strong>Principes de l'IA :<\/strong> Apprenez les bases de l'intelligence artificielle."},{"text":"<strong>Applications pratiques :<\/strong> D\u00e9couvrez des cas d'utilisation r\u00e9els."},{"text":"<strong>Ing\u00e9nierie rapide et \u00e9thique :<\/strong> Ma\u00eetrisez les interactions avec l'IA de mani\u00e8re responsable."},{"text":"<strong>Cybers\u00e9curit\u00e9 de l'IA et analyse des donn\u00e9es :<\/strong> Des comp\u00e9tences essentielles pour l'avenir."},{"text":"<strong>Leadership et mentorat :<\/strong> D\u00e9veloppez votre carri\u00e8re en b\u00e9n\u00e9ficiant des conseils d'experts en IA."}]},"form":{"title":"<h2 style=\"text-align: center;\">Votre parcours en mati\u00e8re d'IA commence maintenant<\/h2>","form":{"title":"Rejoignez une communaut\u00e9 de femmes qui fa\u00e7onnent l'avenir.\r\nLes bourses sont limit\u00e9es. Ne ratez pas votre chance !","features":[{"icon":52422,"title":"Dur\u00e9e ","description":"3 heures"},{"icon":52421,"title":"Modalit\u00e9","description":"100% En ligne"}]}},"certification":{"img":33271,"title":"Certificat officiel de Microsoft","subtitle":"\u00c0 l'issue de la formation, vous recevrez un certificat officiel de Microsoft, que vous pourrez partager sur LinkedIn.","button":{"title":"Inscrivez-vous gratuitement","link":"form"}},"cta":{"bg":74006,"title":"<h2>R\u00e9ussissez le d\u00e9fi final.\r\nObtenez une bourse en IA.<\/h2>","subtitle":"Montrez vos comp\u00e9tences dans le d\u00e9fi final du cours et recevez l'une des <strong>150 bourses de Founderz &amp; Microsoft<\/strong> pour un <strong>programme en ligne de 3 mois en IA &amp; Innovation.<\/strong>","button":{"title":"Inscrivez-vous gratuitement","link":"form"}},"syllabus":{"active":false,"title":"","background_color":"#000","items":""},"professors":{"title":"Rencontrez vos instructeurs","items":[34036,73613,34154,34299,33971,33984,34209,34214,34060,34062],"button":{"title":"Inscrivez-vous gratuitement","link":"form"}},"cta_final":{"title":"<h2>Rencontrez nos ambassadrices<\/h2>","subtitle":"<p style=\"text-align: center;\">Avec nos incroyables partenaires, nous pouvons donner \u00e0 davantage de femmes dans le monde les moyens d\u2019agir gr\u00e2ce \u00e0 l\u2019\u00e9ducation \u00e0 l\u2019IA.<\/p>","logos":[{"img":135771},{"img":85578},{"img":85296},{"img":85318},{"img":85340},{"img":139924},{"img":34549},{"img":44762},{"img":84874},{"img":86040},{"img":136688},{"img":86093},{"img":139952},{"img":139844},{"img":139536},{"img":139692},{"img":139582},{"img":141017},{"img":141143},{"img":141198},{"img":78363},{"img":142818}],"button":{"title":"Devenez partenaire","link":"mailto:aiskills4women@founderz.com"}},"form_fields":{"name":{"label":"Nom","text":"Laura"},"last_name":{"label":"Nom de famille","text":"Smith"},"email":{"label":"Courrier \u00e9lectronique","text":"example@outlook.com"},"btn_text":"Inscrivez-vous gratuitement","terms":"J'accepte les conditions g\u00e9n\u00e9rales et la politique de confidentialit\u00e9 <a href=\"https:\/\/founderz.com\/terms-and-conditions\/\">Lisez ici<\/a>","second_terms":"","sign_up_text":"S'inscrire","sign_up_text_second":"Vous avez d\u00e9j\u00e0 un compte ?","programa":"https:\/\/learn.founderz.com\/signup\/guest\/ai-skills-4-women","outro":""},"error":{"icon":34328,"title":"Email d\u00e9j\u00e0 enregistr\u00e9","subtitle":"Cet email est d\u00e9j\u00e0 enregistr\u00e9 dans notre syst\u00e8me. Vous pouvez essayer de vous connecter avec votre compte existant ou utiliser une autre adresse \u00e9lectronique. ","buttons":[{"title":"Connexion","link":"https:\/\/learn.founderz.com\/login?program_slug=ai-skills-4-women"},{"title":"R\u00e9essayez","link":"https:\/\/founderz.com\/fr\/ai-skills-4-women\/"}]},"hs_meta":{"program_id":"","program_edition":"0","program_name":""},"custom_code":{"code":""},"allowed_emails":""},"_links":{"self":[{"href":"https:\/\/founderz.com\/fr\/wp-json\/wp\/v2\/pages\/73963","targetHints":{"allow":["GET"]}}],"collection":[{"href":"https:\/\/founderz.com\/fr\/wp-json\/wp\/v2\/pages"}],"about":[{"href":"https:\/\/founderz.com\/fr\/wp-json\/wp\/v2\/types\/page"}],"author":[{"embeddable":true,"href":"https:\/\/founderz.com\/fr\/wp-json\/wp\/v2\/users\/41"}],"replies":[{"embeddable":true,"href":"https:\/\/founderz.com\/fr\/wp-json\/wp\/v2\/comments?post=73963"}],"version-history":[{"count":2,"href":"https:\/\/founderz.com\/fr\/wp-json\/wp\/v2\/pages\/73963\/revisions"}],"predecessor-version":[{"id":141004,"href":"https:\/\/founderz.com\/fr\/wp-json\/wp\/v2\/pages\/73963\/revisions\/141004"}],"wp:featuredmedia":[{"embeddable":true,"href":"https:\/\/founderz.com\/fr\/wp-json\/wp\/v2\/media\/74390"}],"wp:attachment":[{"href":"https:\/\/founderz.com\/fr\/wp-json\/wp\/v2\/media?parent=73963"}],"wp:term":[{"taxonomy":"team_owner","embeddable":true,"href":"https:\/\/founderz.com\/fr\/wp-json\/wp\/v2\/team_owner?post=73963"}],"curies":[{"name":"wp","href":"https:\/\/api.w.org\/{rel}","templated":true}]}}