{"id":52442,"date":"2025-05-23T11:21:29","date_gmt":"2025-05-23T09:21:29","guid":{"rendered":"https:\/\/founderz.com\/ai-4-piccole-imprese\/"},"modified":"2025-06-09T13:57:22","modified_gmt":"2025-06-09T11:57:22","slug":"ai-4-piccole-imprese","status":"publish","type":"page","link":"https:\/\/founderz.com\/it\/ai-4-piccole-imprese\/","title":{"rendered":"AI 4 Piccole Imprese"},"content":{"rendered":"","protected":false},"excerpt":{"rendered":"","protected":false},"author":41,"featured_media":0,"parent":0,"menu_order":0,"comment_status":"closed","ping_status":"closed","template":"templates\/program-sticky-form.php","meta":{"_acf_changed":false,"inline_featured_image":false,"footnotes":""},"team_owner":[],"class_list":["post-52442","page","type-page","status-publish","hentry"],"acf_all":{"master_id":"false","colab":false,"form_fields":{"name":{"label":"Nome","text":"Laura"},"last_name":{"label":"Cognome","text":"Smith"},"email":{"label":"E-mail","text":"example@outlook.com"},"btn_text":"Iscriviti gratuitamente","terms":"<p>Accetto i Termini e le Condizioni e l&#8217;Informativa sulla Privacy. <a href=\"https:\/\/founderz.com\/terms-and-conditions\/\">Leggi qui<\/a><\/p>\n","sign_up_text":"Accedi","sign_up_text_second":"Hai gi\u00e0 un account?","programa":"https:\/\/learn.founderz.com\/signup\/guest\/ai-for-small-businesses"},"hero":{"image":50687,"title":"<h1>AI per<br \/>\nPiccole imprese<\/h1>\n","description":"<p>Scopri come sfruttare l \u201cIA in modo efficace per incrementare l\u201d innovazione e il vantaggio competitivo.<\/p>\n","cards":[{"img":49858,"title":"Programma 100% gratuito","description":"Imparare a costo zero, completamente finanziato e supportato."},{"img":49872,"title":"Microsoft Achievement Badge","description":"Ottieni un distintivo riconosciuto al completamento del corso."},{"img":49844,"title":"Iscrizioni aperte","description":"Iscriviti in qualsiasi momento e impara al tuo ritmo."}],"button":{"title":"Iscriviti gratuitamente","link":"modulo"},"partner":{"text":"in collaborazione con","logo":43827},"hero_min_height":false,"dark_bg":false},"description":{"title":"<h2>Portare l \u201cintelligenza artificiale all\u201d<em>altro 99%<\/em><\/h2>\n","subtitle":"<p>L&#8217;AI sta rapidamente diventando un elemento fondamentale per le aziende di tutte le dimensioni. <strong>Le piccole imprese rappresentano il 99,2% di tutte le aziende e l&#8217;<\/strong> adozione dell&#8217;IA \u00e8 essenziale per promuovere l&#8217;efficienza, l&#8217;innovazione e la crescita sostenibile.<\/p>\n","video":"https:\/\/player.vimeo.com\/video\/1086094820","img":false,"final_text":"","dark_mode":false},"stats":{"items":[{"number":"78%","subtitle":"<p>delle PMI di tutto il mondo utilizzano gi\u00e0 gli strumenti di Al.<\/p>\n"},{"number":"80%","subtitle":"<p>degli utenti delle PMI portano al lavoro i propri strumenti di intelligenza artificiale.<\/p>\n"},{"number":"79%","subtitle":"<p>I dipendenti delle PMI considerano le competenze in materia di intelligenza artificiale la chiave per maggiori opportunit\u00e0 di lavoro<\/p>\n"}],"subtitle":"Questi dati si basano sui risultati dell'indagine del rapporto annuale 2024 Work Trend Index."},"cta_basic":{"title":"Sblocca il potenziale dell'intelligenza artificiale in poche ore","subtitle":"<p>Il corso dimostra come l \u201cIA possa migliorare i flussi di lavoro e il processo decisionale, fornendo indicazioni pratiche sull\u201d utilizzo degli strumenti di IA per le operazioni quotidiane, il marketing, la pianificazione finanziaria e altro ancora.<\/p>\n","button":{"title":"Iscriviti gratuitamente","link":"modulo"}},"learn":{"title":"Panoramica del corso","subtitle":"","video_image":49999,"video":"https:\/\/player.vimeo.com\/video\/1086103402?h=b810e41ed8","teacher":[{"ID":52438,"post_author":"41","post_date":"2025-05-23 16:06:15","post_date_gmt":"2025-05-23 14:06:15","post_content":"","post_title":"Sharon Schoenborn","post_excerpt":"","post_status":"publish","comment_status":"closed","ping_status":"closed","post_password":"","post_name":"sharon-schoenborn","to_ping":"","pinged":"","post_modified":"2025-05-23 16:06:15","post_modified_gmt":"2025-05-23 14:06:15","post_content_filtered":"","post_parent":0,"guid":"https:\/\/founderz.com\/reviews\/sharon-schoenborn\/","menu_order":0,"post_type":"reviews","post_mime_type":"","comment_count":"0","filter":"raw"}],"items":[{"text":"<p><strong>Le basi dell&#8217;IA:<\/strong> storia e approfondimenti strategici<\/p>\n"},{"text":"<p><strong>Pratica:<\/strong> Iniziare con il prompt di Al<\/p>\n"},{"text":"<p><strong>Trasformazione aziendale alimentata da Al<\/strong><\/p>\n"},{"text":"<p><strong>Coltivare una cultura dell&#8217;innovazione<\/strong><\/p>\n"},{"text":"<p><strong>AI e sicurezza informatica:<\/strong> Bilanciare opportunit\u00e0 e rischi<\/p>\n"},{"text":"<p><strong>Capacit\u00e0 avanzate di Al:<\/strong> Esplora gli agenti AI e l&#8217;automazione.<\/p>\n"},{"text":"<p><strong>IA responsabile:<\/strong> etica e responsabilit\u00e0<\/p>\n"}]},"cta":{"bg":50211,"title":"<h2>Sfida finale facoltativa: Applicare l&#8217;intelligenza artificiale al mondo reale<\/h2>\n","subtitle":"<p><strong>Partecipa a un esercizio di collaborazione<\/strong> per progettare e implementare soluzioni basate sull \u201cintelligenza artificiale per le sfide aziendali. Questa sessione interattiva rafforza i concetti chiave, crea fiducia e promuove l\u201d innovazione tra i partecipanti. <\/p>\n","button":{"title":"Iscriviti gratuitamente","link":"modulo"}},"form":{"title":"","form":{"title":"","features":false}},"certification":{"img":39354,"title":"Badge di certificazione finale","subtitle":"Al termine del corso, riceverai un Microsoft Achievement Badge ufficiale, che potrai condividere su LinkedIn.","button":{"title":"Iscriviti gratuitamente","link":"modulo"}},"teachers":{"title":"Incontra i tuoi istruttori","items":[50086,34777,34154,35598,35605,35612,35619,35626],"button":{"text":"","link":""}},"error":{"icon":43942,"title":"Email gi\u00e0 registrata","subtitle":"Questo indirizzo e-mail \u00e8 gi\u00e0 registrato nel nostro sistema. Puoi provare ad accedere con il tuo account esistente o utilizzare un altro indirizzo e-mail. ","buttons":[{"title":"Accesso","link":"https:\/\/learn.founderz.com\/login?program_slug=ai-for-small-businesses"},{"title":"Riprova","link":"https:\/\/founderz.com\/ai4smallbusinesses\/"}]}},"acf":[],"_links":{"self":[{"href":"https:\/\/founderz.com\/it\/wp-json\/wp\/v2\/pages\/52442","targetHints":{"allow":["GET"]}}],"collection":[{"href":"https:\/\/founderz.com\/it\/wp-json\/wp\/v2\/pages"}],"about":[{"href":"https:\/\/founderz.com\/it\/wp-json\/wp\/v2\/types\/page"}],"author":[{"embeddable":true,"href":"https:\/\/founderz.com\/it\/wp-json\/wp\/v2\/users\/41"}],"replies":[{"embeddable":true,"href":"https:\/\/founderz.com\/it\/wp-json\/wp\/v2\/comments?post=52442"}],"version-history":[{"count":0,"href":"https:\/\/founderz.com\/it\/wp-json\/wp\/v2\/pages\/52442\/revisions"}],"wp:attachment":[{"href":"https:\/\/founderz.com\/it\/wp-json\/wp\/v2\/media?parent=52442"}],"wp:term":[{"taxonomy":"team_owner","embeddable":true,"href":"https:\/\/founderz.com\/it\/wp-json\/wp\/v2\/team_owner?post=52442"}],"curies":[{"name":"wp","href":"https:\/\/api.w.org\/{rel}","templated":true}]}}