{"id":75896,"date":"2025-02-11T11:11:00","date_gmt":"2025-02-11T10:11:00","guid":{"rendered":"https:\/\/founderz.com\/ai-skills-4-women\/"},"modified":"2026-03-23T22:05:35","modified_gmt":"2026-03-23T21:05:35","slug":"ai-skills-4-women","status":"publish","type":"page","link":"https:\/\/founderz.com\/it\/ai-skills-4-women\/","title":{"rendered":"AI Skills 4 Women"},"content":{"rendered":"","protected":false},"excerpt":{"rendered":"<p>Un corso gratuito pensato per le donne che lavorano nell&#8217;IA. Acquisisci competenze essenziali, entra in contatto con una comunit\u00e0 di supporto ed esplora le opportunit\u00e0 di carriera. <\/p>\n","protected":false},"author":41,"featured_media":74392,"parent":0,"menu_order":0,"comment_status":"closed","ping_status":"closed","template":"templates\/program-aiskills4women.php","meta":{"_acf_changed":false,"inline_featured_image":false,"footnotes":""},"team_owner":[],"class_list":["post-75896","page","type-page","status-publish","has-post-thumbnail","hentry"],"acf":{"colab":50674,"colab_2":"","hero":{"image":74383,"title":"<h1>Fai strada.\r\nImpara a usare l'intelligenza artificiale.<\/h1>","description":"Con il nostro corso gratuito\r\nAI Skills 4 Women.","partner":{"text":"","image":"","link":""},"secondary_partners":"","button":{"text":"","link":""},"outro":""},"features":{"pre_title":"Iscriviti oggi stesso gratuitamente.","title":"AI Skills 4 Women","subtitle":"<p style=\"text-align: center;\">Esplora il potenziale dell'intelligenza artificiale, cresci insieme ad altre donne e crea nuove opportunit\u00e0 per te e per coloro che ti seguiranno.<\/p>","items":[{"pre_title":"Solo","number":"12%","subtitle":"dei ricercatori di AI\r\nsono donne.","label":"UNESCO"},{"pre_title":"Meno di","number":"22%","subtitle":"dei professionisti dell'AI\r\nsono donne.","label":"WEF"},{"pre_title":"Solo","number":"24%","subtitle":"delle posizioni di facolt\u00e0 di AI\r\nsono occupate da donne.","label":"Rapporto sull'indice AI 2024"}],"video_title":"Scopri le storie di donne che si sono gi\u00e0 unite a questo corso e stanno tracciando il proprio percorso nell'IA","video":"https:\/\/player.vimeo.com\/video\/1096404027","related_videos":{"title":"Lasciati ispirare dalle donne di tutto il mondo che hanno intrapreso questo viaggio: leader, inarrestabili e coraggiose.","items":[{"img":54873,"name":"Birgitta","text":"Dopo aver lavorato per alcuni anni nel settore alberghiero e aver gestito un proprio marchio di abbigliamento sportivo e di yoga, Birgitta ha partecipato al programma Founderz \u00d7 Microsoft AI Skills for Women e ne ha apprezzato il formato \"learn-anytime\" e la comunit\u00e0 di supporto. L'ha aiutata a prototipare \"Kinetic Verve\", un'app di yoga-coaching alimentata dall'intelligenza artificiale  e priva di pregiudizi. Birgitta \u00e8 entusiasta della contributo che l'intelligenza artificiale pu\u00f2 dare alla sua carriera.","video":"https:\/\/player.vimeo.com\/video\/1096982729"},{"img":54889,"name":"Jiayao","text":"Una studentessa di master all'Universit\u00e0 di Barcellona che lavora all'incrocio tra salute mentale, realt\u00e0 mista e inclusivit\u00e0. Jiayao definisce il corso il suo \"biglietto per il futuro\". Ha aumentato la sua fiducia nella possibilit\u00e0 di costruire strumenti di intelligenza artificiale inclusivi e reali che diano potere alle persone e ha rafforzato la sua convinzione che\r\n le donne possono sedere a qualsiasi tavolo in cui si discute di tecnologia.","video":"https:\/\/player.vimeo.com\/video\/1096982782"},{"img":54905,"name":"Irene","text":"Irene, nata a Caracas e cresciuta in California e a New York, \u00e8 passata dal lavorare con la tecnologia al costruirla dopo aver visto l'annuncio del programma durante il Women's History Month. Ora sta scrivendo il codice e lanciando SOMOS, un tracker di notizie AI, multilingue e in tempo reale per l'America Latina e dice che il programma le ha dato la motivazione necessaria per trasformare la sua idea in un'impresa. ","video":"https:\/\/player.vimeo.com\/video\/1096982858"}]}},"cta_basic":{"title":"Sii il futuro dell'IA","subtitle":"<p style=\"text-align: center;\">Nell'edizione 2025 sono state formate oltre <strong>57.000 donne<\/strong> in <strong>pi\u00f9 di 30 paesi<\/strong> e sono state<strong>assegnate 150 borse di studio<\/strong> per il programma di certificazione AI e innovazione. Ora tocca a te: unisciti alla community e avrai la possibilit\u00e0 di vincere una borsa di studio.<\/p>","button":{"title":"Iscriviti gratuitamente","link":"form","url":""}},"learn":{"title":"Cosa imparerai","video_image":74268,"video":"https:\/\/player.vimeo.com\/video\/1139960729","teacher":"","items":[{"text":"<strong>Fondamenti di intelligenza artificiale:<\/strong> Impara le basi dell'intelligenza artificiale."},{"text":"<strong>Applicazioni pratiche:<\/strong> Scopri i casi d'uso reali."},{"text":"<strong>Ingegneria ed etica:<\/strong> Gestisci le interazioni con l'IA in modo responsabile."},{"text":"<strong>AI Cybersecurity e Data Analytics:<\/strong> Competenze essenziali per il futuro."},{"text":"<strong>Leadership e mentorship:<\/strong> Fai crescere la tua carriera con la guida di esperti di IA."}]},"form":{"title":"<h2 style=\"text-align: center;\">Il tuo viaggio nell'AI inizia ora<\/h2>","form":{"title":"Unisciti a una comunit\u00e0 di donne che danno forma al futuro.\r\nSono disponibili borse di studio limitate. Non perdere la tua occasione!","features":[{"icon":33184,"title":"Durata","description":"3 ore"},{"icon":33180,"title":"Modalit\u00e0","description":"100% online"}]}},"certification":{"img":33271,"title":"Credenziale ufficiale Microsoft","subtitle":"Al termine del corso, riceverai una Credenziale Ufficiale Microsoft che potrai condividere su LinkedIn.","button":{"title":"Iscriviti gratuitamente","link":"form"}},"cta":{"bg":73999,"title":"<h2>Vinci la sfida finale.\r\nOttieni una borsa di studio AI.<\/h2>","subtitle":"<div class=\"ewa-rteLine\" style=\"text-align: left;\">Dimostra le tue capacit\u00e0 nella sfida finale del corso e ricevi una delle <strong>150 borse di studio di Founderz &amp; Microsoft<\/strong> per un <strong>programma online di 3 mesi in AI &amp; Innovazione<\/strong>.<\/div>","button":{"title":"Iscriviti gratuitamente","link":"form"}},"syllabus":{"active":false,"title":"","background_color":"#000","items":""},"professors":{"title":"Incontra i tuoi istruttori","items":[34036,73613,34154,34299,33971,33984,34209,34214,34060,34062],"button":{"title":"Iscriviti gratuitamente","link":"form"}},"cta_final":{"title":"<h2>Scopri le nostre Ambassador<\/h2>","subtitle":"<p style=\"text-align: center;\">Insieme ai nostri incredibili partner, possiamo dare a pi\u00f9 donne in tutto il mondo gli strumenti per crescere grazie alla formazione sull'IA.<\/p>","logos":[{"img":135771},{"img":85578},{"img":85296},{"img":85318},{"img":85340},{"img":139924},{"img":34549},{"img":44762},{"img":84874},{"img":86040},{"img":136688},{"img":86093},{"img":139952},{"img":139844},{"img":139536},{"img":139692},{"img":139582},{"img":141017},{"img":141143},{"img":141198},{"img":78363},{"img":142818}],"button":{"title":"Diventa partner","link":"mailto:aiskills4women@founderz.com"}},"form_fields":{"name":{"label":"Nome","text":"Laura"},"last_name":{"label":"Cognome","text":"Smith"},"email":{"label":"E-mail","text":"example@outlook.com"},"btn_text":"Iscriviti gratuitamente","terms":"Accetto i Termini e le Condizioni e l'Informativa sulla Privacy <a href=\"https:\/\/founderz.com\/terms-and-conditions\/\">Leggi qui<\/a>","second_terms":"","sign_up_text":"Accedi","sign_up_text_second":"Hai gi\u00e0 un account?","programa":"https:\/\/learn.founderz.com\/signup\/guest\/ai-skills-4-women","outro":""},"error":{"icon":34328,"title":"Email gi\u00e0 registrata","subtitle":"Questo indirizzo e-mail \u00e8 gi\u00e0 registrato nel nostro sistema. Puoi provare ad accedere con il tuo account esistente o utilizzare un altro indirizzo e-mail. ","buttons":[{"title":"Accesso","link":"https:\/\/learn.founderz.com\/login?program_slug=ai-skills-4-women"},{"title":"Riprova","link":"https:\/\/founderz.com\/it\/ai-skills-4-women\/"}]},"hs_meta":{"program_id":"","program_edition":"0","program_name":""},"custom_code":{"code":""},"allowed_emails":""},"_links":{"self":[{"href":"https:\/\/founderz.com\/it\/wp-json\/wp\/v2\/pages\/75896","targetHints":{"allow":["GET"]}}],"collection":[{"href":"https:\/\/founderz.com\/it\/wp-json\/wp\/v2\/pages"}],"about":[{"href":"https:\/\/founderz.com\/it\/wp-json\/wp\/v2\/types\/page"}],"author":[{"embeddable":true,"href":"https:\/\/founderz.com\/it\/wp-json\/wp\/v2\/users\/41"}],"replies":[{"embeddable":true,"href":"https:\/\/founderz.com\/it\/wp-json\/wp\/v2\/comments?post=75896"}],"version-history":[{"count":2,"href":"https:\/\/founderz.com\/it\/wp-json\/wp\/v2\/pages\/75896\/revisions"}],"predecessor-version":[{"id":138824,"href":"https:\/\/founderz.com\/it\/wp-json\/wp\/v2\/pages\/75896\/revisions\/138824"}],"wp:featuredmedia":[{"embeddable":true,"href":"https:\/\/founderz.com\/it\/wp-json\/wp\/v2\/media\/74392"}],"wp:attachment":[{"href":"https:\/\/founderz.com\/it\/wp-json\/wp\/v2\/media?parent=75896"}],"wp:term":[{"taxonomy":"team_owner","embeddable":true,"href":"https:\/\/founderz.com\/it\/wp-json\/wp\/v2\/team_owner?post=75896"}],"curies":[{"name":"wp","href":"https:\/\/api.w.org\/{rel}","templated":true}]}}