{"id":33374,"date":"2024-07-03T13:11:51","date_gmt":"2024-07-03T11:11:51","guid":{"rendered":"https:\/\/founderz.com\/info-referrals\/"},"modified":"2025-05-15T11:14:24","modified_gmt":"2025-05-15T09:14:24","slug":"info-referrals","status":"publish","type":"page","link":"https:\/\/founderz.com\/latam\/info-referrals\/","title":{"rendered":"Informaci\u00f3n Referidos"},"content":{"rendered":"\n<div class=\"wp-block-columns wrap py-16 mx-auto text-black text-3xl nunito is-layout-flex wp-container-core-columns-is-layout-9d6595d7 wp-block-columns-is-layout-flex\">\n<div class=\"wp-block-column is-layout-flow wp-block-column-is-layout-flow\">\n<h1 class=\"wp-block-heading\"><strong>Programa de referidos de Founderz<\/strong><\/h1>\n\n\n\n<div style=\"height:20px\" aria-hidden=\"true\" class=\"wp-block-spacer\"><\/div>\n\n\n\n<h2 class=\"wp-block-heading\"><strong>Importes y condiciones por pa\u00eds<\/strong><\/h2>\n\n\n\n<p>Programa v\u00e1lido solo para alumnos particulares. No aplica para empresas o programas abonados por empresas.<\/p>\n\n\n\n<div style=\"height:10px\" aria-hidden=\"true\" class=\"wp-block-spacer\"><\/div>\n\n\n\n<h3 class=\"wp-block-heading\"><strong>Descuentos por pa\u00eds<\/strong><\/h3>\n\n\n\n<h4 class=\"wp-block-heading\"><strong>Espa\u00f1a<\/strong><\/h4>\n\n\n\n<p>Alumnos referidos: descuento en euros aplicado sobre el precio final. Ver tabla a continuaci\u00f3n:<\/p>\n\n\n\n<figure class=\"wp-block-table\"><table><thead><tr><th>Programa<\/th><th>Precio con descuento<\/th><\/tr><\/thead><tbody><tr><td>Curso Online IA con Copilot<\/td><td>225\u20ac<\/td><\/tr><tr><td>Programa Online en Liderazgo de IA Responsable<\/td><td>390\u20ac<\/td><\/tr><tr><td>M\u00e1ster Online IA en Finanzas<\/td><td>735\u20ac<\/td><\/tr><tr><td>Master Online IA en Salud<\/td><td>735\u20ac<\/td><\/tr><tr><td>Programa Online IA en el Deporte<\/td><td>760\u20ac<\/td><\/tr><tr><td>M\u00e1ster Online en IA e Innovaci\u00f3n<\/td><td>760\u20ac<\/td><\/tr><tr><td>M\u00e1ster Online en Blockchain y Negocio<\/td><td>550\u20ac<\/td><\/tr><tr><td>M\u00e1ster en Business y Entrepreneurship<\/td><td>350\u20ac<\/td><\/tr><\/tbody><\/table><figcaption class=\"wp-element-caption\">Alumnos que refieren: acumulan 50\u20ac por cada nuevo alumno inscrito con su enlace.<\/figcaption><\/figure>\n\n\n\n<div style=\"height:40px\" aria-hidden=\"true\" class=\"wp-block-spacer\"><\/div>\n\n\n\n<h4 class=\"wp-block-heading\"><strong>Colombia<\/strong><\/h4>\n\n\n\n<p>Alumnos referidos: descuento en COP aplicado sobre el precio final. Ver tabla a continuaci\u00f3n:<\/p>\n\n\n\n<figure class=\"wp-block-table\"><table><thead><tr><th>Programa<\/th><th>Precio con descuento<\/th><\/tr><\/thead><tbody><tr><td>Curso Online IA con Copilot<\/td><td>776.000 COP<\/td><\/tr><tr><td>Programa Online en Liderazgo de IA Responsable<\/td><td>1.165.600 COP<\/td><\/tr><tr><td>M\u00e1ster Online IA en Finanzas<\/td><td>2.550.000 COP<\/td><\/tr><tr><td>M\u00e1ster Online IA en Salud<\/td><td>2.550.000 COP<\/td><\/tr><tr><td>M\u00e1ster Online IA en el Deporte<\/td><td>2.600.000 COP<\/td><\/tr><tr><td>M\u00e1ster Online en IA e Innovaci\u00f3n<\/td><td>2.600.000 COP<\/td><\/tr><\/tbody><\/table><figcaption class=\"wp-element-caption\">Alumnos que refieren: acumulan 200.000 COP por cada nuevo alumno inscrito con su enlace. En el caso de que el nuevo alumno referido se inscriba en el Curso Online IA con Copilot, acumular\u00e1 50.000 COP por alumno inscrito.<\/figcaption><\/figure>\n\n\n\n<div style=\"height:40px\" aria-hidden=\"true\" class=\"wp-block-spacer\"><\/div>\n\n\n\n<h4 class=\"wp-block-heading\"><strong>M\u00e9xico<\/strong><\/h4>\n\n\n\n<p>Alumnos referidos: descuento en MXN aplicado sobre el precio final. Ver tabla a continuaci\u00f3n:<\/p>\n\n\n\n<figure class=\"wp-block-table\"><table><thead><tr><th>Programa<\/th><th>Precio final<\/th><\/tr><\/thead><tbody><tr><td>Curso Online IA con Copilot<\/td><td>3,440 MXN<\/td><\/tr><tr><td>Programa Online en Liderazgo de IA Responsable<\/td><td>5,040 MXN<\/td><\/tr><tr><td>Diplomado Online IA en Finanzas<\/td><td>11,745 MXN<\/td><\/tr><tr><td>Diplomado Online IA en Salud<\/td><td>11,745 MXN<\/td><\/tr><tr><td>Diplomado Online IA en el Deporte<\/td><td>11,600 MXN<\/td><\/tr><tr><td>Diplomado Online en IA e Innovaci\u00f3n<\/td><td>11,600 MXN<\/td><\/tr><\/tbody><\/table><figcaption class=\"wp-element-caption\">Alumnos que refieren: acumulan 950 MXN por cada nuevo alumno inscrito con su enlace. En el caso de que los nuevos alumnos referidos se inscriban en el Curso Online IA con Copilot, acumular\u00e1 200 MXN por cada nuevo alumno.<\/figcaption><\/figure>\n\n\n\n<div style=\"height:20px\" aria-hidden=\"true\" class=\"wp-block-spacer\"><\/div>\n\n\n\n<h2 class=\"wp-block-heading\"><strong>Pago de recompensas<\/strong><\/h2>\n\n\n\n<ul class=\"wp-block-list\">\n<li>Las recompensas se cobran a trav\u00e9s de PayPal o transferencia bancaria.<\/li>\n\n\n\n<li>Las transferencias bancarias pueden tardar entre 5 y 15 d\u00edas h\u00e1biles, dependiendo del pa\u00eds y entidad bancaria.<\/li>\n\n\n\n<li>La transferencia se realizar\u00e1 una vez completados y firmados los documentos enviados por correo electr\u00f3nico al alumno que refiere.<\/li>\n\n\n\n<li>La transferencia se realizar\u00e1 desde una entidad bancaria de Espa\u00f1a y se emitir\u00e1 en Euros. Si existen comisiones bancarias, gastos bancarios, tasas de inter\u00e9s u otro costo por recibir una transferencia del exterior, no ser\u00e1 asumido ni responsabilidad de Founderz.&nbsp;<\/li>\n\n\n\n<li>El importe final recibido por el beneficiario puede variar seg\u00fan la conversi\u00f3n de la moneda en el momento de la firma de documentos. El valor de referencia debe ser el expuesto en el pa\u00eds Espa\u00f1a.<\/li>\n<\/ul>\n\n\n\n<div style=\"height:20px\" aria-hidden=\"true\" class=\"wp-block-spacer\"><\/div>\n\n\n\n<h2 class=\"wp-block-heading\"><strong>Nota<\/strong><\/h2>\n\n\n\n<ul class=\"wp-block-list\">\n<li>El descuento que disfrutar\u00e1n los usuarios con tu link de referidos no es acumulable a otros descuentos existentes actualmente.<\/li>\n\n\n\n<li>La informaci\u00f3n contenida en este documento es solo para fines informativos y no constituye asesoramiento legal.<\/li>\n\n\n\n<li>Por favor, consulta los t\u00e9rminos y condiciones completos del programa de referidos para obtener m\u00e1s informaci\u00f3n.<\/li>\n<\/ul>\n<\/div>\n<\/div>\n","protected":false},"excerpt":{"rendered":"<p>Programa de referidos de Founderz Importes y condiciones por pa\u00eds Programa v\u00e1lido solo para alumnos particulares. No aplica para empresas o programas abonados por empresas. Descuentos por pa\u00eds Espa\u00f1a Alumnos referidos: descuento en euros aplicado sobre el precio final. Ver tabla a continuaci\u00f3n: Programa Precio con descuento Curso Online IA con Copilot 225\u20ac Programa Online [&hellip;]<\/p>\n","protected":false},"author":4,"featured_media":0,"parent":0,"menu_order":0,"comment_status":"closed","ping_status":"closed","template":"templates\/default-2025.php","meta":{"_acf_changed":false,"inline_featured_image":false,"footnotes":""},"team_owner":[],"class_list":["post-33374","page","type-page","status-publish","hentry"],"acf":[],"_links":{"self":[{"href":"https:\/\/founderz.com\/latam\/wp-json\/wp\/v2\/pages\/33374","targetHints":{"allow":["GET"]}}],"collection":[{"href":"https:\/\/founderz.com\/latam\/wp-json\/wp\/v2\/pages"}],"about":[{"href":"https:\/\/founderz.com\/latam\/wp-json\/wp\/v2\/types\/page"}],"author":[{"embeddable":true,"href":"https:\/\/founderz.com\/latam\/wp-json\/wp\/v2\/users\/4"}],"replies":[{"embeddable":true,"href":"https:\/\/founderz.com\/latam\/wp-json\/wp\/v2\/comments?post=33374"}],"version-history":[{"count":0,"href":"https:\/\/founderz.com\/latam\/wp-json\/wp\/v2\/pages\/33374\/revisions"}],"wp:attachment":[{"href":"https:\/\/founderz.com\/latam\/wp-json\/wp\/v2\/media?parent=33374"}],"wp:term":[{"taxonomy":"team_owner","embeddable":true,"href":"https:\/\/founderz.com\/latam\/wp-json\/wp\/v2\/team_owner?post=33374"}],"curies":[{"name":"wp","href":"https:\/\/api.w.org\/{rel}","templated":true}]}}