{"id":33377,"date":"2024-09-05T18:14:20","date_gmt":"2024-09-05T16:14:20","guid":{"rendered":"https:\/\/founderz.com\/sobre-nosotros\/"},"modified":"2025-10-02T15:22:56","modified_gmt":"2025-10-02T13:22:56","slug":"sobre-nosotros","status":"publish","type":"page","link":"https:\/\/founderz.com\/latam\/sobre-nosotros\/","title":{"rendered":"Sobre nosotros"},"content":{"rendered":"","protected":false},"excerpt":{"rendered":"","protected":false},"author":18,"featured_media":0,"parent":0,"menu_order":0,"comment_status":"closed","ping_status":"closed","template":"templates\/about-2025.php","meta":{"_acf_changed":false,"inline_featured_image":false,"footnotes":""},"team_owner":[],"class_list":["post-33377","page","type-page","status-publish","hentry"],"acf_all":{"master_id":"false","header_new":{"check_single":"global","bg_color":"dark","body_bg_color":{"value":"#111115","label":"dark"},"main_logo":{"check_logo":false,"custom_main_logo":false},"add_logo":false,"checks":{"menu_check":true,"lang_check":false,"loggin_check":true,"cta_check":true},"loggin":{"icon_loggin":"<svg xmlns=\"http:\/\/www.w3.org\/2000\/svg\" width=\"22\" height=\"22\" viewBox=\"0 0 22 22\" fill=\"none\"><path d=\"M16.9719 18.7583V16.9718C16.9719 16.0242 16.5954 15.1154 15.9253 14.4453C15.2553 13.7752 14.3465 13.3988 13.3988 13.3988H8.03928C7.09165 13.3988 6.18284 13.7752 5.51276 14.4453C4.84269 15.1154 4.46625 16.0242 4.46625 16.9718V18.7583M14.2921 6.25272C14.2921 8.22605 12.6924 9.82575 10.7191 9.82575C8.74572 9.82575 7.14602 8.22605 7.14602 6.25272C7.14602 4.27939 8.74572 2.67969 10.7191 2.67969C12.6924 2.67969 14.2921 4.27939 14.2921 6.25272Z\" stroke=\"white\" stroke-width=\"1.8\" stroke-linecap=\"round\" stroke-linejoin=\"round\"><\/path><\/svg>","link_loggin":"https:\/\/learn.founderz.com\/login"},"cta":{"cta_text":"Hablemos","cta_link":""},"master_id":"false"},"about":{"hero_bg":54056,"title":"Con\u00f3cenos","subtitle":"La tecnolog\u00eda nos ha hecho avanzar en d\u00e9cadas lo que antes costaba siglos, pero la educaci\u00f3n se qued\u00f3 atr\u00e1s. Nosotros queremos que eso cambie."},"overview":{"title":"Esto es Founderz","items":[{"item_type":"card","card":{"bg_color":"orange","img":54122,"content":{"label":"Vocaci\u00f3n","icon":{"ID":53437,"id":53437,"title":"passion","filename":"passion.svg","filesize":1780,"url":"https:\/\/founderz.com\/wp-content\/uploads\/2025\/06\/passion.svg","link":"https:\/\/founderz.com\/latam\/passion-2\/","alt":"passion icon","author":"41","description":"","caption":"","name":"passion-2","status":"inherit","uploaded_to":0,"date":"2025-06-23 21:15:10","modified":"2025-06-23 21:15:16","menu_order":0,"mime_type":"image\/svg+xml","type":"image","subtype":"svg+xml","icon":"https:\/\/founderz.com\/wp-includes\/images\/media\/default.png","width":68,"height":69,"sizes":{"thumbnail":"https:\/\/founderz.com\/wp-content\/uploads\/2025\/06\/passion.svg","thumbnail-width":148,"thumbnail-height":150,"medium":"https:\/\/founderz.com\/wp-content\/uploads\/2025\/06\/passion.svg","medium-width":297,"medium-height":300,"medium_large":"https:\/\/founderz.com\/wp-content\/uploads\/2025\/06\/passion.svg","medium_large-width":768,"medium_large-height":776,"large":"https:\/\/founderz.com\/wp-content\/uploads\/2025\/06\/passion.svg","large-width":1014,"large-height":1024,"1536x1536":"https:\/\/founderz.com\/wp-content\/uploads\/2025\/06\/passion.svg","1536x1536-width":68,"1536x1536-height":69,"2048x2048":"https:\/\/founderz.com\/wp-content\/uploads\/2025\/06\/passion.svg","2048x2048-width":68,"2048x2048-height":69}},"title":"Una nueva educaci\u00f3n es imprescindible.","text":"<p>Lo primero que hacemos al nacer es gritar. En Founderz nos gusta creer que gritamos para anunciar a los cuatro vientos: \u201cYa estoy aqu\u00ed, esta es mi voz\u201d. En ese primer instante, el mundo es como un papel en blanco donde nada es imposible. Solo hay un peque\u00f1o problema, y es que por aqu\u00ed ya han pasado miles de millones de personas, y esta comunidad de vecinos es el resultado de algunos aciertos, pero tambi\u00e9n de muchos errores, inercias y conveniencias. En el caso de la educaci\u00f3n pasa lo mismo. Sin embargo, con las nuevas tecnolog\u00edas, los tiempos est\u00e1n cambiando a la velocidad de la luz.<\/p>\n<p>Otra educaci\u00f3n no solo es posible, es imprescindible. Una educaci\u00f3n capaz de sacar lo mejor que llevamos dentro cada uno de nosotros y potenciarlo hasta el infinito. Que est\u00e9 al alcance de todos y que nos haga literalmente imparables de manera responsable. La Inteligencia Artificial es una herramienta que ha venido para quedarse. Aprender a usarla puede cambiar much\u00edsimas cosas a mejor, empezando por ti. Lograr que el mundo escuche tu voz est\u00e1 en tu mano. Hazte imparable.<\/p>\n"},"link":""},"news":{"items":false}},{"item_type":"card","card":{"bg_color":"violet","img":54142,"content":{"label":"Talento","icon":{"ID":53455,"id":53455,"title":"heart icon","filename":"heart-icon.svg","filesize":1444,"url":"https:\/\/founderz.com\/wp-content\/uploads\/2025\/06\/heart-icon.svg","link":"https:\/\/founderz.com\/latam\/heart-icon-2\/","alt":"heart icon","author":"41","description":"","caption":"","name":"heart-icon-2","status":"inherit","uploaded_to":0,"date":"2025-06-23 21:17:12","modified":"2025-06-23 21:17:18","menu_order":0,"mime_type":"image\/svg+xml","type":"image","subtype":"svg+xml","icon":"https:\/\/founderz.com\/wp-includes\/images\/media\/default.png","width":81,"height":81,"sizes":{"thumbnail":"https:\/\/founderz.com\/wp-content\/uploads\/2025\/06\/heart-icon.svg","thumbnail-width":150,"thumbnail-height":150,"medium":"https:\/\/founderz.com\/wp-content\/uploads\/2025\/06\/heart-icon.svg","medium-width":300,"medium-height":300,"medium_large":"https:\/\/founderz.com\/wp-content\/uploads\/2025\/06\/heart-icon.svg","medium_large-width":768,"medium_large-height":768,"large":"https:\/\/founderz.com\/wp-content\/uploads\/2025\/06\/heart-icon.svg","large-width":1024,"large-height":1024,"1536x1536":"https:\/\/founderz.com\/wp-content\/uploads\/2025\/06\/heart-icon.svg","1536x1536-width":81,"1536x1536-height":81,"2048x2048":"https:\/\/founderz.com\/wp-content\/uploads\/2025\/06\/heart-icon.svg","2048x2048-width":81,"2048x2048-height":81}},"title":"Algo pasa con Anna. Y con Pau.","text":"<p>Asomarse a la vida de Anna Cejudo y Pau Garcia-Mil\u00e0 es como montarse en un tren a toda m\u00e1quina. Ella, nacida en Barcelona en 1990, es una de las 35 mujeres l\u00edderes en Tecnolog\u00eda de la lista Forbes 2024, Women Leading AI in EDU por la Universidad de Arizona y madre de tres hijos antes de los treinta. \u00c9l (Olesa, 1987) fue cofundador de una empresa de Cloud Computing a los 18 a\u00f1os, premio Princesa de Girona en 2010, Innovador del a\u00f1o por el MIT con solo 24, y es padre de tres ni\u00f1os (los mismos que mencionamos antes). Juntos llevan emprendiendo desde 2014, cuando crearon la start-up de innovaci\u00f3n Ideafoster, que creci\u00f3 hasta ser adquirida por el grupo de inversi\u00f3n Advent International.<\/p>\n<p>En 2020 iniciaron un viaje en familia alrededor del mundo, pero la pandemia lo interrumpi\u00f3. En lugar de detenerlos, esa experiencia les hizo reflexionar sobre la educaci\u00f3n a distancia y c\u00f3mo mejorarla. As\u00ed naci\u00f3 Founderz, que a d\u00eda de hoy es una familia de m\u00e1s de 50 talentazos y m\u00e1s de 200.000 alumnos repartidos por los cinco continentes. Que los destinos de Anna y Pau llegaran a cruzarse era inevitable. Que otras mentes inquietas como las suyas se uniesen, tambi\u00e9n. Ahora es tu turno. \u00bfSubes?<\/p>\n"},"link":""},"news":{"items":false}},{"item_type":"news","card":{"bg_color":false,"img":false,"content":{"label":"","icon":false,"title":"","text":""},"link":null},"news":{"items":[{"img":54161,"label":"Anna","link":{"title":"Discurso graduaci\u00f3n ESADE","url":"https:\/\/vimeo.com\/980509355","target":"_blank"}},{"img":54177,"label":"Pau","link":{"title":"Innovador del a\u00f1o por Technology Review MIT","url":"https:\/\/www.innovatorsunder35.com\/the-list\/pau-garcia-mila\/","target":"_blank"}},{"img":54193,"label":"Podcast","link":{"title":"Emprendiendo en pareja","url":"https:\/\/www.youtube.com\/playlist?list=PLCrawVEX6jIdrMkg_lprgAU8xKYMssZwl","target":"_blank"}}]}},{"item_type":"card","card":{"bg_color":"pink","img":54211,"content":{"label":"Colaboradores","icon":{"ID":53485,"id":53485,"title":"hands icon","filename":"hands-icon.svg","filesize":3162,"url":"https:\/\/founderz.com\/wp-content\/uploads\/2025\/06\/hands-icon.svg","link":"https:\/\/founderz.com\/latam\/hands-icon-2\/","alt":"hands icon","author":"41","description":"","caption":"","name":"hands-icon-2","status":"inherit","uploaded_to":0,"date":"2025-06-23 21:20:11","modified":"2025-06-23 21:20:15","menu_order":0,"mime_type":"image\/svg+xml","type":"image","subtype":"svg+xml","icon":"https:\/\/founderz.com\/wp-includes\/images\/media\/default.png","width":75,"height":75,"sizes":{"thumbnail":"https:\/\/founderz.com\/wp-content\/uploads\/2025\/06\/hands-icon.svg","thumbnail-width":150,"thumbnail-height":150,"medium":"https:\/\/founderz.com\/wp-content\/uploads\/2025\/06\/hands-icon.svg","medium-width":300,"medium-height":300,"medium_large":"https:\/\/founderz.com\/wp-content\/uploads\/2025\/06\/hands-icon.svg","medium_large-width":768,"medium_large-height":768,"large":"https:\/\/founderz.com\/wp-content\/uploads\/2025\/06\/hands-icon.svg","large-width":1024,"large-height":1024,"1536x1536":"https:\/\/founderz.com\/wp-content\/uploads\/2025\/06\/hands-icon.svg","1536x1536-width":75,"1536x1536-height":75,"2048x2048":"https:\/\/founderz.com\/wp-content\/uploads\/2025\/06\/hands-icon.svg","2048x2048-width":75,"2048x2048-height":75}},"title":"Tenemos compa\u00f1\u00eda. De las buenas.","text":"<p>Alguien dijo: \u201cRod\u00e9ate de quienes tienen m\u00e1s talento que t\u00fa y conseguir\u00e1s que tu empresa sea cada vez m\u00e1s grande. Haz lo contrario y acabar\u00e1 desapareciendo.\u201d Esa es nuestra forma de pensar en Founderz, la que nos ha permitido crecer y trabajar junto a otros socios con la misma filosof\u00eda. Como Microsoft, todo un referente mundial de la tecnolog\u00eda y una de las compa\u00f1\u00edas m\u00e1s valiosas del planeta. En colaboraci\u00f3n con ellos lanzamos en 2023 el Programa Online de IA e Innovaci\u00f3n, que r\u00e1pidamente lleg\u00f3 a ser el curso de formaci\u00f3n en Inteligencia Artificial m\u00e1s grande de Europa.<\/p>\n<p>As\u00ed nos convertimos en uno de sus Worldwide Training Partners. Por eso todos nuestros programas incluyen credenciales oficiales de Microsoft. Algo que va mucho m\u00e1s all\u00e1 de un simple t\u00edtulo, es toda una garant\u00eda de que, si decides formarte con nosotros, tendr\u00e1s a los mejores expertos a tu lado. S\u00famate, con ellos y tu esfuerzo elevar\u00e1s tus capacidades a la m\u00e1xima potencia.<\/p>\n<p>&nbsp;<\/p>\n<p><img decoding=\"async\" class=\"alignnone size-medium wp-image-26181\" src=\"https:\/\/founderz.com\/wp-content\/uploads\/2024\/09\/microsoftlogowhite-300x65.png\" alt=\"certificado microsoft\" width=\"300\" height=\"65\" srcset=\"https:\/\/founderz.com\/wp-content\/uploads\/2024\/09\/microsoftlogowhite-300x65.png 300w, https:\/\/founderz.com\/wp-content\/uploads\/2024\/09\/microsoftlogowhite-1024x222.png 1024w, https:\/\/founderz.com\/wp-content\/uploads\/2024\/09\/microsoftlogowhite-768x166.png 768w, https:\/\/founderz.com\/wp-content\/uploads\/2024\/09\/microsoftlogowhite.png 1371w\" sizes=\"(max-width: 300px) 100vw, 300px\" \/><\/p>\n"},"link":""},"news":{"items":false}}]},"campus":{"title":"Un campus virtual con lo mejor de cada casa.","icon":53502,"video_url":"https:\/\/founderz.com\/wp-content\/themes\/hello-theme-child\/assets\/videos\/video.mp4#t=10","text":"<p>Para una formaci\u00f3n que se preste no hay ning\u00fan secreto. O no hay solo un secreto. Tampoco hay un inicio ni deber\u00eda haber un final. Todo cuenta y puede marcar la diferencia. El conocimiento intuitivo y profundo de cada avance de la IA, la lectura de las posibilidades pr\u00e1cticas y la \u00e9tica que nos debemos como personas y como sociedad. Nuestra manera de contarlo. Y, por supuest\u00edsimo, la elecci\u00f3n del profesorado. Nuestras clases, las pregrabadas y las masterclass en directo de profesionales l\u00edderes en su sector sientan las bases.<\/p>\n<p>Pero no son m\u00e1s que el principio. Porque luego est\u00e1 la comunidad. El intercambio de conocimientos ha sido y siempre ser\u00e1 la clave que nos permite avanzar sobre hombros de gigantes. En Founderz estamos comprometidos hasta el tu\u00e9tano con la creaci\u00f3n de una comunidad que fomente ese intercambio de visiones individuales para que el resultado final sea superior, gigante, luminoso. \u00danete a nuestro Campus Virtual y descubre todas las posibilidades que te ofrece. El camino est\u00e1 lleno de amigos. Y de maestros.<\/p>\n"},"cta":{"bg_img":54249,"title":"Trabaja con nosotros.","subtitle":"Una educaci\u00f3n puntera y responsable puede cambiar el mundo a mejor. \u00bfTe sumas a este nuevo proyecto educativo?","form":{"title":"\u00bfHablamos?","input_name_text":"Nombre","input_lastname_text":"Apellido","input_email_text":"Correo electr\u00f3nico","input_message_text":"Mensaje","terms_and_conditions_text":"<p>He le\u00eddo y acepto los <a href=\"https:\/\/founderz.com\/latam\/terminos-y-condiciones\/\">T\u00e9rminos y condiciones<\/a> y la <a href=\"https:\/\/founderz.com\/latam\/privacidad\/\">Pol\u00edtica de privacidad<\/a>.<\/p>\n","button_text":"Enviar"}}},"acf":[],"_links":{"self":[{"href":"https:\/\/founderz.com\/latam\/wp-json\/wp\/v2\/pages\/33377","targetHints":{"allow":["GET"]}}],"collection":[{"href":"https:\/\/founderz.com\/latam\/wp-json\/wp\/v2\/pages"}],"about":[{"href":"https:\/\/founderz.com\/latam\/wp-json\/wp\/v2\/types\/page"}],"author":[{"embeddable":true,"href":"https:\/\/founderz.com\/latam\/wp-json\/wp\/v2\/users\/18"}],"replies":[{"embeddable":true,"href":"https:\/\/founderz.com\/latam\/wp-json\/wp\/v2\/comments?post=33377"}],"version-history":[{"count":0,"href":"https:\/\/founderz.com\/latam\/wp-json\/wp\/v2\/pages\/33377\/revisions"}],"wp:attachment":[{"href":"https:\/\/founderz.com\/latam\/wp-json\/wp\/v2\/media?parent=33377"}],"wp:term":[{"taxonomy":"team_owner","embeddable":true,"href":"https:\/\/founderz.com\/latam\/wp-json\/wp\/v2\/team_owner?post=33377"}],"curies":[{"name":"wp","href":"https:\/\/api.w.org\/{rel}","templated":true}]}}