{"id":38252,"date":"2025-03-13T15:01:38","date_gmt":"2025-03-13T14:01:38","guid":{"rendered":"https:\/\/founderz.com\/?page_id=38252"},"modified":"2025-12-29T22:47:02","modified_gmt":"2025-12-29T21:47:02","slug":"ai-corporation","status":"publish","type":"page","link":"https:\/\/founderz.com\/latam\/aifundamentals\/ai-corporation\/","title":{"rendered":"AI Fundamentals &#8211; AI Corporation"},"content":{"rendered":"","protected":false},"excerpt":{"rendered":"","protected":false},"author":41,"featured_media":0,"parent":38198,"menu_order":0,"comment_status":"closed","ping_status":"closed","template":"templates\/program-aiskills4women.php","meta":{"_acf_changed":false,"inline_featured_image":false,"footnotes":""},"team_owner":[],"class_list":["post-38252","page","type-page","status-publish","hentry"],"acf":{"colab":38257,"colab_2":"","hero":{"image":38199,"title":"<h1>Domina la IA\r\nTransforma el futuro<\/h1>","description":"F\u00f3rmate con el curso gratuito de AI Fundamentals","partner":{"text":"En colaboraci\u00f3n con","image":32426,"link":""},"secondary_partners":null,"button":{"text":"","link":""},"outro":""},"features":{"pre_title":"","title":"","subtitle":"","items":null,"video_title":"","video":"","related_videos":{"title":"","items":null}},"cta_basic":{"title":"AI Fundamentals","subtitle":"<p style=\"text-align: center;\">Aprende los principios clave de la inteligencia artificial y su aplicaci\u00f3n en el mundo real. Un curso dise\u00f1ado para desarrollar habilidades estrat\u00e9gicas y pr\u00e1cticas en IA.<\/p>","button":{"title":"Reg\u00edstrate gratis","link":"form","url":""}},"learn":{"title":"Qu\u00e9 aprender\u00e1s","video_image":38208,"video":"","teacher":"","items":[{"text":"<strong>Fundamentos de la IA:<\/strong> Conoce su origen y evoluci\u00f3n."},{"text":"<strong>Prompt Engineering:<\/strong> Crea prompts efectivos y optimiza respuestas."},{"text":"<strong>Uso de Copilot:<\/strong> Aprovecha la IA en web, m\u00f3vil y navegador."},{"text":"<strong>Creaci\u00f3n con IA:<\/strong> Desarrolla proyectos con herramientas interactivas."},{"text":"<strong>\u00c9tica en IA:<\/strong> Aplica un uso seguro y responsable."}]},"form":{"title":"<h2 style=\"text-align: center;\">Empieza tu camino en IA hoy<\/h2>","form":{"title":"\u00danete a una comunidad que est\u00e1 impulsando el futuro de la IA. Aprende con AI Fundamentals y desarrolla nuevas habilidades.","features":[{"icon":33187,"title":"Duraci\u00f3n","description":"2 horas"},{"icon":33183,"title":"Modalidad","description":"100%"}]}},"certification":{"img":33274,"title":"Insignia de Certificaci\u00f3n Final","subtitle":"Al completar el curso, recibir\u00e1s una Insignia de Logro oficial de Microsoft, que podr\u00e1s compartir en LinkedIn.","button":{"title":"Reg\u00edstrate gratis","link":"form"}},"cta":{"bg":"","title":"","subtitle":"","button":{"title":"","link":""}},"syllabus":{"active":true,"title":"Temario","background_color":"#000","items":[38235,38241,38242,38243,38244,38245]},"professors":{"title":"Conoce a nuestros expertos","items":[34161,34136,38217],"button":{"title":"Reg\u00edstrate gratis","link":"form"}},"cta_final":{"title":"","subtitle":"","logos":null,"button":{"title":"","link":""}},"form_fields":{"name":{"label":"Nombre","text":"Laura"},"last_name":{"label":"Apellidos","text":"Garc\u00eda \u00c1lvarez"},"email":{"label":"E-mail","text":"ejemplo@outlook.com"},"btn_text":"Inscr\u00edbete hoy","terms":"Acepto los <a href=\"https:\/\/founderz.com\/latam\/terminos-y-condiciones\/\">t\u00e9rminos y condiciones<\/a> y la <a href=\"https:\/\/founderz.com\/latam\/privacidad\/politica-de-privacidad\/\">pol\u00edtica de privacidad<\/a>","second_terms":"","sign_up_text":"Iniciar sesi\u00f3n","sign_up_text_second":"\u00bfYa tienes una cuenta creada?","programa":"https:\/\/learn.founderz.com\/signup\/guest\/introduccion-a-la-ia-generativa-ai-corporation","outro":""},"error":{"icon":34330,"title":"Email ya registrado","subtitle":"Este email ya est\u00e1 registrado en nuestro sistema. Puedes intentar iniciar sesi\u00f3n con tu cuenta o intentarlo desde un email diferente.","buttons":[{"title":"Iniciar sesi\u00f3n","link":"https:\/\/learn.founderz.com\/login?program_slug=introduccion-a-la-ia-generativa-ai-corporation"},{"title":"Intentar con otro email","link":"https:\/\/founderz.com\/latam\/aifundamentals\/"}]},"hs_meta":{"program_id":"","program_edition":"0","program_name":""},"custom_code":{"code":""},"allowed_emails":""},"_links":{"self":[{"href":"https:\/\/founderz.com\/latam\/wp-json\/wp\/v2\/pages\/38252","targetHints":{"allow":["GET"]}}],"collection":[{"href":"https:\/\/founderz.com\/latam\/wp-json\/wp\/v2\/pages"}],"about":[{"href":"https:\/\/founderz.com\/latam\/wp-json\/wp\/v2\/types\/page"}],"author":[{"embeddable":true,"href":"https:\/\/founderz.com\/latam\/wp-json\/wp\/v2\/users\/41"}],"replies":[{"embeddable":true,"href":"https:\/\/founderz.com\/latam\/wp-json\/wp\/v2\/comments?post=38252"}],"version-history":[{"count":0,"href":"https:\/\/founderz.com\/latam\/wp-json\/wp\/v2\/pages\/38252\/revisions"}],"up":[{"embeddable":true,"href":"https:\/\/founderz.com\/latam\/wp-json\/wp\/v2\/pages\/38198"}],"wp:attachment":[{"href":"https:\/\/founderz.com\/latam\/wp-json\/wp\/v2\/media?parent=38252"}],"wp:term":[{"taxonomy":"team_owner","embeddable":true,"href":"https:\/\/founderz.com\/latam\/wp-json\/wp\/v2\/team_owner?post=38252"}],"curies":[{"name":"wp","href":"https:\/\/api.w.org\/{rel}","templated":true}]}}