{"id":56071,"date":"2025-07-22T13:42:26","date_gmt":"2025-07-22T11:42:26","guid":{"rendered":"https:\/\/founderz.com\/?page_id=56071"},"modified":"2025-11-11T21:53:35","modified_gmt":"2025-11-11T20:53:35","slug":"ki-for-offentlig-sektor","status":"publish","type":"page","link":"https:\/\/founderz.com\/no\/ki-for-offentlig-sektor\/","title":{"rendered":"KI for offentlig sektor"},"content":{"rendered":"","protected":false},"excerpt":{"rendered":"","protected":false},"author":41,"featured_media":0,"parent":0,"menu_order":0,"comment_status":"closed","ping_status":"closed","template":"templates\/program-selection-form-buttons.php","meta":{"_acf_changed":false,"inline_featured_image":false,"footnotes":""},"team_owner":[],"class_list":["post-56071","page","type-page","status-publish","hentry"],"acf_all":{"master_id":"false","hero":{"image":58529,"title":"<h1>KI for offentlig sektor<\/h1>\n","description":"<p>Oppdag hvordan du kan utnytte KI effektivt for \u00e5 \u00f8ke produktivitet og skape bedre offentlige tjenester<\/p>\n","form":{"title":"Copilot Chat for alle","description":"","cards":[{"img":49867,"title":"Helt gratis program","description":"L\u00e6r uten noen kostnader, tilrettelagt og supportert fra Microsoft"},{"img":49881,"title":"Offisielt Microsoft program","description":"F\u00e5 et anerkjent Microsoft Credential etter kursgjennomgang"},{"img":49853,"title":"\u00c5pent inntak","description":"Delta n\u00e5r som helst og l\u00e6r i ditt eget tempo"}]},"button":{"title":"Registrer deg gratis","link":"form"},"partner":{"text":"i partnerskap med","logo":50679}},"description":{"title":"<h2>80% KI utnyttelse i 2025<\/h2>\n","subtitle":"<p>KI begynner \u00e5 bli en hj\u00f8rnestein i dagens forvaltning. Med en h\u00f8y ambisjon om 100% utnyttelse i 2030, og 80% i 2025, investerer vi i digital kompetanse og innovasjon for \u00e5 sikre at ansatte i offentlig sektor er klare for en KI-drevet fremtid.<\/p>\n","video":"https:\/\/player.vimeo.com\/video\/1103260541"},"stats":{"items":[{"number":"70%","subtitle":"<p>av offentlige etater bruker KI til daglige gj\u00f8rem\u00e5l<\/p>\n"},{"number":"60%","subtitle":"<p>av offentlige etater har startet KI oppl\u00e6ring for sine ansatte<\/p>\n"},{"number":"43%","subtitle":"<p>av offentlige etater har etablert interne retningslinjer for KI<\/p>\n"}],"subtitle":""},"cta_basic":{"title":"KI er ikke bare for IT-avdelingen \u2013 KI er for deg","subtitle":"<p>Uansett arbeidsomr\u00e5det ditt har allerede KI begynt \u00e5 omskrive hvordan vi arbeider og tar avgj\u00f8relser. Dette programmet tilbyr praktiske, tilgjengelige tiltak for \u00e5 integrere KI i arbeidshverdagen din, uten at du trenger noe teknisk bakgrunn.<br \/>\nKI revolusjonen er her \u2013 vil du v\u00e6re med \u00e5 forme det?<\/p>\n","button":{"title":"Registrer deg gratis","link":"form-hero","url":""}},"learn":{"title":"Hva du vil l\u00e6re","video_image":56127,"video":"https:\/\/player.vimeo.com\/video\/1101314059","teacher":"","items":[{"text":"<p>Oppdag hvordan KI allerede endrer m\u00e5ten vi jobber p\u00e5, og gj\u00f8r deg klar for \u00e5 utnytte dette med Copilot<\/p>\n"},{"text":"<p>Utnytt integrasjonen av KI i Microsoft 365 applikasjonene du bruker daglig: Word, PowerPoint, Excel, Outlook, Teams og mange flere<\/p>\n"},{"text":"<p>Skap dine egne KI-agenter og automatiser oppgaver med Copilot Studio, s\u00e5 din egen arbeidsflyt blir forbedret<\/p>\n"},{"text":"<p>Anvend Copilot i reelle bruksomr\u00e5der som betyr noe for deg, og optimaliser din tidsbruk i hverdagslige oppgaver<\/p>\n"}]},"bd":{"title":"KI bruksomr\u00e5der for alle yrker","subtitle":"<p>KI skaper allerede endringer i alle sektorer, og <strong>dette programmet hjelper deg til \u00e5 mestre det<\/strong> \u2013 uten at du trenger noen teknisk bakgrunn. Velg blant <strong>tre spesialiserte l\u00f8p<\/strong>, utforsk ulike omr\u00e5der for anvendelse, og gi deg selv praktisk KI kompetanse som skaper resultater<\/p>\n","buttons":[{"icon":57322,"title":"Utdanning","program":"ai-for-utdanning","form_title":"Din utdanningsreise innen KI starter n\u00e5!"},{"icon":55492,"title":"Helse","program":"ai-for-helse","form_title":"Din KI-reise for helsearbeid starter n\u00e5!"},{"icon":44468,"title":"Kontor","program":"ai-for-kontoret","form_title":"Din KI-reise for kontorarbeid starter n\u00e5!"}],"outro":"<p>\u00d8nsker du \u00e5 fortsette din l\u00e6ringsreise med et dypdykk i v\u00e5re M365 Copilot-funksjoner, eller l\u00e6re hvordan du kan bygge din egen AI-l\u00f8sning? Utforsk n\u00e5 alle v\u00e5re kommende kurs og registrer deg for det som er mest relevant for deg:\u00a0<a href=\"https:\/\/info.glasspaper.no\/ai-academy\" target=\"_blank\" rel=\"noopener\">https:\/\/info.glasspaper.no\/ai-academy<\/a><\/p>\n"},"form":{"program_slug":"copilot-for-alle","title":"<h2>Your AI Journey starts now<\/h2>\n","form":{"title":"<p>Bli med i dette eksklusive AI-programmet for alle og kj\u00f8r innovasjon med selvtillit \u2013 ikke g\u00e5 glipp av sjansen!<\/p>\n","features":[{"icon":45034,"title":"Varighet","description":"2 timer"},{"icon":45038,"title":"Modus","description":"100 % p\u00e5 nett"}]}},"form_fields":{"name":{"label":"Fornavn","text":"Laura"},"last_name":{"label":"Etternavn","text":"Smith"},"email":{"label":"E-post","text":"example@outlook.com"},"btn_text":"Registrer deg gratis","terms":"<p>Jeg godtar vilk\u00e5rene og betingelsene og personvernerkl\u00e6ringen.<br \/>\n<a href=\"https:\/\/founderz.com\/terms-and-conditions\/\"> Les her<\/a>.<\/p>\n","sign_up_text":"Logg p\u00e5","sign_up_text_second":"Har du allerede en konto?"},"professors":{"title":"M\u00f8t instrukt\u00f8rene dine","items":[{"ID":56383,"post_author":"41","post_date":"2025-07-23 11:14:07","post_date_gmt":"2025-07-23 09:14:07","post_content":"","post_title":"Dag Nyrud","post_excerpt":"","post_status":"publish","comment_status":"closed","ping_status":"closed","post_password":"","post_name":"dag-nyrud","to_ping":"","pinged":"","post_modified":"2025-08-29 11:47:20","post_modified_gmt":"2025-08-29 09:47:20","post_content_filtered":"","post_parent":0,"guid":"https:\/\/founderz.com\/reviews\/dag-nyrud\/","menu_order":0,"post_type":"reviews","post_mime_type":"","comment_count":"0","filter":"raw"},{"ID":56293,"post_author":"41","post_date":"2025-07-23 11:04:48","post_date_gmt":"2025-07-23 09:04:48","post_content":"","post_title":"Mari Vedvik","post_excerpt":"","post_status":"publish","comment_status":"closed","ping_status":"closed","post_password":"","post_name":"mari-vedvik","to_ping":"","pinged":"","post_modified":"2025-07-30 18:29:33","post_modified_gmt":"2025-07-30 16:29:33","post_content_filtered":"","post_parent":0,"guid":"https:\/\/founderz.com\/reviews\/mari-vedvik\/","menu_order":0,"post_type":"reviews","post_mime_type":"","comment_count":"0","filter":"raw"},{"ID":56311,"post_author":"41","post_date":"2025-07-23 11:06:27","post_date_gmt":"2025-07-23 09:06:27","post_content":"","post_title":"Martin Bloma","post_excerpt":"","post_status":"publish","comment_status":"closed","ping_status":"closed","post_password":"","post_name":"martin-bloma","to_ping":"","pinged":"","post_modified":"2025-07-30 18:30:36","post_modified_gmt":"2025-07-30 16:30:36","post_content_filtered":"","post_parent":0,"guid":"https:\/\/founderz.com\/reviews\/martin-bloma\/","menu_order":0,"post_type":"reviews","post_mime_type":"","comment_count":"0","filter":"raw"},{"ID":56329,"post_author":"41","post_date":"2025-07-23 11:08:01","post_date_gmt":"2025-07-23 09:08:01","post_content":"","post_title":"Marte Moslet","post_excerpt":"","post_status":"publish","comment_status":"closed","ping_status":"closed","post_password":"","post_name":"marte-moslet","to_ping":"","pinged":"","post_modified":"2025-07-23 11:08:01","post_modified_gmt":"2025-07-23 09:08:01","post_content_filtered":"","post_parent":0,"guid":"https:\/\/founderz.com\/reviews\/marte-moslet\/","menu_order":0,"post_type":"reviews","post_mime_type":"","comment_count":"0","filter":"raw"},{"ID":56347,"post_author":"41","post_date":"2025-07-23 11:09:20","post_date_gmt":"2025-07-23 09:09:20","post_content":"","post_title":"Vibecke Sundt","post_excerpt":"","post_status":"publish","comment_status":"closed","ping_status":"closed","post_password":"","post_name":"vibecke-sundt","to_ping":"","pinged":"","post_modified":"2025-07-23 11:09:20","post_modified_gmt":"2025-07-23 09:09:20","post_content_filtered":"","post_parent":0,"guid":"https:\/\/founderz.com\/reviews\/vibecke-sundt\/","menu_order":0,"post_type":"reviews","post_mime_type":"","comment_count":"0","filter":"raw"},{"ID":56365,"post_author":"41","post_date":"2025-07-23 11:12:08","post_date_gmt":"2025-07-23 09:12:08","post_content":"","post_title":"Keila Sangolt","post_excerpt":"","post_status":"publish","comment_status":"closed","ping_status":"closed","post_password":"","post_name":"keila-sangolt","to_ping":"","pinged":"","post_modified":"2025-07-23 11:12:08","post_modified_gmt":"2025-07-23 09:12:08","post_content_filtered":"","post_parent":0,"guid":"https:\/\/founderz.com\/reviews\/keila-sangolt\/","menu_order":0,"post_type":"reviews","post_mime_type":"","comment_count":"0","filter":"raw"}],"button":{"title":"","link":""}},"contact":{"title":"Bli v\u00e5r neste KI partner:","img":56441,"teacher":[{"ID":56426,"post_author":"41","post_date":"2025-07-23 11:31:44","post_date_gmt":"2025-07-23 09:31:44","post_content":"","post_title":"Irina Bors","post_excerpt":"","post_status":"publish","comment_status":"closed","ping_status":"closed","post_password":"","post_name":"irina-bors","to_ping":"","pinged":"","post_modified":"2026-01-23 12:20:18","post_modified_gmt":"2026-01-23 11:20:18","post_content_filtered":"","post_parent":0,"guid":"https:\/\/founderz.com\/reviews\/irina-bors\/","menu_order":0,"post_type":"reviews","post_mime_type":"","comment_count":"0","filter":"raw"}],"subtitle":"Hvis du ser etter:","items":[{"item":"Mer KI trening og ressurser for ditt team"},{"item":"Tilrettelagt KI kursing"},{"item":"Partnerskap p\u00e5 arrangementer og prosjekter som driver KI treninger for offentlig sektor i Norge"}],"info":"<p>La oss jobbe sammen!<\/p>\n","icons":[{"icon":57366,"text":"mailto:irinabors@microsoft.com"},{"icon":57350,"text":"https:\/\/www.linkedin.com\/in\/irina-bors\/"}]},"error":{"icon":45047,"title":"Email Already Registered","subtitle":"This email is already registered in our system. You can try logging in with your existing account or use a different email address.","buttons":[{"title":"Login","link":"https:\/\/learn.founderz.com\/login?program_slug=copilot-for-alle"},{"title":"Try Again","link":"https:\/\/founderz.com\/no\/ki-for-offentlig-sektor\/"}]},"data_lead_type":{"type":"form_lead"}},"acf":[],"_links":{"self":[{"href":"https:\/\/founderz.com\/no\/wp-json\/wp\/v2\/pages\/56071","targetHints":{"allow":["GET"]}}],"collection":[{"href":"https:\/\/founderz.com\/no\/wp-json\/wp\/v2\/pages"}],"about":[{"href":"https:\/\/founderz.com\/no\/wp-json\/wp\/v2\/types\/page"}],"author":[{"embeddable":true,"href":"https:\/\/founderz.com\/no\/wp-json\/wp\/v2\/users\/41"}],"replies":[{"embeddable":true,"href":"https:\/\/founderz.com\/no\/wp-json\/wp\/v2\/comments?post=56071"}],"version-history":[{"count":0,"href":"https:\/\/founderz.com\/no\/wp-json\/wp\/v2\/pages\/56071\/revisions"}],"wp:attachment":[{"href":"https:\/\/founderz.com\/no\/wp-json\/wp\/v2\/media?parent=56071"}],"wp:term":[{"taxonomy":"team_owner","embeddable":true,"href":"https:\/\/founderz.com\/no\/wp-json\/wp\/v2\/team_owner?post=56071"}],"curies":[{"name":"wp","href":"https:\/\/api.w.org\/{rel}","templated":true}]}}