{"id":74312,"date":"2025-02-11T11:11:00","date_gmt":"2025-02-11T10:11:00","guid":{"rendered":"https:\/\/founderz.com\/ai-skills-4-women\/"},"modified":"2026-03-23T22:04:52","modified_gmt":"2026-03-23T21:04:52","slug":"ai-skills-4-women","status":"publish","type":"page","link":"https:\/\/founderz.com\/no\/ai-skills-4-women\/","title":{"rendered":"AI Skills 4 Women"},"content":{"rendered":"","protected":false},"excerpt":{"rendered":"<p>Et gratis kurs for kvinner innen AI. F\u00e5 viktige ferdigheter, f\u00e5 kontakt med et st\u00f8ttende fellesskap og utforsk karrieremuligheter. <\/p>\n","protected":false},"author":41,"featured_media":74395,"parent":0,"menu_order":0,"comment_status":"closed","ping_status":"closed","template":"templates\/program-aiskills4women.php","meta":{"_acf_changed":false,"inline_featured_image":false,"footnotes":""},"team_owner":[],"class_list":["post-74312","page","type-page","status-publish","has-post-thumbnail","hentry"],"acf":{"colab":74315,"colab_2":"","hero":{"image":74395,"title":"<h1>Vis vei.\r\nL\u00e6r KI.<\/h1>","description":"Med v\u00e5rt gratis kurs\r\nAI Skills 4 Women.","partner":{"text":"","image":"","link":""},"secondary_partners":null,"button":{"text":"","link":""},"outro":""},"features":{"pre_title":"Registrer deg gratis i dag.","title":"AI Skills 4 Women","subtitle":"<p style=\"text-align: center;\">Utforsk potensialet i kunstig intelligens, voks sammen med andre kvinner, og skap nye muligheter for deg selv og de som kommer etter.<\/p>","items":[{"pre_title":"Bare","number":"12%","subtitle":"av KI-forskerne\r\ner kvinner.","label":"UNESCO"},{"pre_title":"Mindre enn","number":"22%","subtitle":"av KI-profesjonelle\r\ner kvinner.","label":"WEF"},{"pre_title":"Bare","number":"24%","subtitle":"av KI-fakultetets stillinger er besatt av kvinner.","label":"AI-indeksrapport 2024"}],"video_title":"Oppdag historiene til kvinner som allerede har deltatt p\u00e5 dette kurset og er i ferd med \u00e5 skape sin egen vei innen KI.","video":"https:\/\/player.vimeo.com\/video\/1096404027","related_videos":{"title":"M\u00f8t de inspirerende kvinnene fra hele verden som har v\u00e6rt i hjertet av denne reisen: ustoppelige, modige og ledende veien.","items":[{"img":54873,"name":"Birgitta","text":"Etter \u00e5 ha jobbet med hotellteknologi i noen \u00e5r og drevet sitt eget sportskl\u00e6r- og yogamerke, hoppet Birgitta inn i Founderz \u00d7 Microsoft AI Skills for Women-programmet og elsket l\u00e6ringsformatet og det st\u00f8ttende fellesskapet. Programmet hjalp henne med \u00e5 utvikle prototypen \"Kinetic Verve\", en KI-drevet, fordomsfri yogatreningsapp, og etterlot henne spent p\u00e5 hvor KI kan ta karrieren hennes. ","video":"https:\/\/player.vimeo.com\/video\/1096982729"},{"img":54889,"name":"Jiayao","text":"En masterstudent ved universitetet i Barcelona som jobber i skj\u00e6ringspunktet mellom mental helse, blandet virkelighet og inkludering. Jiayao kaller kurset sin \"billett til fremtiden\". Det ga henne selvtillit til \u00e5 bygge inkluderende KI-verkt\u00f8y som styrker mennesker i det virkelige liv, og det styrket henne i troen p\u00e5 at kvinner h\u00f8rer hjemme ved alle teknologibord.","video":"https:\/\/player.vimeo.com\/video\/1096982782"},{"img":54905,"name":"Irene","text":"Caracas-f\u00f8dte Irene, som vokste opp i California og New York, tok spranget fra \u00e5 jobbe med teknologi til \u00e5 bygge med den etter \u00e5 ha sett programmets annonse under Women's History Month. N\u00e5 skriver hun kode og lanserer SOMOS, en flerspr\u00e5klig, kunstig intelligensbasert nyhetssporing i sanntid for Latin-Amerika, og sier at programmet ga henne motivasjonen hun trengte for \u00e5 gj\u00f8re ideen sin om til en bedrift. ","video":"https:\/\/player.vimeo.com\/video\/1096982858"}]}},"cta_basic":{"title":"V\u00e6r fremtidens KI","subtitle":"<p style=\"text-align: center;\">I 2025-utgaven har over <strong>57 000 kvinner<\/strong> i mer enn <strong>30 land<\/strong> blitt trent, med <strong>150 stipend tildelt<\/strong> til KI- og Innovasjonssertifikatprogrammet. N\u00e5 er det din tur: bli med i fellesskapet og f\u00e5 sjansen til \u00e5 vinne et stipend.<\/p>","button":{"title":"Registrer deg gratis","link":"form","url":""}},"learn":{"title":"Hva du vil l\u00e6re","video_image":74268,"video":"https:\/\/player.vimeo.com\/video\/1139960729","teacher":"","items":[{"text":"<strong>Grunnleggende om KI:<\/strong> L\u00e6r det grunnleggende om kunstig intelligens."},{"text":"<strong>Praktiske anvendelser:<\/strong> Oppdag brukstilfeller fra den virkelige verden."},{"text":"<strong>Prompt Engineering &amp; Ethics:<\/strong> Mestre KI-interaksjoner p\u00e5 en ansvarlig m\u00e5te."},{"text":"<strong>KI Cybersikkerhet og dataanalyse:<\/strong> Viktige ferdigheter for fremtiden."},{"text":"<strong>Lederskap og mentorskap:<\/strong> Utvikle karrieren din med veiledning fra KI-eksperter."}]},"form":{"title":"<h2 style=\"text-align: center;\">KI-reisen din starter n\u00e5<\/h2>","form":{"title":"Bli med i et fellesskap av kvinner som former fremtiden.\r\nBegrenset antall stipend. Ikke g\u00e5 glipp av sjansen!","features":[{"icon":33184,"title":"Varighet","description":"3 timer"},{"icon":33180,"title":"Modus","description":"100 % online"}]}},"certification":{"img":33271,"title":"Offisiell Microsoft-legitimasjon","subtitle":"N\u00e5r du har fullf\u00f8rt kurset, vil du motta en offisiell Microsoft-legitimasjon som kan deles p\u00e5 LinkedIn.","button":{"title":"Registrer deg gratis","link":"form"}},"cta":{"bg":73999,"title":"<h2>Mestre den siste utfordringen.\r\nF\u00e5 et KI-stipend.<\/h2>","subtitle":"<div class=\"ewa-rteLine\" style=\"text-align: left;\">Vis ferdighetene dine i kursets siste utfordring og motta ett av de <strong>150 stipendene fra Founderz &amp; Microsoft<\/strong> for et <strong>3 m\u00e5neders online program i AI &amp; Innovasjon.<\/strong><\/div>","button":{"title":"Registrer deg gratis","link":"form"}},"syllabus":{"active":false,"title":"","background_color":"#000","items":""},"professors":{"title":"M\u00f8t instrukt\u00f8rene dine","items":[34036,73613,34154,34299,33971,33984,34209,34214,34060,34062],"button":{"title":"Registrer deg gratis","link":"form"}},"cta_final":{"title":"<h2>M\u00f8t v\u00e5re ambassad\u00f8rer<\/h2>","subtitle":"<p style=\"text-align: center;\">Sammen med v\u00e5re fantastiske partnere kan vi styrke flere kvinner over hele verden gjennom KI-utdanning.<\/p>","logos":[{"img":135771},{"img":85578},{"img":85296},{"img":85318},{"img":85340},{"img":139924},{"img":34549},{"img":44762},{"img":84874},{"img":86040},{"img":136688},{"img":86093},{"img":139952},{"img":139844},{"img":139536},{"img":139692},{"img":139582},{"img":141017},{"img":141143},{"img":141198},{"img":78363},{"img":142818}],"button":{"title":"Bli partner","link":"mailto:aiskills4women@founderz.com"}},"form_fields":{"name":{"label":"Navn","text":"Laura"},"last_name":{"label":"Etternavn","text":"Smith"},"email":{"label":"E-post","text":"example@outlook.com"},"btn_text":"Registrer deg gratis","terms":"Jeg godtar vilk\u00e5rene og betingelsene og personvernerkl\u00e6ringen <a href=\"https:\/\/founderz.com\/terms-and-conditions\/\">Les her<\/a>","second_terms":"","sign_up_text":"Logg inn","sign_up_text_second":"Har du allerede en konto?","programa":"https:\/\/learn.founderz.com\/signup\/guest\/ai-skills-4-women","outro":""},"error":{"icon":34328,"title":"E-post allerede registrert","subtitle":"Denne e-postadressen er allerede registrert i systemet v\u00e5rt. Du kan pr\u00f8ve \u00e5 logge inn med din eksisterende konto eller bruke en annen e-postadresse. ","buttons":[{"title":"Logg inn","link":"https:\/\/learn.founderz.com\/login?program_slug=ai-skills-4-women"},{"title":"Pr\u00f8v igjen","link":"https:\/\/founderz.com\/no\/ai-skills-4-women\/"}]},"hs_meta":{"program_id":"","program_edition":"0","program_name":""},"custom_code":{"code":""},"allowed_emails":""},"_links":{"self":[{"href":"https:\/\/founderz.com\/no\/wp-json\/wp\/v2\/pages\/74312","targetHints":{"allow":["GET"]}}],"collection":[{"href":"https:\/\/founderz.com\/no\/wp-json\/wp\/v2\/pages"}],"about":[{"href":"https:\/\/founderz.com\/no\/wp-json\/wp\/v2\/types\/page"}],"author":[{"embeddable":true,"href":"https:\/\/founderz.com\/no\/wp-json\/wp\/v2\/users\/41"}],"replies":[{"embeddable":true,"href":"https:\/\/founderz.com\/no\/wp-json\/wp\/v2\/comments?post=74312"}],"version-history":[{"count":1,"href":"https:\/\/founderz.com\/no\/wp-json\/wp\/v2\/pages\/74312\/revisions"}],"predecessor-version":[{"id":82571,"href":"https:\/\/founderz.com\/no\/wp-json\/wp\/v2\/pages\/74312\/revisions\/82571"}],"wp:featuredmedia":[{"embeddable":true,"href":"https:\/\/founderz.com\/no\/wp-json\/wp\/v2\/media\/74395"}],"wp:attachment":[{"href":"https:\/\/founderz.com\/no\/wp-json\/wp\/v2\/media?parent=74312"}],"wp:term":[{"taxonomy":"team_owner","embeddable":true,"href":"https:\/\/founderz.com\/no\/wp-json\/wp\/v2\/team_owner?post=74312"}],"curies":[{"name":"wp","href":"https:\/\/api.w.org\/{rel}","templated":true}]}}