{"id":86197,"date":"2025-02-11T11:11:00","date_gmt":"2025-02-11T10:11:00","guid":{"rendered":"https:\/\/founderz.com\/ai-skills-4-women\/"},"modified":"2026-05-12T15:37:52","modified_gmt":"2026-05-12T13:37:52","slug":"ai-skills-4-women","status":"publish","type":"page","link":"https:\/\/founderz.com\/pl\/ai-skills-4-women\/","title":{"rendered":"AI Skills 4 Women"},"content":{"rendered":"","protected":false},"excerpt":{"rendered":"<p>Bezp\u0142atny kurs przeznaczony dla kobiet zajmuj\u0105cych si\u0119 sztuczn\u0105 inteligencj\u0105. Zdob\u0105d\u017a niezb\u0119dne umiej\u0119tno\u015bci, po\u0142\u0105cz si\u0119 ze wspieraj\u0105c\u0105 spo\u0142eczno\u015bci\u0105 i poznaj mo\u017cliwo\u015bci kariery. <\/p>\n","protected":false},"author":41,"featured_media":86199,"parent":0,"menu_order":0,"comment_status":"closed","ping_status":"closed","template":"templates\/program-aiskills4women.php","meta":{"_acf_changed":false,"inline_featured_image":false,"footnotes":""},"team_owner":[],"class_list":["post-86197","page","type-page","status-publish","has-post-thumbnail","hentry"],"acf_all":{"master_id":"false","learn":{"title":"Czego si\u0119 nauczysz","video_image":74268,"video":"https:\/\/player.vimeo.com\/video\/1139960729","teacher":"","items":[{"text":"<p><strong>Poznaj kluczowe pojecia i zasady dzia\u0142ania Al:<\/strong> Poznaj podstawy sztucznej inteligencij.<\/p>\n"},{"text":"<p><strong>Praktyczne zastosowania:<\/strong> Odkryj rzeczywiste przypadki u\u017cycia.<\/p>\n"},{"text":"<p><strong>Odpowiedzialne korzystanie z narz\u0119dzi sztucznej inteligencji:<\/strong> Odpowiedzialne opanowanie interakcji ze sztuczn\u0105 inteligencj\u0105.<\/p>\n"},{"text":"<p><strong>AI Cybersecurity &amp; Data Analytics:<\/strong> Niezb\u0119dne umiej\u0119tno\u015bci na przysz\u0142o\u015b\u0107.<\/p>\n"},{"text":"<p><strong>Przyw\u00f3dztwo i mentoring:<\/strong> Rozwijaj swoj\u0105 karier\u0119 dzi\u0119ki wskaz\u00f3wkom ekspert\u00f3w AI.<\/p>\n"}],"tools":{"title":"","items":null}},"certification":{"img":33271,"title":"Oficjalne po\u015bwiadczenia Microsoft","subtitle":"Po uko\u0144czeniu kursu otrzymasz oficjalny certyfikat Microsoft Credential, kt\u00f3ry mo\u017cesz udost\u0119pni\u0107 na LinkedIn.","button":{"title":"Zarejestruj si\u0119 za darmo","link":"forma"}},"syllabus":{"active":false,"title":"","background_color":"#000","items":""},"professors":{"title":"Poznaj swoje instruktorki","items":[{"ID":34036,"post_author":"41","post_date":"2025-02-20 12:50:14","post_date_gmt":"2025-02-20 11:50:14","post_content":"","post_title":"Fiona Carney","post_excerpt":"","post_status":"publish","comment_status":"closed","ping_status":"closed","post_password":"","post_name":"fiona-carney","to_ping":"","pinged":"","post_modified":"2025-10-31 16:46:13","post_modified_gmt":"2025-10-31 15:46:13","post_content_filtered":"","post_parent":0,"guid":"https:\/\/founderz.com\/?post_type=reviews&#038;p=34036","menu_order":0,"post_type":"reviews","post_mime_type":"","comment_count":"0","filter":"raw"},{"ID":135830,"post_author":"41","post_date":"2025-02-21 11:00:06","post_date_gmt":"2025-02-21 10:00:06","post_content":"","post_title":"Anna Cejudo","post_excerpt":"","post_status":"publish","comment_status":"closed","ping_status":"closed","post_password":"","post_name":"anna-cejudo","to_ping":"","pinged":"","post_modified":"2026-02-17 08:10:19","post_modified_gmt":"2026-02-17 07:10:19","post_content_filtered":"","post_parent":0,"guid":"https:\/\/founderz.com\/reviews\/anna-cejudo\/","menu_order":0,"post_type":"reviews","post_mime_type":"","comment_count":"0","filter":"raw"},{"ID":73613,"post_author":"41","post_date":"2025-11-25 12:15:54","post_date_gmt":"2025-11-25 11:15:54","post_content":"","post_title":"Jeana Jorgensen","post_excerpt":"","post_status":"publish","comment_status":"closed","ping_status":"closed","post_password":"","post_name":"jeana-jorgensen","to_ping":"","pinged":"","post_modified":"2025-11-25 12:15:54","post_modified_gmt":"2025-11-25 11:15:54","post_content_filtered":"","post_parent":0,"guid":"https:\/\/founderz.com\/?post_type=reviews&#038;p=73613","menu_order":0,"post_type":"reviews","post_mime_type":"","comment_count":"0","filter":"raw"},{"ID":34299,"post_author":"41","post_date":"2025-02-24 12:12:48","post_date_gmt":"2025-02-24 11:12:48","post_content":"","post_title":"Mihaela Vorvoreanu","post_excerpt":"","post_status":"publish","comment_status":"closed","ping_status":"closed","post_password":"","post_name":"mihaela-vorvoreanu-2","to_ping":"","pinged":"","post_modified":"2026-01-29 12:51:58","post_modified_gmt":"2026-01-29 11:51:58","post_content_filtered":"","post_parent":0,"guid":"https:\/\/founderz.com\/?post_type=reviews&#038;p=34299","menu_order":0,"post_type":"reviews","post_mime_type":"","comment_count":"0","filter":"raw"},{"ID":33971,"post_author":"41","post_date":"2025-02-19 16:40:40","post_date_gmt":"2025-02-19 15:40:40","post_content":"","post_title":"Anna Ogan","post_excerpt":"","post_status":"publish","comment_status":"closed","ping_status":"closed","post_password":"","post_name":"anna-ogan","to_ping":"","pinged":"","post_modified":"2026-01-29 13:31:14","post_modified_gmt":"2026-01-29 12:31:14","post_content_filtered":"","post_parent":0,"guid":"https:\/\/founderz.com\/?post_type=reviews&#038;p=33971","menu_order":0,"post_type":"reviews","post_mime_type":"","comment_count":"0","filter":"raw"},{"ID":33984,"post_author":"41","post_date":"2025-02-19 16:46:54","post_date_gmt":"2025-02-19 15:46:54","post_content":"","post_title":"Nina Rapp","post_excerpt":"","post_status":"publish","comment_status":"closed","ping_status":"closed","post_password":"","post_name":"nina-rapp","to_ping":"","pinged":"","post_modified":"2026-01-29 13:29:49","post_modified_gmt":"2026-01-29 12:29:49","post_content_filtered":"","post_parent":0,"guid":"https:\/\/founderz.com\/?post_type=reviews&#038;p=33984","menu_order":0,"post_type":"reviews","post_mime_type":"","comment_count":"0","filter":"raw"},{"ID":34209,"post_author":"41","post_date":"2025-02-21 11:05:46","post_date_gmt":"2025-02-21 10:05:46","post_content":"","post_title":"Leticia Gammill","post_excerpt":"","post_status":"publish","comment_status":"closed","ping_status":"closed","post_password":"","post_name":"leticia-gammill","to_ping":"","pinged":"","post_modified":"2026-01-29 13:20:58","post_modified_gmt":"2026-01-29 12:20:58","post_content_filtered":"","post_parent":0,"guid":"https:\/\/founderz.com\/?post_type=reviews&#038;p=34209","menu_order":0,"post_type":"reviews","post_mime_type":"","comment_count":"0","filter":"raw"},{"ID":34214,"post_author":"41","post_date":"2025-02-21 11:14:21","post_date_gmt":"2025-02-21 10:14:21","post_content":"","post_title":"Lurlene Duggan","post_excerpt":"","post_status":"publish","comment_status":"closed","ping_status":"closed","post_password":"","post_name":"lurlene-duggan","to_ping":"","pinged":"","post_modified":"2026-01-28 14:54:07","post_modified_gmt":"2026-01-28 13:54:07","post_content_filtered":"","post_parent":0,"guid":"https:\/\/founderz.com\/?post_type=reviews&#038;p=34214","menu_order":0,"post_type":"reviews","post_mime_type":"","comment_count":"0","filter":"raw"},{"ID":34060,"post_author":"41","post_date":"2025-02-20 13:18:05","post_date_gmt":"2025-02-20 12:18:05","post_content":"","post_title":"V\u00e2nia Neto","post_excerpt":"","post_status":"publish","comment_status":"closed","ping_status":"closed","post_password":"","post_name":"vania-neto","to_ping":"","pinged":"","post_modified":"2026-01-29 12:48:32","post_modified_gmt":"2026-01-29 11:48:32","post_content_filtered":"","post_parent":0,"guid":"https:\/\/founderz.com\/?post_type=reviews&#038;p=34060","menu_order":0,"post_type":"reviews","post_mime_type":"","comment_count":"0","filter":"raw"},{"ID":34062,"post_author":"41","post_date":"2025-02-20 13:18:50","post_date_gmt":"2025-02-20 12:18:50","post_content":"","post_title":"Emma Reid","post_excerpt":"","post_status":"publish","comment_status":"closed","ping_status":"closed","post_password":"","post_name":"emma-reid","to_ping":"","pinged":"","post_modified":"2026-01-29 13:14:15","post_modified_gmt":"2026-01-29 12:14:15","post_content_filtered":"","post_parent":0,"guid":"https:\/\/founderz.com\/?post_type=reviews&#038;p=34062","menu_order":0,"post_type":"reviews","post_mime_type":"","comment_count":"0","filter":"raw"}],"button":{"title":"Zarejestruj si\u0119 za darmo","link":"form"}},"form":{"title":"<h2 style=\"text-align: center;\">Twoja podr\u00f3\u017c ze sztuczn\u0105 inteligencj\u0105 zaczyna si\u0119 teraz<\/h2>\n","form":{"title":"<p>Do\u0142\u0105cz do spo\u0142eczno\u015bci kobiet kszta\u0142tuj\u0105cych przysz\u0142o\u015b\u0107.<br \/>Nie przegap swojej szansy!<\/p>\n","features":[{"icon":33184,"title":"Czas trwania","description":"3 godziny"},{"icon":33180,"title":"Tryb","description":"100% Online"}]}},"features":{"pre_title":"<p>Zarejestruj si\u0119 ju\u017c dzi\u015b za darmo.<\/p>\n","title":"AI Skills 4 Women","subtitle":"<p style=\"text-align: center;\">Odkryj potencja\u0142 sztucznej inteligencji, rozwijaj swoje kompetencje razem z innymi kobietami i tw\u00f3rz nowe mo\u017cliwo\u015bci dla siebie i kolejnych pokole\u0144.<\/p>\n","items":[{"pre_title":"Tylko","number":"12%","subtitle":"<p>naukowczy\u0144 zajmuj\u0105cych si\u0119<br \/>\nAI to kobiety.<\/p>\n","label":"UNESCO"},{"pre_title":"Mniej ni\u017c","number":"22%","subtitle":"<p>specjalistek ds.<br \/>\nAI stanowi\u0105 kobiety.<\/p>\n","label":"WEF"},{"pre_title":"Tylko","number":"24%","subtitle":"<p>stanowisk na wydzia\u0142ach uczelni,<br \/>\nzwi\u0105zanych z AI, zajmuj\u0105 kobiety.<\/p>\n","label":"AI Index Report 2024"}],"video_title":"Poznaj historie kobiet, kt\u00f3re ju\u017c do\u0142\u0105czy\u0142y do tego kursu i wyznaczaj\u0105 w\u0142asn\u0105 \u015bcie\u017ck\u0119 w \u015bwiecie sztucznej inteligencji.","video":"https:\/\/player.vimeo.com\/video\/1096404027","related_videos":{"title":"Poznaj histori\u0119 inspiruj\u0105cych kobiet z ca\u0142\u0119go \u015bwiata, kt\u00f3ry przesz\u0142y t\u0119 drog\u0119: to historie odwa\u017cnych liderek.","items":[{"img":54873,"name":"Birgitta","text":"Po kilku latach pracy w bran\u017cy hotelarskiej i prowadzeniu w\u0142asnej marki odzie\u017cy sportowej i jogi, Birgitta wskoczy\u0142a do programu Founderz \u00d7 Microsoft AI Skills for Women i pokocha\u0142a jego format nauki i wspieraj\u0105c\u0105 spo\u0142eczno\u015b\u0107. Pomog\u0142o jej to w stworzeniu prototypu \"Kinetic Verve\", opartej na sztucznej inteligencji, wolnej od os\u0105d\u00f3w aplikacji do coachingu jogi, i pobudzi\u0142o jej ciekawo\u015b\u0107, dok\u0105d sztuczna inteligencja mo\u017ce poprowadzi\u0107 jej karier\u0119.","video":"https:\/\/player.vimeo.com\/video\/1096982729"},{"img":54889,"name":"Jiayao","text":"Studentka studi\u00f3w magisterskich na Uniwersytecie w Barcelonie, pracuj\u0105ca na skrzy\u017cowaniu zdrowia psychicznego, rzeczywisto\u015bci mieszanej i integracji. Jiayao nazywa ten kurs \"biletem do przysz\u0142o\u015bci\". Zwi\u0119kszy\u0142o to jej pewno\u015b\u0107 siebie w tworzeniu integracyjnych, rzeczywistych narz\u0119dzi sztucznej inteligencji, kt\u00f3re wzmacniaj\u0105 ludzi i utwierdzi\u0142o j\u0105 w przekonaniu, \u017ce kobiety nale\u017c\u0105 do ka\u017cdego sto\u0142u technologicznego.    ","video":"https:\/\/player.vimeo.com\/video\/1096982782"},{"img":54905,"name":"Irene","text":"Urodzona w Caracas Irene, kt\u00f3ra dorasta\u0142a w Kalifornii i Nowym Jorku, przesz\u0142a od pracy z technologi\u0105 do budowania z ni\u0105 po zauwa\u017ceniu reklamy programu podczas Miesi\u0105ca Historii Kobiet. Teraz pisze kod i prezentuje SOMOS - wieloj\u0119zyczny, oparty na sztucznej inteligencji aplikacj\u0119 do \u015bledzenia wiadomo\u015bci w czasie rzeczywistym dla Ameryki \u0141aci\u0144skiej i twierdzi, \u017ce program rozpali\u0142 w niej motywacj\u0119, kt\u00f3rej potrzebowa\u0142a, by przekszta\u0142ci\u0107 sw\u00f3j pomys\u0142 w biznes. ","video":"https:\/\/player.vimeo.com\/video\/1096982858"}]}},"cta":{"bg":73999,"title":"","subtitle":"<div class=\"ewa-rteLine\" style=\"text-align: left;\">Poka\u017c swoje umiej\u0119tno\u015bci w fina\u0142owym wyzwaniu kursu i otrzymaj jedno ze <strong>150 stypendi\u00f3w od Founderz i Microsoft<\/strong> na <strong>3-miesi\u0119czny program online w zakresie sztucznej inteligencji i innowacji.<\/strong><\/div>\n","button":{"title":"Zarejestruj si\u0119 za darmo","link":"form"}},"cta_basic":{"title":"B\u0105d\u017a przysz\u0142o\u015bci\u0105 AI","subtitle":"<p style=\"text-align: center;\">W edycji 2025 przeszkolono ponad <strong>57 000 kobiet<\/strong> w <strong>ponad 30 krajach<\/strong>, a <strong>150 stypendi\u00f3w przyznano<\/strong> w ramach programu certyfikacji AI i innowacji. Chcesz zobaczy\u0107, jak daleko dojdziemy w edycji 2026?<\/p>\n","button":{"title":"Zarejestruj si\u0119 za darmo","link":"form","url":""}},"error":{"icon":34328,"title":"E-mail ju\u017c zarejestrowany","subtitle":"Ten adres e-mail jest ju\u017c zarejestrowany w naszym systemie. Mo\u017cesz spr\u00f3bowa\u0107 zalogowa\u0107 si\u0119 przy u\u017cyciu istniej\u0105cego konta lub u\u017cy\u0107 innego adresu e-mail. ","buttons":[{"title":"Logowanie","link":"https:\/\/learn.founderz.com\/login?program_slug=ai-skills-4-women"},{"title":"Spr\u00f3buj ponownie","link":"https:\/\/founderz.com\/pl\/ai-skills-4-women\/"}]},"colab":50674,"form_fields":{"name":{"label":"Imi\u0119","text":"Laura"},"last_name":{"label":"Nazwisko","text":"Smith"},"email":{"label":"E-mail","text":"example@outlook.com"},"btn_text":"Zarejestruj si\u0119 za darmo","terms":"<p>Zgadzam si\u0119 z Regulaminem i Polityk\u0105 prywatno\u015bci <a href=\"https:\/\/founderz.com\/terms-and-conditions\/\">Przeczytaj tutaj<\/a><\/p>\n","second_terms":"","sign_up_text":"Zaloguj si\u0119","sign_up_text_second":"Masz ju\u017c konto?","programa":"https:\/\/learn.founderz.com\/signup\/guest\/ai-skills-4-women","outro":""},"cta_final":{"title":"<h2>Poznaj nasze ambasadorki<\/h2>\n","subtitle":"<p style=\"text-align: center;\">Wsp\u00f3lnie z naszymi niezwyk\u0142ymi partnerami mo\u017cemy wspiera\u0107 wi\u0119cej kobiet na ca\u0142ym \u015bwiecie dzi\u0119ki edukacji w zakresie AI.<\/p>\n","logos":[{"img":135771},{"img":85578},{"img":85296},{"img":85318},{"img":85340},{"img":139924},{"img":34549},{"img":44762},{"img":84874},{"img":86040},{"img":136688},{"img":86093},{"img":139952},{"img":139844},{"img":139536},{"img":139692},{"img":139582},{"img":141017},{"img":141143},{"img":141198},{"img":78363},{"img":142818}],"button":{"title":"Zosta\u0144 partnerem","link":"mailto:aiskills4women@founderz.com"}},"colab_2":false,"hs_meta":{"program_id":"","program_edition":"0","program_name":""},"custom_code":{"code":""},"data_lead_type":{"type":"form_lead"},"hero":{"image":74383,"title":"<h1>Kieruj zmian\u0105.<br \/>\nPoznaj AI.<\/h1>\n","description":"<p>Do\u0142\u0105cz do bezp\u0142atnego kursu<br \/>\nAI Skills 4 Women.<\/p>\n","partner":{"text":"","image":false,"link":""},"secondary_partners":false,"button":{"text":"","link":""},"outro":""},"allowed_emails":"","json":{"data":""}},"acf":{"colab":50674,"colab_2":"","hero":{"image":74383,"title":"<h1>Kieruj zmian\u0105.\r\nPoznaj AI.<\/h1>","description":"Do\u0142\u0105cz do bezp\u0142atnego kursu\r\nAI Skills 4 Women.","partner":{"text":"","image":"","link":""},"secondary_partners":"","button":{"text":"","link":""},"outro":""},"features":{"pre_title":"Zarejestruj si\u0119 ju\u017c dzi\u015b za darmo.","title":"AI Skills 4 Women","subtitle":"<p style=\"text-align: center;\">Odkryj potencja\u0142 sztucznej inteligencji, rozwijaj swoje kompetencje razem z innymi kobietami i tw\u00f3rz nowe mo\u017cliwo\u015bci dla siebie i kolejnych pokole\u0144.<\/p>","items":[{"pre_title":"Tylko","number":"12%","subtitle":"naukowczy\u0144 zajmuj\u0105cych si\u0119\r\nAI to kobiety.","label":"UNESCO"},{"pre_title":"Mniej ni\u017c","number":"22%","subtitle":"specjalistek ds.\r\nAI stanowi\u0105 kobiety.","label":"WEF"},{"pre_title":"Tylko","number":"24%","subtitle":"stanowisk na wydzia\u0142ach uczelni,\r\nzwi\u0105zanych z AI, zajmuj\u0105 kobiety.","label":"AI Index Report 2024"}],"video_title":"Poznaj historie kobiet, kt\u00f3re ju\u017c do\u0142\u0105czy\u0142y do tego kursu i wyznaczaj\u0105 w\u0142asn\u0105 \u015bcie\u017ck\u0119 w \u015bwiecie sztucznej inteligencji.","video":"https:\/\/player.vimeo.com\/video\/1096404027","related_videos":{"title":"Poznaj histori\u0119 inspiruj\u0105cych kobiet z ca\u0142\u0119go \u015bwiata, kt\u00f3ry przesz\u0142y t\u0119 drog\u0119: to historie odwa\u017cnych liderek.","items":[{"img":54873,"name":"Birgitta","text":"Po kilku latach pracy w bran\u017cy hotelarskiej i prowadzeniu w\u0142asnej marki odzie\u017cy sportowej i jogi, Birgitta wskoczy\u0142a do programu Founderz \u00d7 Microsoft AI Skills for Women i pokocha\u0142a jego format nauki i wspieraj\u0105c\u0105 spo\u0142eczno\u015b\u0107. Pomog\u0142o jej to w stworzeniu prototypu \"Kinetic Verve\", opartej na sztucznej inteligencji, wolnej od os\u0105d\u00f3w aplikacji do coachingu jogi, i pobudzi\u0142o jej ciekawo\u015b\u0107, dok\u0105d sztuczna inteligencja mo\u017ce poprowadzi\u0107 jej karier\u0119.","video":"https:\/\/player.vimeo.com\/video\/1096982729"},{"img":54889,"name":"Jiayao","text":"Studentka studi\u00f3w magisterskich na Uniwersytecie w Barcelonie, pracuj\u0105ca na skrzy\u017cowaniu zdrowia psychicznego, rzeczywisto\u015bci mieszanej i integracji. Jiayao nazywa ten kurs \"biletem do przysz\u0142o\u015bci\". Zwi\u0119kszy\u0142o to jej pewno\u015b\u0107 siebie w tworzeniu integracyjnych, rzeczywistych narz\u0119dzi sztucznej inteligencji, kt\u00f3re wzmacniaj\u0105 ludzi i utwierdzi\u0142o j\u0105 w przekonaniu, \u017ce kobiety nale\u017c\u0105 do ka\u017cdego sto\u0142u technologicznego.    ","video":"https:\/\/player.vimeo.com\/video\/1096982782"},{"img":54905,"name":"Irene","text":"Urodzona w Caracas Irene, kt\u00f3ra dorasta\u0142a w Kalifornii i Nowym Jorku, przesz\u0142a od pracy z technologi\u0105 do budowania z ni\u0105 po zauwa\u017ceniu reklamy programu podczas Miesi\u0105ca Historii Kobiet. Teraz pisze kod i prezentuje SOMOS - wieloj\u0119zyczny, oparty na sztucznej inteligencji aplikacj\u0119 do \u015bledzenia wiadomo\u015bci w czasie rzeczywistym dla Ameryki \u0141aci\u0144skiej i twierdzi, \u017ce program rozpali\u0142 w niej motywacj\u0119, kt\u00f3rej potrzebowa\u0142a, by przekszta\u0142ci\u0107 sw\u00f3j pomys\u0142 w biznes. ","video":"https:\/\/player.vimeo.com\/video\/1096982858"}]}},"cta_basic":{"title":"B\u0105d\u017a przysz\u0142o\u015bci\u0105 AI","subtitle":"<p style=\"text-align: center;\">W edycji 2025 przeszkolono ponad <strong>57 000 kobiet<\/strong> w <strong>ponad 30 krajach<\/strong>, a <strong>150 stypendi\u00f3w przyznano<\/strong> w ramach programu certyfikacji AI i innowacji. Chcesz zobaczy\u0107, jak daleko dojdziemy w edycji 2026?<\/p>","button":{"title":"Zarejestruj si\u0119 za darmo","link":"form","url":""}},"learn":{"title":"Czego si\u0119 nauczysz","video_image":74268,"video":"https:\/\/player.vimeo.com\/video\/1139960729","teacher":"","items":[{"text":"<strong>Poznaj kluczowe pojecia i zasady dzia\u0142ania Al:<\/strong> Poznaj podstawy sztucznej inteligencij."},{"text":"<strong>Praktyczne zastosowania:<\/strong> Odkryj rzeczywiste przypadki u\u017cycia."},{"text":"<strong>Odpowiedzialne korzystanie z narz\u0119dzi sztucznej inteligencji:<\/strong> Odpowiedzialne opanowanie interakcji ze sztuczn\u0105 inteligencj\u0105."},{"text":"<strong>AI Cybersecurity &amp; Data Analytics:<\/strong> Niezb\u0119dne umiej\u0119tno\u015bci na przysz\u0142o\u015b\u0107."},{"text":"<strong>Przyw\u00f3dztwo i mentoring:<\/strong> Rozwijaj swoj\u0105 karier\u0119 dzi\u0119ki wskaz\u00f3wkom ekspert\u00f3w AI."}],"tools":{"title":"","items":null}},"form":{"title":"<h2 style=\"text-align: center;\">Twoja podr\u00f3\u017c ze sztuczn\u0105 inteligencj\u0105 zaczyna si\u0119 teraz<\/h2>","form":{"title":"Do\u0142\u0105cz do spo\u0142eczno\u015bci kobiet kszta\u0142tuj\u0105cych przysz\u0142o\u015b\u0107.<br>Nie przegap swojej szansy!","features":[{"icon":33184,"title":"Czas trwania","description":"3 godziny"},{"icon":33180,"title":"Tryb","description":"100% Online"}]}},"certification":{"img":33271,"title":"Oficjalne po\u015bwiadczenia Microsoft","subtitle":"Po uko\u0144czeniu kursu otrzymasz oficjalny certyfikat Microsoft Credential, kt\u00f3ry mo\u017cesz udost\u0119pni\u0107 na LinkedIn.","button":{"title":"Zarejestruj si\u0119 za darmo","link":"forma"}},"cta":{"bg":73999,"title":"","subtitle":"<div class=\"ewa-rteLine\" style=\"text-align: left;\">Poka\u017c swoje umiej\u0119tno\u015bci w fina\u0142owym wyzwaniu kursu i otrzymaj jedno ze <strong>150 stypendi\u00f3w od Founderz i Microsoft<\/strong> na <strong>3-miesi\u0119czny program online w zakresie sztucznej inteligencji i innowacji.<\/strong><\/div>","button":{"title":"Zarejestruj si\u0119 za darmo","link":"form"}},"syllabus":{"active":false,"title":"","background_color":"#000","items":""},"professors":{"title":"Poznaj swoje instruktorki","items":[34036,73613,34154,34299,33971,33984,34209,34214,34060,34062],"button":{"title":"Zarejestruj si\u0119 za darmo","link":"form"}},"cta_final":{"title":"<h2>Poznaj nasze ambasadorki<\/h2>","subtitle":"<p style=\"text-align: center;\">Wsp\u00f3lnie z naszymi niezwyk\u0142ymi partnerami mo\u017cemy wspiera\u0107 wi\u0119cej kobiet na ca\u0142ym \u015bwiecie dzi\u0119ki edukacji w zakresie AI.<\/p>","logos":[{"img":135771},{"img":85578},{"img":85296},{"img":85318},{"img":85340},{"img":139924},{"img":34549},{"img":44762},{"img":84874},{"img":86040},{"img":136688},{"img":86093},{"img":139952},{"img":139844},{"img":139536},{"img":139692},{"img":139582},{"img":141017},{"img":141143},{"img":141198},{"img":78363},{"img":142818}],"button":{"title":"Zosta\u0144 partnerem","link":"mailto:aiskills4women@founderz.com"}},"form_fields":{"name":{"label":"Imi\u0119","text":"Laura"},"last_name":{"label":"Nazwisko","text":"Smith"},"email":{"label":"E-mail","text":"example@outlook.com"},"btn_text":"Zarejestruj si\u0119 za darmo","terms":"Zgadzam si\u0119 z Regulaminem i Polityk\u0105 prywatno\u015bci <a href=\"https:\/\/founderz.com\/terms-and-conditions\/\">Przeczytaj tutaj<\/a>","second_terms":"","sign_up_text":"Zaloguj si\u0119","sign_up_text_second":"Masz ju\u017c konto?","programa":"https:\/\/learn.founderz.com\/signup\/guest\/ai-skills-4-women","outro":""},"error":{"icon":34328,"title":"E-mail ju\u017c zarejestrowany","subtitle":"Ten adres e-mail jest ju\u017c zarejestrowany w naszym systemie. Mo\u017cesz spr\u00f3bowa\u0107 zalogowa\u0107 si\u0119 przy u\u017cyciu istniej\u0105cego konta lub u\u017cy\u0107 innego adresu e-mail. ","buttons":[{"title":"Logowanie","link":"https:\/\/learn.founderz.com\/login?program_slug=ai-skills-4-women"},{"title":"Spr\u00f3buj ponownie","link":"https:\/\/founderz.com\/pl\/ai-skills-4-women\/"}]},"hs_meta":{"program_id":"","program_edition":"0","program_name":""},"custom_code":{"code":""},"allowed_emails":""},"_links":{"self":[{"href":"https:\/\/founderz.com\/pl\/wp-json\/wp\/v2\/pages\/86197","targetHints":{"allow":["GET"]}}],"collection":[{"href":"https:\/\/founderz.com\/pl\/wp-json\/wp\/v2\/pages"}],"about":[{"href":"https:\/\/founderz.com\/pl\/wp-json\/wp\/v2\/types\/page"}],"author":[{"embeddable":true,"href":"https:\/\/founderz.com\/pl\/wp-json\/wp\/v2\/users\/41"}],"replies":[{"embeddable":true,"href":"https:\/\/founderz.com\/pl\/wp-json\/wp\/v2\/comments?post=86197"}],"version-history":[{"count":2,"href":"https:\/\/founderz.com\/pl\/wp-json\/wp\/v2\/pages\/86197\/revisions"}],"predecessor-version":[{"id":138831,"href":"https:\/\/founderz.com\/pl\/wp-json\/wp\/v2\/pages\/86197\/revisions\/138831"}],"wp:featuredmedia":[{"embeddable":true,"href":"https:\/\/founderz.com\/pl\/wp-json\/wp\/v2\/media\/86199"}],"wp:attachment":[{"href":"https:\/\/founderz.com\/pl\/wp-json\/wp\/v2\/media?parent=86197"}],"wp:term":[{"taxonomy":"team_owner","embeddable":true,"href":"https:\/\/founderz.com\/pl\/wp-json\/wp\/v2\/team_owner?post=86197"}],"curies":[{"name":"wp","href":"https:\/\/api.w.org\/{rel}","templated":true}]}}