{"id":50276,"date":"2025-05-23T11:21:29","date_gmt":"2025-05-23T09:21:29","guid":{"rendered":"https:\/\/founderz.com\/ai4smallbusinesses\/"},"modified":"2026-04-01T09:26:20","modified_gmt":"2026-04-01T07:26:20","slug":"ai4smallbusinesses","status":"publish","type":"page","link":"https:\/\/founderz.com\/pt-pt\/ai4smallbusinesses\/","title":{"rendered":"AI 4 Small Businesses"},"content":{"rendered":"","protected":false},"excerpt":{"rendered":"","protected":false},"author":41,"featured_media":0,"parent":0,"menu_order":0,"comment_status":"closed","ping_status":"closed","template":"templates\/program-sticky-form.php","meta":{"_acf_changed":false,"inline_featured_image":false,"footnotes":""},"team_owner":[],"class_list":["post-50276","page","type-page","status-publish","hentry"],"acf_all":{"master_id":"false","hero":{"image":50697,"title":"<h1>IA: A Chave<br \/>\ndo Sucesso<br \/>\nEmpresarial<\/h1>\n","description":"<p>Descubra como usar a IA de forma eficaz para acelerar a inova\u00e7\u00e3o e tornar a sua empresa mais competitiva.<\/p>\n","cards":[{"img":49858,"title":"Programa 100% Gratuito","description":"Aprenda sem custos, com um programa totalmente financiado"},{"img":49872,"title":"Ins\u00edgnia da Microsoft","description":"Ganhe uma ins\u00edgnia reconhecida ap\u00f3s a conclus\u00e3o do curso."},{"img":49844,"title":"Inscri\u00e7\u00e3o Aberta","description":"Junte-se a qualquer momento e aprenda ao seu pr\u00f3prio ritmo."}],"button":{"title":"Inscreva-se gratuitamente","link":"form"},"partner":{"text":"em colabora\u00e7\u00e3o com","logo":50669},"hero_min_height":false,"dark_bg":false},"form_fields":{"name":{"label":"Nome","text":"Laura"},"last_name":{"label":"Apelido","text":"Smith"},"email":{"label":"E-mail","text":"example@outlook.com"},"btn_text":"Inscreva-se gratuitamente","terms":"<p>Concordo com os Termos e Condi\u00e7\u00f5es e Pol\u00edtica de Privacidade. <a href=\"https:\/\/founderz.com\/terms-and-conditions\/\">Leia aqui<\/a><\/p>\n","sign_up_text":"Iniciar sess\u00e3o","sign_up_text_second":"J\u00e1 tem uma conta?","programa":"https:\/\/learn.founderz.com\/signup\/guest\/ai-for-small-businesses-portugal"},"colab":43827,"description":{"title":"<h2>Democratizar a IA: para os restantes 99%<\/h2>\n","subtitle":"<p>A IA est\u00e1 rapidamente a tornar-se uma parte fundamental de empresas de todos os tamanhos. As pequenas empresas representam 99,2% de todos os neg\u00f3cios, a ado\u00e7\u00e3o da IA \u00e9 essencial para promover a efici\u00eancia, inova\u00e7\u00e3o e crescimento sustent\u00e1vel.<\/p>\n","video":"https:\/\/player.vimeo.com\/video\/1086094820","img":false,"final_text":"","dark_mode":false},"stats":{"items":[{"number":"78%","subtitle":"<p>dos trabalhadores de PMEs em todo o mundo j\u00e1 est\u00e3o a usar ferramentas de IA.<\/p>\n"},{"number":"80%","subtitle":"<p>dos utilizadores de PMEs est\u00e3o a trazer as suas pr\u00f3prias ferramentas de IA para o trabalho.<\/p>\n"},{"number":"79%","subtitle":"<p>Os empregados de PMEs reconhecem as compet\u00eancias em IA como essenciais para mais oportunidades de emprego<\/p>\n"}],"subtitle":"Estes dados s\u00e3o baseados nos resultados de uma pesquisa do Relat\u00f3rio Anual do \u00cdndice de Tend\u00eancias de Trabalho 2024."},"cta_basic":{"title":"Desbloqueie o Potencial da IA em Apenas Algumas Horas","subtitle":"<p>O curso demonstra como a IA pode melhorar fluxos de trabalho e a toma de decis\u00f5es, fornecendo orienta\u00e7\u00f5es pr\u00e1ticas sobre o uso de ferramentas de IA para opera\u00e7\u00f5es di\u00e1rias, marketing, planeamento financeiro e muito mais.<\/p>\n","button":{"title":"Inscreva-se gratuitamente","link":"form"}},"learn":{"title":"Vis\u00e3o Geral do Curso","subtitle":"","video_image":50342,"video":"https:\/\/player.vimeo.com\/video\/1087216008?h=b810e41ed8","teacher":[{"ID":50330,"post_author":"41","post_date":"2025-05-27 12:48:32","post_date_gmt":"2025-05-27 10:48:32","post_content":"","post_title":"Teresa D\u00e2maso","post_excerpt":"","post_status":"publish","comment_status":"closed","ping_status":"closed","post_password":"","post_name":"teresa-damaso","to_ping":"","pinged":"","post_modified":"2025-05-27 12:52:46","post_modified_gmt":"2025-05-27 10:52:46","post_content_filtered":"","post_parent":0,"guid":"https:\/\/founderz.com\/?post_type=reviews&#038;p=50330","menu_order":0,"post_type":"reviews","post_mime_type":"","comment_count":"0","filter":"raw"}],"items":[{"text":"<p><strong>Fundamentos da IA:<\/strong> Hist\u00f3ria e Perspectivas Estrat\u00e9gicas<\/p>\n"},{"text":"<p><strong>An\u00e1lise Pr\u00e1tica:<\/strong> Come\u00e7ar com Prompting<\/p>\n"},{"text":"<p><strong>Transforma\u00e7\u00e3o Empresarial Potenciada por IA<\/strong><\/p>\n"},{"text":"<p><strong>Cultivar uma Cultura de Inova\u00e7\u00e3o<\/strong><\/p>\n"},{"text":"<p><strong>IA e Ciberseguran\u00e7a:<\/strong> Como equilibrar Oportunidade e Risco<\/p>\n"},{"text":"<p><strong>Capacidades Avan\u00e7adas de IA:<\/strong> Explore Agentes de IA e automa\u00e7\u00e3o.<\/p>\n"},{"text":"<p><strong>IA Respons\u00e1vel:<\/strong> \u00c9tica e Responsabilidade<\/p>\n"}]},"cta":{"bg":50290,"title":"<h2>Desafio Final<br \/>\nOpcional:<br \/>\nAplicar IA ao Mundo Empresarial Real<\/h2>\n","subtitle":"<p>Participe de um exerc\u00edcio colaborativo para desenhar e implementar solu\u00e7\u00f5es potenciadas por IA para desafios empresariais. Esta sess\u00e3o interativa refor\u00e7a conceitos-chave e fomenta a inova\u00e7\u00e3o entre os participantes.<\/p>\n","button":{"title":"Inscreva-se gratuitamente","link":"form"}},"form":{"title":"<h2 style=\"text-align: center;\">A sua aventura com a IA come\u00e7a agora<\/h2>\n","form":{"title":"<p>Participe deste programa exclusivo de forma\u00e7\u00e3o em IA e potencie a inova\u00e7\u00e3o com confian\u00e7a\u2014N\u00e3o perca a sua oportunidade!<\/p>\n","features":[{"icon":43866,"title":"Dura\u00e7\u00e3o","description":"3 Horas"},{"icon":43856,"title":"Modo","description":"100% Online"}]}},"certification":{"img":39354,"title":"Ins\u00edgnia Oficial","subtitle":"Ap\u00f3s concluir o curso, receber\u00e1 uma Ins\u00edgnia oficial da Microsoft, que pode ser partilhada no LinkedIn.","button":{"title":"Inscreva-se gratuitamente","link":"form"}},"teachers":{"title":"Conhe\u00e7a os seus instrutores","items":[34777,34154,35598,35605,35612,35619,35626],"button":{"text":"Sign up for free","link":"form"}},"error":{"icon":43942,"title":"E-mail j\u00e1 cadastrado","subtitle":"Este e-mail j\u00e1 est\u00e1 registrado em nosso sistema. Voc\u00ea pode tentar fazer login com sua conta existente ou usar um endere\u00e7o de e-mail diferente.","buttons":[{"title":"Conecte-se","link":"https:\/\/learn.founderz.com\/login?program_slug=ai-for-small-businesses-portugal"},{"title":"Tente novamente","link":"https:\/\/founderz.com\/pt-pt\/ai4smallbusinesses\/"}]},"data_lead_type":{"type":"form_lead"},"info":{"title":"","subtitle":"","items":false,"small_cta":"","img":false},"json":{"data":""}},"acf":[],"_links":{"self":[{"href":"https:\/\/founderz.com\/pt-pt\/wp-json\/wp\/v2\/pages\/50276","targetHints":{"allow":["GET"]}}],"collection":[{"href":"https:\/\/founderz.com\/pt-pt\/wp-json\/wp\/v2\/pages"}],"about":[{"href":"https:\/\/founderz.com\/pt-pt\/wp-json\/wp\/v2\/types\/page"}],"author":[{"embeddable":true,"href":"https:\/\/founderz.com\/pt-pt\/wp-json\/wp\/v2\/users\/41"}],"replies":[{"embeddable":true,"href":"https:\/\/founderz.com\/pt-pt\/wp-json\/wp\/v2\/comments?post=50276"}],"version-history":[{"count":1,"href":"https:\/\/founderz.com\/pt-pt\/wp-json\/wp\/v2\/pages\/50276\/revisions"}],"predecessor-version":[{"id":147242,"href":"https:\/\/founderz.com\/pt-pt\/wp-json\/wp\/v2\/pages\/50276\/revisions\/147242"}],"wp:attachment":[{"href":"https:\/\/founderz.com\/pt-pt\/wp-json\/wp\/v2\/media?parent=50276"}],"wp:term":[{"taxonomy":"team_owner","embeddable":true,"href":"https:\/\/founderz.com\/pt-pt\/wp-json\/wp\/v2\/team_owner?post=50276"}],"curies":[{"name":"wp","href":"https:\/\/api.w.org\/{rel}","templated":true}]}}