{"id":73684,"date":"2025-02-11T11:11:00","date_gmt":"2025-02-11T10:11:00","guid":{"rendered":"https:\/\/founderz.com\/aiskills4women\/"},"modified":"2026-03-23T22:05:19","modified_gmt":"2026-03-23T21:05:19","slug":"ai-skills-4-women","status":"publish","type":"page","link":"https:\/\/founderz.com\/pt-pt\/ai-skills-4-women\/","title":{"rendered":"AI Skills 4 Women"},"content":{"rendered":"","protected":false},"excerpt":{"rendered":"<p>A free course designed for women in AI. Gain essential skills, connect with a supportive community, and explore career opportunities.<\/p>\n","protected":false},"author":41,"featured_media":74396,"parent":0,"menu_order":0,"comment_status":"closed","ping_status":"closed","template":"templates\/program-aiskills4women.php","meta":{"_acf_changed":false,"inline_featured_image":false,"footnotes":""},"team_owner":[],"class_list":["post-73684","page","type-page","status-publish","has-post-thumbnail","hentry"],"acf":{"colab":73688,"colab_2":"","hero":{"image":74396,"title":"<h1>Abra o caminho.\r\nAprenda a usar IA.<\/h1>","description":"Com o nosso curso gratuito\r\nAI Skills 4 Women.","partner":{"text":"","image":"","link":""},"secondary_partners":"","button":{"text":"","link":""},"outro":""},"features":{"pre_title":"Inscreva-se hoje gratuitamente.","title":"AI Skills 4 Women","subtitle":"<p style=\"text-align: center;\">Explore o potencial da intelig\u00eancia artificial, cres\u00e7a com outras mulheres e crie novas oportunidades para si e para quem vier a seguir.<\/p>","items":[{"pre_title":"Apenas","number":"12%","subtitle":"dos investigadores de IA\r\ns\u00e3o mulheres.","label":"UNESCO"},{"pre_title":"Menos de","number":"22%","subtitle":"dos profissionais de IA\r\ns\u00e3o mulheres.","label":"WEF"},{"pre_title":"Apenas","number":"24%","subtitle":"dos cargos docentes em IA s\u00e3o ocupados por mulheres.","label":"AI Index Report 2024"}],"video_title":"Descubra as hist\u00f3rias de mulheres que j\u00e1 aderiram a este curso e est\u00e3o a tra\u00e7ar o seu pr\u00f3prio caminho na IA.","video":"https:\/\/player.vimeo.com\/video\/1096404027","related_videos":{"title":"Conhe\u00e7a as mulheres inspiradoras de todo o mundo que est\u00e3o no centro desta jornada: impar\u00e1veis, ousadas e a abrir caminho.","items":[{"img":54873,"name":"Birgitta","text":"Depois de trabalhar em tecnologia hoteleira durante alguns anos e gerir a sua pr\u00f3pria marca de roupa desportiva e yoga, a Birgitta aderiu ao programa Founderz \u00d7 Microsoft AI Skills for Women e adorou o seu formato flex\u00edvel de aprendizagem e comunidade acolhedora. O programa ajudou-a a desenvolver o prot\u00f3tipo do \"Kinetic Verve\", uma aplica\u00e7\u00e3o de coaching de yoga com IA, livre de julgamentos, e deixou-a entusiasmada com as possibilidades que a IA pode trazer para a sua carreira.","video":"https:\/\/player.vimeo.com\/video\/1096982729"},{"img":54889,"name":"Jiayao","text":"Estudante de mestrado na Universidade de Barcelona, trabalha na interse\u00e7\u00e3o entre sa\u00fade mental, realidade mista e inclus\u00e3o. A Jiayao chama ao curso o seu \"passaporte para o futuro\". Aumentou a sua confian\u00e7a para criar ferramentas de IA inclusivas e pr\u00e1ticas que capacitam as pessoas e refor\u00e7ou a sua convic\u00e7\u00e3o de que as mulheres pertencem em todos os lugares onde a tecnologia est\u00e1.","video":"https:\/\/player.vimeo.com\/video\/1096982782"},{"img":54905,"name":"Irene","text":"Nascida em Caracas e criada na Calif\u00f3rnia e Nova Iorque, a Irene deu um salto para trabalhar com tecnologia, depois de ver o an\u00fancio do programa durante o M\u00eas da Hist\u00f3ria das Mulheres. Agora est\u00e1 a programar e a apresentar o SOMOS, um rastreador de not\u00edcias em tempo real, multilingue e com IA para a Am\u00e9rica Latina, e diz que o programa acendeu a motiva\u00e7\u00e3o de que precisava para transformar a sua ideia num neg\u00f3cio.","video":"https:\/\/player.vimeo.com\/video\/1096982858"}]}},"cta_basic":{"title":"Seja o futuro da IA","subtitle":"<p style=\"text-align: center;\">Na edi\u00e7\u00e3o de 2025, mais de <strong>57.000 mulheres<\/strong> em mais de <strong>30 pa\u00edses<\/strong> foram formadas, com <strong>150 bolsas atribu\u00eddas<\/strong> para o Programa de Certifica\u00e7\u00e3o em IA e Inova\u00e7\u00e3o. Agora \u00e9 a sua vez: junte-se \u00e0 comunidade e tenha a oportunidade de ganhar uma bolsa.<\/p>","button":{"title":"Inscreva-se hoje gratuitamente","link":"form","url":""}},"learn":{"title":"O que vai aprender","video_image":74281,"video":"https:\/\/player.vimeo.com\/video\/1139960729","teacher":"","items":[{"text":"<strong>Fundamentos de IA:<\/strong> Aprenda os conceitos b\u00e1sicos de intelig\u00eancia artificial."},{"text":"<strong>Aplica\u00e7\u00f5es Pr\u00e1ticas:<\/strong> Descubra casos de uso do mundo real."},{"text":"<strong>Engenharia de Prompts e \u00c9tica:<\/strong> Domine as intera\u00e7\u00f5es com IA de forma respons\u00e1vel."},{"text":"<strong>Ciberseguran\u00e7a e An\u00e1lise de Dados em IA:<\/strong> Compet\u00eancias essenciais para o futuro."},{"text":"<strong>Lideran\u00e7a e Mentoria:<\/strong> Desenvolva a sua carreira com orienta\u00e7\u00e3o de especialistas em IA."}]},"form":{"title":"<h2 style=\"text-align: center;\">A sua jornada em IA come\u00e7a agora<\/h2>","form":{"title":"Junte-se a uma comunidade de mulheres que est\u00e3o a moldar o futuro.\r\nBolsas limitadas dispon\u00edveis. N\u00e3o perca a sua oportunidade!","features":[{"icon":33184,"title":"Dura\u00e7\u00e3o","description":"3 horas"},{"icon":33180,"title":"Modalidade","description":"100% online"}]}},"certification":{"img":33271,"title":"Credencial Oficial da Microsoft","subtitle":"Ao concluir o curso, receber\u00e1 uma Credencial Oficial da Microsoft, que pode ser partilhada no LinkedIn.","button":{"title":"Sign Inscreva-se gratuitamente for free","link":"form"}},"cta":{"bg":74012,"title":"<h2>Supere o desafio final.\r\nObtenha uma bolsa em IA.<\/h2>","subtitle":"Mostre as suas compet\u00eancias no desafio final do curso e receba uma das <strong>150 bolsas da Founderz &amp; Microsoft<\/strong> para um <strong>programa online de 3 meses em IA &amp; Inova\u00e7\u00e3o.<\/strong>","button":{"title":"Inscreva-se hoje gratuitamente","link":"form"}},"syllabus":{"active":false,"title":"","background_color":"#000","items":""},"professors":{"title":"Conhe\u00e7a os seus instrutores","items":[34036,73613,34154,34299,33971,33984,34209,34214,34060,34062],"button":{"title":"Inscreva-se gratuitamente","link":"form"}},"cta_final":{"title":"<h2 style=\"text-align: center;\">Conhece as nossas Embaixadoras<\/h2>","subtitle":"<p style=\"text-align: center;\">Juntamente com os nossos incr\u00edveis parceiros, conseguimos capacitar mais mulheres em todo o mundo atrav\u00e9s da educa\u00e7\u00e3o em IA.<\/p>","logos":[{"img":135771},{"img":85578},{"img":85296},{"img":85318},{"img":85340},{"img":139924},{"img":34549},{"img":44762},{"img":84874},{"img":86040},{"img":136688},{"img":86093},{"img":139952},{"img":139844},{"img":139536},{"img":139692},{"img":139582},{"img":141017},{"img":141143},{"img":141198},{"img":78363},{"img":142818}],"button":{"title":"Torne-se parceiro","link":"mailto:aiskills4women@founderz.com"}},"form_fields":{"name":{"label":"Nome","text":"Laura"},"last_name":{"label":"Apelido","text":"Smith"},"email":{"label":"E-mail","text":"example@outlook.com"},"btn_text":"Inscreva-se gratuitamente","terms":"Concordo com os Termos e Condi\u00e7\u00f5es e a Pol\u00edtica de Privacidade <a href=\"https:\/\/founderz.com\/terms-and-conditions\/\">Ler aqui<\/a>","second_terms":"","sign_up_text":"Inscrever-me","sign_up_text_second":"J\u00e1 tem uma conta?","programa":"https:\/\/learn.founderz.com\/signup\/guest\/ai-skills-4-women","outro":""},"error":{"icon":34328,"title":" E-mail J\u00e1 Registado","subtitle":"Este e-mail j\u00e1 est\u00e1 registado no nosso sistema. Pode tentar iniciar sess\u00e3o com a sua conta existente ou utilizar um endere\u00e7o de e-mail diferente.","buttons":[{"title":"Iniciar sess\u00e3o","link":"https:\/\/learn.founderz.com\/login?program_slug=ai-skills-4-women"},{"title":"Tentar novamente","link":"https:\/\/founderz.com\/pt-pt\/aiskills4women\/"}]},"hs_meta":{"program_id":"","program_edition":"0","program_name":""},"custom_code":{"code":""},"allowed_emails":""},"_links":{"self":[{"href":"https:\/\/founderz.com\/pt-pt\/wp-json\/wp\/v2\/pages\/73684","targetHints":{"allow":["GET"]}}],"collection":[{"href":"https:\/\/founderz.com\/pt-pt\/wp-json\/wp\/v2\/pages"}],"about":[{"href":"https:\/\/founderz.com\/pt-pt\/wp-json\/wp\/v2\/types\/page"}],"author":[{"embeddable":true,"href":"https:\/\/founderz.com\/pt-pt\/wp-json\/wp\/v2\/users\/41"}],"replies":[{"embeddable":true,"href":"https:\/\/founderz.com\/pt-pt\/wp-json\/wp\/v2\/comments?post=73684"}],"version-history":[{"count":2,"href":"https:\/\/founderz.com\/pt-pt\/wp-json\/wp\/v2\/pages\/73684\/revisions"}],"predecessor-version":[{"id":141012,"href":"https:\/\/founderz.com\/pt-pt\/wp-json\/wp\/v2\/pages\/73684\/revisions\/141012"}],"wp:featuredmedia":[{"embeddable":true,"href":"https:\/\/founderz.com\/pt-pt\/wp-json\/wp\/v2\/media\/74396"}],"wp:attachment":[{"href":"https:\/\/founderz.com\/pt-pt\/wp-json\/wp\/v2\/media?parent=73684"}],"wp:term":[{"taxonomy":"team_owner","embeddable":true,"href":"https:\/\/founderz.com\/pt-pt\/wp-json\/wp\/v2\/team_owner?post=73684"}],"curies":[{"name":"wp","href":"https:\/\/api.w.org\/{rel}","templated":true}]}}