{"id":77444,"date":"2025-02-11T11:11:00","date_gmt":"2025-02-11T10:11:00","guid":{"rendered":"https:\/\/founderz.com\/ai-skills-4-women\/"},"modified":"2026-03-23T22:05:25","modified_gmt":"2026-03-23T21:05:25","slug":"ai-skills-4-women","status":"publish","type":"page","link":"https:\/\/founderz.com\/sl\/ai-skills-4-women\/","title":{"rendered":"AI Skills 4 Women"},"content":{"rendered":"","protected":false},"excerpt":{"rendered":"<p>Brezpla\u010dni te\u010daj, namenjen \u017eenskam na podro\u010dju umetne inteligence. Pridobite bistvene spretnosti, se pove\u017eite s podporno skupnostjo in razi\u0161\u010dite karierne prilo\u017enosti. <\/p>\n","protected":false},"author":41,"featured_media":77446,"parent":0,"menu_order":0,"comment_status":"closed","ping_status":"closed","template":"templates\/program-aiskills4women.php","meta":{"_acf_changed":false,"inline_featured_image":false,"footnotes":""},"team_owner":[],"class_list":["post-77444","page","type-page","status-publish","has-post-thumbnail","hentry"],"acf":{"colab":50674,"colab_2":"","hero":{"image":74383,"title":"<h1>Postavite se na \u010delo.\r\nNau\u010dite se umetne inteligence.<\/h1>","description":"Z na\u0161im brezpla\u010dnim te\u010dajem\r\nAI Skills 4 Women.","partner":{"text":"","image":"","link":""},"secondary_partners":null,"button":{"text":"","link":""},"outro":""},"features":{"pre_title":"\u0160e danes se brezpla\u010dno vpi\u0161ite.","title":"AI Skills 4 Women","subtitle":"<p style=\"text-align: center;\">Razi\u0161\u010dite potencial umetne inteligence, rastite skupaj z drugimi \u017eenskami ter ustvarite nove prilo\u017enosti zase in za tiste, ki vam bodo sledili.<\/p>","items":[{"pre_title":"Samo","number":"12%","subtitle":"raziskovalcev umetne inteligence\r\nso \u017eenske.","label":"UNESCO"},{"pre_title":"Manj kot","number":"22%","subtitle":"strokovnjakov na podro\u010dju umetne inteligence\r\nso \u017eenske.","label":"WEF"},{"pre_title":"Samo","number":"24%","subtitle":"fakultete za umetno inteligenco\r\nzasedajo \u017eenske.","label":"Poro\u010dilo o indeksu umetne inteligence za leto 2024"}],"video_title":"Odkrijte zgodbe \u017eensk, ki so se \u017ee pridru\u017eile temu te\u010daju in si ustvarjajo svojo pot v umetni inteligenci.","video":"https:\/\/player.vimeo.com\/video\/1096404027","related_videos":{"title":"Spoznajte navdihujo\u010de \u017eenske z vsega sveta, ki so v sredi\u0161\u010du tega potovanja: neustavljive, drzne in vodilne.","items":[{"img":54873,"name":"Birgitta","text":"Potem ko je nekaj let delala na podro\u010dju hotelske tehnologije in vodila lastno blagovno znamko \u0161portnih obla\u010dil in joge, se je Birgitta vklju\u010dila v program Founderz \u00d7 Microsoft AI Skills for Women in vzljubila njegovo obliko u\u010denja ob vsakem \u010dasu ter podporno skupnost. Program ji je pomagal ustvariti prototip \"Kinetic Verve\", aplikacijo za vadbo joge, ki jo poganja umetna inteligenca in ne vsebuje sodb, ter jo navdu\u0161il nad tem, kam lahko umetna inteligenca pripelje njeno kariero. ","video":"https:\/\/player.vimeo.com\/video\/1096982729"},{"img":54889,"name":"Jiayao","text":"Magistrska \u0161tudentka na Univerzi v Barceloni, ki se ukvarja z du\u0161evnim zdravjem, me\u0161ano resni\u010dnostjo in vklju\u010denostjo. Jiayao ta te\u010daj imenuje \"vstopnica za prihodnost\". Okrepil je njeno samozavest za ustvarjanje vklju\u010dujo\u010dih, realnih orodij umetne inteligence, ki krepijo vlogo ljudi, in utrdil njeno prepri\u010danje, da \u017eenske sodijo za vsako tehnolo\u0161ko mizo.    ","video":"https:\/\/player.vimeo.com\/video\/1096982782"},{"img":54905,"name":"Irene","text":"V Caracasu rojena Irene, ki je odra\u0161\u010dala v Kaliforniji in New Yorku, je pre\u0161la od dela s tehnologijo k njenemu razvoju, ko je med mesecem zgodovine \u017eensk opazila oglas programa. Zdaj pi\u0161e kodo in predstavlja SOMOS, ve\u010djezi\u010dni program za spremljanje novic v realnem \u010dasu z umetno inteligenco za Latinsko Ameriko, in pravi, da je program v njej zbudil motivacijo, ki jo je potrebovala, da bi svojo zamisel spremenila v podjetje. ","video":"https:\/\/player.vimeo.com\/video\/1096982858"}]}},"cta_basic":{"title":"Bodite prihodnost umetne inteligence","subtitle":"<p style=\"text-align: center;\">V letu 2025 se je usposabljalo ve\u010d kot <strong>57.000 \u017eensk<\/strong> iz <strong>ve\u010d kot 30 dr\u017eav<\/strong>,<strong>podeljenih pa je bilo tudi 150 \u0161tipendij za<\/strong> certifikacijski program za umetno inteligenco in inovacije. Zdaj ste na vrsti vi: pridru\u017eite se skupnosti in si zagotovite prilo\u017enost za pridobitev \u0161tipendije. <\/p>","button":{"title":"Prijavite se brezpla\u010dno","link":"form","url":""}},"learn":{"title":"Kaj se boste nau\u010dili","video_image":74268,"video":"https:\/\/player.vimeo.com\/video\/1139960729","teacher":"","items":[{"text":"<strong>Osnove umetne inteligence:<\/strong> Spoznajte osnove umetne inteligence."},{"text":"<strong>Prakti\u010dna uporaba:<\/strong> Odkrijte primere uporabe v resni\u010dnem svetu."},{"text":"<strong>Hitro in\u017eenirstvo in etika:<\/strong> Obvladajte interakcije z umetno inteligenco odgovorno."},{"text":"<strong>Kibernetska varnost in analiza podatkov z umetno inteligenco:<\/strong> Bistvena znanja in spretnosti za prihodnost."},{"text":"<strong>Vodenje in mentorstvo:<\/strong> Mentorstvo: Razvijajte svojo kariero z usmerjanjem strokovnjakov za umetno inteligenco."}]},"form":{"title":"<h2 style=\"text-align: center;\">Va\u0161e potovanje z umetno inteligenco se za\u010dne zdaj<\/h2>","form":{"title":"Pridru\u017eite se skupnosti \u017eensk, ki sooblikujejo prihodnost.\r\nNa voljo so omejene \u0161tipendije. Ne zamudite svoje prilo\u017enosti! ","features":[{"icon":33184,"title":"Trajanje","description":"3 ure"},{"icon":33180,"title":"Na\u010din","description":"100 % na spletu"}]}},"certification":{"img":33271,"title":"Uradno Microsoftovo pooblastilo","subtitle":"Po kon\u010danem te\u010daju boste prejeli uradno Microsoftovo pooblastilo, ki ga lahko delite v omre\u017eju LinkedIn.","button":{"title":"Prijavite se brezpla\u010dno","link":"form"}},"cta":{"bg":73999,"title":"<h2>Zmagajte v zadnjem izzivu.\r\nPridobite \u0161tipendijo AI.<\/h2>","subtitle":"<div class=\"ewa-rteLine\" style=\"text-align: left;\">Poka\u017eite svoje spretnosti v zaklju\u010dnem izzivu in prejmite eno od <strong>150 \u0161tipendij Founderza in Microsofta za<\/strong> <strong>3-mese\u010dni spletni program na podro\u010dju umetne inteligence in inovacij<\/strong>.<\/div>","button":{"title":"Prijavite se brezpla\u010dno","link":"form"}},"syllabus":{"active":false,"title":"","background_color":"#000","items":""},"professors":{"title":"Spoznajte svoje in\u0161truktorje","items":[34036,73613,34154,34299,33971,33984,34209,34214,34060,34062],"button":{"title":"Prijavite se brezpla\u010dno","link":"form"}},"cta_final":{"title":"<h2>Spoznajte na\u0161e ambasadorke<\/h2>","subtitle":"<p style=\"text-align: center;\">Skupaj z na\u0161imi izjemnimi partnerji lahko z izobra\u017eevanjem o umetni inteligenci opolnomo\u010dimo ve\u010d \u017eensk po vsem svetu.<\/p>","logos":[{"img":135771},{"img":85578},{"img":85296},{"img":85318},{"img":85340},{"img":139924},{"img":34549},{"img":44762},{"img":84874},{"img":86040},{"img":136688},{"img":86093},{"img":139952},{"img":139844},{"img":139536},{"img":139692},{"img":139582},{"img":141017},{"img":141143},{"img":141198},{"img":78363},{"img":142818}],"button":{"title":"Postanite partner","link":"mailto:aiskills4women@founderz.com"}},"form_fields":{"name":{"label":"Ime","text":"Laura"},"last_name":{"label":"Priimek","text":"Smith"},"email":{"label":"E-naslov","text":"example@outlook.com"},"btn_text":"Prijavite se brezpla\u010dno","terms":"Strinjam se s pogoji in pravili ter politiko zasebnosti <a href=\"https:\/\/founderz.com\/terms-and-conditions\/\">Preberite tukaj<\/a>","second_terms":"","sign_up_text":"Prijavite se","sign_up_text_second":"\u017de imate ra\u010dun?","programa":"https:\/\/learn.founderz.com\/signup\/guest\/ai-skills-4-women","outro":""},"error":{"icon":34328,"title":"\u017de registriran e-po\u0161tni naslov","subtitle":"Ta e-po\u0161ta je \u017ee registrirana v na\u0161em sistemu. Poskusite se prijaviti z obstoje\u010dim ra\u010dunom ali uporabite drug e-po\u0161tni naslov. ","buttons":[{"title":"Prijava","link":"https:\/\/learn.founderz.com\/login?program_slug=ai-skills-4-women"},{"title":"Poskusite znova","link":"https:\/\/founderz.com\/sl\/ai-skills-4-women\/"}]},"hs_meta":{"program_id":"","program_edition":"0","program_name":""},"custom_code":{"code":""},"allowed_emails":""},"_links":{"self":[{"href":"https:\/\/founderz.com\/sl\/wp-json\/wp\/v2\/pages\/77444","targetHints":{"allow":["GET"]}}],"collection":[{"href":"https:\/\/founderz.com\/sl\/wp-json\/wp\/v2\/pages"}],"about":[{"href":"https:\/\/founderz.com\/sl\/wp-json\/wp\/v2\/types\/page"}],"author":[{"embeddable":true,"href":"https:\/\/founderz.com\/sl\/wp-json\/wp\/v2\/users\/41"}],"replies":[{"embeddable":true,"href":"https:\/\/founderz.com\/sl\/wp-json\/wp\/v2\/comments?post=77444"}],"version-history":[{"count":1,"href":"https:\/\/founderz.com\/sl\/wp-json\/wp\/v2\/pages\/77444\/revisions"}],"predecessor-version":[{"id":141007,"href":"https:\/\/founderz.com\/sl\/wp-json\/wp\/v2\/pages\/77444\/revisions\/141007"}],"wp:featuredmedia":[{"embeddable":true,"href":"https:\/\/founderz.com\/sl\/wp-json\/wp\/v2\/media\/77446"}],"wp:attachment":[{"href":"https:\/\/founderz.com\/sl\/wp-json\/wp\/v2\/media?parent=77444"}],"wp:term":[{"taxonomy":"team_owner","embeddable":true,"href":"https:\/\/founderz.com\/sl\/wp-json\/wp\/v2\/team_owner?post=77444"}],"curies":[{"name":"wp","href":"https:\/\/api.w.org\/{rel}","templated":true}]}}