{"id":34592,"date":"2025-02-27T13:02:10","date_gmt":"2025-02-27T12:02:10","guid":{"rendered":"https:\/\/founderz.com\/ai-lyftet\/"},"modified":"2026-04-01T09:27:45","modified_gmt":"2026-04-01T07:27:45","slug":"ai-lyftet","status":"publish","type":"page","link":"https:\/\/founderz.com\/sv\/ai-lyftet\/","title":{"rendered":"AI-lyftet"},"content":{"rendered":"","protected":false},"excerpt":{"rendered":"<p>A free course designed for women in AI. Gain essential skills, connect with a supportive community, and explore career opportunities.<\/p>\n","protected":false},"author":41,"featured_media":0,"parent":0,"menu_order":0,"comment_status":"closed","ping_status":"closed","template":"templates\/program-aiskills4women.php","meta":{"_acf_changed":false,"inline_featured_image":false,"footnotes":""},"team_owner":[],"class_list":["post-34592","page","type-page","status-publish","hentry"],"acf":{"colab":"","colab_2":"","hero":{"image":34612,"title":"<h1>AI f\u00f6r alla<\/h1>","description":"En grundkurs f\u00f6r att f\u00f6rst\u00e5 centrala begrepp och utforska AI:s potential f\u00f6r b\u00e5de vardagsliv och arbete","partner":{"text":"i samarbete med","image":34618,"link":"https:\/\/pulse.microsoft.com\/sv-se\/ai-lyftet\/"},"secondary_partners":"","button":{"text":"","link":""},"outro":""},"features":{"pre_title":"","title":"","subtitle":"","items":null,"video_title":"","video":"","related_videos":{"title":"","items":null}},"cta_basic":{"title":"","subtitle":"","button":{"title":"","link":"","url":""}},"learn":{"title":"Kurs\u00f6versikt","video_image":34665,"video":"https:\/\/player.vimeo.com\/video\/1060230958","teacher":[34670],"items":[{"text":"<strong>AI:s p\u00e5verkan:<\/strong>\u00a0P\u00e5 organisationer och samh\u00e4llet"},{"text":"<strong>AI i praktiken: <\/strong>Hur AI anv\u00e4nds idag"},{"text":"<strong>Grunderna i AI:\u00a0<\/strong>Vad AI \u00e4r, viktiga begrepp och hur det fungerar"},{"text":"<strong>Framtidsperspektiv:\u00a0<\/strong>Framtidens AI och att navigera f\u00f6r\u00e4ndring"}]},"form":{"title":"<h2 style=\"text-align: center;\">Din AI-resa b\u00f6rjar nu<\/h2>","form":{"title":"<p class=\"p1\">Ta chansen att g\u00e5 denna kurs f\u00f6r att h\u00f6ja din AI-kompetens<\/p>","features":[{"icon":33184,"title":"Tids\u00e5tg\u00e5ng","description":"2 timmar"},{"icon":33180,"title":"Format","description":"100% online"}]}},"certification":{"img":"","title":"","subtitle":"","button":{"title":"","link":""}},"cta":{"bg":"","title":"","subtitle":"","button":{"title":"","link":""}},"syllabus":{"active":false,"title":"","background_color":"#000","items":""},"professors":{"title":"M\u00f6t dina instrukt\u00f6rer","items":[34670,34735,34726,34717,34728,34712,34722],"button":{"title":"Registrera dig gratis","link":"form"}},"cta_final":{"title":"","subtitle":"","logos":null,"button":{"title":"","link":""}},"form_fields":{"name":{"label":"F\u00f6rnamn","text":"Laura"},"last_name":{"label":"Efternamn","text":"Smith"},"email":{"label":"E-post","text":"example@outlook.com"},"btn_text":"Registrera dig gratis","terms":"Jag godk\u00e4nner villkoren och sekretesspolicyn <a href=\"https:\/\/founderz.com\/terms-and-conditions\/\">L\u00e4s h\u00e4r<\/a>","second_terms":"","sign_up_text":"","sign_up_text_second":"","programa":"https:\/\/learn.founderz.com\/signup\/guest\/ai-for-alla","outro":""},"error":{"icon":34328,"title":"E-post redan registrerad","subtitle":"E-postadressen du f\u00f6rs\u00f6ker anv\u00e4nda \u00e4r redan registrerad p\u00e5 plattformen. Du kan logga in eller anv\u00e4nda en annan e-postadress f\u00f6r att registrera dig.","buttons":[{"title":"Logga in","link":"https:\/\/learn.founderz.com\/login?program_slug=ai-for-alla&ws=ai-lyftet"},{"title":"Byt e-postadress","link":"https:\/\/founderz.com\/sv\/ai-lyftet\/"}]},"hs_meta":{"program_id":"","program_edition":"0","program_name":""},"custom_code":{"code":""},"allowed_emails":""},"_links":{"self":[{"href":"https:\/\/founderz.com\/sv\/wp-json\/wp\/v2\/pages\/34592","targetHints":{"allow":["GET"]}}],"collection":[{"href":"https:\/\/founderz.com\/sv\/wp-json\/wp\/v2\/pages"}],"about":[{"href":"https:\/\/founderz.com\/sv\/wp-json\/wp\/v2\/types\/page"}],"author":[{"embeddable":true,"href":"https:\/\/founderz.com\/sv\/wp-json\/wp\/v2\/users\/41"}],"replies":[{"embeddable":true,"href":"https:\/\/founderz.com\/sv\/wp-json\/wp\/v2\/comments?post=34592"}],"version-history":[{"count":1,"href":"https:\/\/founderz.com\/sv\/wp-json\/wp\/v2\/pages\/34592\/revisions"}],"predecessor-version":[{"id":147245,"href":"https:\/\/founderz.com\/sv\/wp-json\/wp\/v2\/pages\/34592\/revisions\/147245"}],"wp:attachment":[{"href":"https:\/\/founderz.com\/sv\/wp-json\/wp\/v2\/media?parent=34592"}],"wp:term":[{"taxonomy":"team_owner","embeddable":true,"href":"https:\/\/founderz.com\/sv\/wp-json\/wp\/v2\/team_owner?post=34592"}],"curies":[{"name":"wp","href":"https:\/\/api.w.org\/{rel}","templated":true}]}}