{"id":50429,"date":"2025-05-27T21:55:55","date_gmt":"2025-05-27T19:55:55","guid":{"rendered":"https:\/\/founderz.com\/?page_id=50429"},"modified":"2025-06-10T11:26:10","modified_gmt":"2025-06-10T09:26:10","slug":"copilot-for-alla","status":"publish","type":"page","link":"https:\/\/founderz.com\/sv\/ai-lyftet\/copilot-for-alla\/","title":{"rendered":"Copilot f\u00f6r alla"},"content":{"rendered":"","protected":false},"excerpt":{"rendered":"<p>A free course designed for women in AI. Gain essential skills, connect with a supportive community, and explore career opportunities.<\/p>\n","protected":false},"author":41,"featured_media":0,"parent":34592,"menu_order":0,"comment_status":"closed","ping_status":"closed","template":"templates\/ai-for-leaders.php","meta":{"_acf_changed":false,"inline_featured_image":false,"footnotes":""},"team_owner":[],"class_list":["post-50429","page","type-page","status-publish","hentry"],"acf_all":{"master_id":"false","hero":{"bg":34612,"pretitle":"<p>En inspirationskurs f\u00f6r att utforska och b\u00f6rja anv\u00e4nda Copilot i din vardag.<\/p>\n","title":"<h1>Copilot f\u00f6r alla<\/h1>\n","partner":{"title":"i samarbete med","img":34618,"link":"https:\/\/pulse.microsoft.com\/sv-se\/ai-lyftet\/"},"buttons_title":"<p>V\u00e4lj spr\u00e5k f\u00f6r kursen:<\/p>\n","buttons":[{"form_title":"Copilot f\u00f6r alla","title":"Svenska","program":"ai-lyftet-copilot-for-alla","back_button_text":"Tillbaka till val","form_to_show":"sv"},{"form_title":"Copilot for all","title":"English","program":"ai-liftet-copilot-for-all","back_button_text":"Back to selection","form_to_show":"en"}]},"learn":{"title":"Kurs\u00f6versikt","video_image":50449,"video":"https:\/\/player.vimeo.com\/video\/1086491812","teacher":[{"ID":51827,"post_author":"41","post_date":"2025-06-03 16:40:23","post_date_gmt":"2025-06-03 14:40:23","post_content":"","post_title":"Annica Wallenbro Stojcevski","post_excerpt":"","post_status":"publish","comment_status":"closed","ping_status":"closed","post_password":"","post_name":"annica-wallenbro-stojcevski","to_ping":"","pinged":"","post_modified":"2025-06-03 16:40:23","post_modified_gmt":"2025-06-03 14:40:23","post_content_filtered":"","post_parent":0,"guid":"https:\/\/founderz.com\/?post_type=reviews&#038;p=51827","menu_order":0,"post_type":"reviews","post_mime_type":"","comment_count":"0","filter":"raw"}],"items":[{"text":"<p><strong>Kom ig\u00e5ng med Copilot: <\/strong>En genomg\u00e5ng av Microsoft Copilot&amp;Copilot Chat samt exempel p\u00e5 verkliga anv\u00e4ndningsfall som visar hur dessa AI-verktyg kan f\u00f6renkla och effektivisera din vardag.<\/p>\n"},{"text":"<p><strong>Att skriva en bra prompt: <\/strong>L\u00e4r dig vad som k\u00e4nnetecknar en tydlig och effektiv prompt. Vi g\u00e5r igenom vad du beh\u00f6ver t\u00e4nka p\u00e5 och olika tekniker du kan testa f\u00f6r att f\u00e5 b\u00e4ttre och mer relevanta svar fr\u00e5n Copilot.<\/p>\n"},{"text":"<p><strong>Utforska framtiden med AI-agenter: <\/strong>En introduktion till vad AI-agenter \u00e4r och hur dessa intelligenta assistenter kan anv\u00e4ndas genom Copilot.<\/p>\n"}]},"certification":{"img":false,"title":"","subtitle":"","button":{"title":"","link":""}},"syllabus":{"active":false,"title":"","background_color":"#000","items":""},"professors":{"title":"M\u00f6t dina instrukt\u00f6rer","items":[{"ID":51827,"post_author":"41","post_date":"2025-06-03 16:40:23","post_date_gmt":"2025-06-03 14:40:23","post_content":"","post_title":"Annica Wallenbro Stojcevski","post_excerpt":"","post_status":"publish","comment_status":"closed","ping_status":"closed","post_password":"","post_name":"annica-wallenbro-stojcevski","to_ping":"","pinged":"","post_modified":"2025-06-03 16:40:23","post_modified_gmt":"2025-06-03 14:40:23","post_content_filtered":"","post_parent":0,"guid":"https:\/\/founderz.com\/?post_type=reviews&#038;p=51827","menu_order":0,"post_type":"reviews","post_mime_type":"","comment_count":"0","filter":"raw"},{"ID":50487,"post_author":"41","post_date":"2025-05-27 22:39:06","post_date_gmt":"2025-05-27 20:39:06","post_content":"","post_title":"Peter Rhodin","post_excerpt":"","post_status":"publish","comment_status":"closed","ping_status":"closed","post_password":"","post_name":"peter-rhodin","to_ping":"","pinged":"","post_modified":"2025-05-27 22:39:06","post_modified_gmt":"2025-05-27 20:39:06","post_content_filtered":"","post_parent":0,"guid":"https:\/\/founderz.com\/reviews\/peter-rhodin\/","menu_order":0,"post_type":"reviews","post_mime_type":"","comment_count":"0","filter":"raw"},{"ID":50503,"post_author":"41","post_date":"2025-05-27 22:41:34","post_date_gmt":"2025-05-27 20:41:34","post_content":"","post_title":"Liv Cederin","post_excerpt":"","post_status":"publish","comment_status":"closed","ping_status":"closed","post_password":"","post_name":"liv-cederin-2","to_ping":"","pinged":"","post_modified":"2025-05-27 22:41:34","post_modified_gmt":"2025-05-27 20:41:34","post_content_filtered":"","post_parent":0,"guid":"https:\/\/founderz.com\/reviews\/liv-cederin-2\/","menu_order":0,"post_type":"reviews","post_mime_type":"","comment_count":"0","filter":"raw"},{"ID":50519,"post_author":"41","post_date":"2025-05-27 22:44:05","post_date_gmt":"2025-05-27 20:44:05","post_content":"","post_title":"Alice Bostr\u00f6m","post_excerpt":"","post_status":"publish","comment_status":"closed","ping_status":"closed","post_password":"","post_name":"alice-bostrom","to_ping":"","pinged":"","post_modified":"2025-05-27 22:44:05","post_modified_gmt":"2025-05-27 20:44:05","post_content_filtered":"","post_parent":0,"guid":"https:\/\/founderz.com\/reviews\/alice-bostrom\/","menu_order":0,"post_type":"reviews","post_mime_type":"","comment_count":"0","filter":"raw"},{"ID":50535,"post_author":"41","post_date":"2025-05-27 22:46:31","post_date_gmt":"2025-05-27 20:46:31","post_content":"","post_title":"Charlotte T\u00f6rner Bergius","post_excerpt":"","post_status":"publish","comment_status":"closed","ping_status":"closed","post_password":"","post_name":"charlotte-torner-bergius","to_ping":"","pinged":"","post_modified":"2025-05-27 22:46:31","post_modified_gmt":"2025-05-27 20:46:31","post_content_filtered":"","post_parent":0,"guid":"https:\/\/founderz.com\/reviews\/charlotte-torner-bergius\/","menu_order":0,"post_type":"reviews","post_mime_type":"","comment_count":"0","filter":"raw"},{"ID":50551,"post_author":"41","post_date":"2025-05-27 22:48:34","post_date_gmt":"2025-05-27 20:48:34","post_content":"","post_title":"Michael Bohlin","post_excerpt":"","post_status":"publish","comment_status":"closed","ping_status":"closed","post_password":"","post_name":"michael-bohlin","to_ping":"","pinged":"","post_modified":"2025-05-27 22:49:38","post_modified_gmt":"2025-05-27 20:49:38","post_content_filtered":"","post_parent":0,"guid":"https:\/\/founderz.com\/reviews\/michael-bohlin\/","menu_order":0,"post_type":"reviews","post_mime_type":"","comment_count":"0","filter":"raw"}],"button":{"title":"Registrera dig gratis","link":"form"}},"form":{"title":"<h2 style=\"text-align: center;\">Din AI-resa b\u00f6rjar nu<\/h2>\n","form":{"title":"<p class=\"p1\">Ta chansen att g\u00e5 denna kurs f\u00f6r att h\u00f6ja din AI-kompetens<\/p>\n","features":[{"icon":33184,"title":"Tids\u00e5tg\u00e5ng","description":"1 timma"},{"icon":33180,"title":"Format","description":"100% online"}]}},"features":{"pre_title":"","title":"","subtitle":"","items":false,"video_title":"","video":"","related_videos":{"title":"","items":false}},"cta":{"bg":false,"title":"","subtitle":"","button":{"title":"","link":""}},"cta_basic":{"title":"","subtitle":"","button":{"title":"","link":"","url":""}},"error":{"icon":34328,"title":"E-post redan registrerad","subtitle":"E-postadressen du f\u00f6rs\u00f6ker anv\u00e4nda \u00e4r redan registrerad p\u00e5 plattformen. Du kan logga in eller anv\u00e4nda en annan e-postadress f\u00f6r att registrera dig.","buttons":[{"title":"Logga in","link":"https:\/\/learn.founderz.com\/login?program_slug=ai-for-alla&ws=ai-lyftet"},{"title":"Byt e-postadress","link":"https:\/\/founderz.com\/sv\/ai-lyftet\/"}]},"colab":false,"form_fields":{"id":"sv","id_alt":"en","name":{"label":"F\u00f6rnamn","text":"Laura"},"name_alt":{"label":"Name","text":"Laura"},"last_name":{"label":"Efternamn","text":"Smith"},"last_name_alt":{"label":"Last name","text":"Smith"},"email":{"label":"E-post","text":"example@outlook.com"},"email_alt":{"label":"E-mail","text":"example@outlook.com"},"btn_text":"Registrera dig gratis","btn_text_alt":"Sign up for free","terms":"<p>Jag godk\u00e4nner villkoren och sekretesspolicyn <a href=\"https:\/\/founderz.com\/terms-and-conditions\/\">L\u00e4s h\u00e4r<\/a><\/p>\n","terms_alt":"<p>I agree to the Terms and Conditions and Privacy Policy\u00a0<a href=\"https:\/\/founderz.com\/terms-and-conditions\/\">Read here<\/a><\/p>\n","sign_up_text":"","sign_up_text_alt":"","sign_up_text_second":""},"cta_final":{"title":"","subtitle":"","logos":false,"button":{"title":"","link":""}},"colab_2":false},"acf":[],"_links":{"self":[{"href":"https:\/\/founderz.com\/sv\/wp-json\/wp\/v2\/pages\/50429","targetHints":{"allow":["GET"]}}],"collection":[{"href":"https:\/\/founderz.com\/sv\/wp-json\/wp\/v2\/pages"}],"about":[{"href":"https:\/\/founderz.com\/sv\/wp-json\/wp\/v2\/types\/page"}],"author":[{"embeddable":true,"href":"https:\/\/founderz.com\/sv\/wp-json\/wp\/v2\/users\/41"}],"replies":[{"embeddable":true,"href":"https:\/\/founderz.com\/sv\/wp-json\/wp\/v2\/comments?post=50429"}],"version-history":[{"count":0,"href":"https:\/\/founderz.com\/sv\/wp-json\/wp\/v2\/pages\/50429\/revisions"}],"up":[{"embeddable":true,"href":"https:\/\/founderz.com\/sv\/wp-json\/wp\/v2\/pages\/34592"}],"wp:attachment":[{"href":"https:\/\/founderz.com\/sv\/wp-json\/wp\/v2\/media?parent=50429"}],"wp:term":[{"taxonomy":"team_owner","embeddable":true,"href":"https:\/\/founderz.com\/sv\/wp-json\/wp\/v2\/team_owner?post=50429"}],"curies":[{"name":"wp","href":"https:\/\/api.w.org\/{rel}","templated":true}]}}