{"id":74233,"date":"2025-02-11T11:11:00","date_gmt":"2025-02-11T10:11:00","guid":{"rendered":"https:\/\/founderz.com\/ai-skills-4-women\/"},"modified":"2026-03-23T22:04:49","modified_gmt":"2026-03-23T21:04:49","slug":"ai-skills-4-women","status":"publish","type":"page","link":"https:\/\/founderz.com\/sv\/ai-skills-4-women\/","title":{"rendered":"AI Skills 4 Women"},"content":{"rendered":"","protected":false},"excerpt":{"rendered":"<p>En kostnadsfri kurs utformad f\u00f6r kvinnor inom AI. F\u00e5 viktiga f\u00e4rdigheter, f\u00e5 kontakt med en st\u00f6djande gemenskap och utforska karri\u00e4rm\u00f6jligheter. <\/p>\n","protected":false},"author":41,"featured_media":74399,"parent":0,"menu_order":0,"comment_status":"closed","ping_status":"closed","template":"templates\/program-aiskills4women.php","meta":{"_acf_changed":false,"inline_featured_image":false,"footnotes":""},"team_owner":[],"class_list":["post-74233","page","type-page","status-publish","has-post-thumbnail","hentry"],"acf":{"colab":75634,"colab_2":"","hero":{"image":74399,"title":"<h1>Visa v\u00e4gen.\r\nL\u00e4r dig AI.<\/h1>","description":"Med v\u00e5r kostnadsfria kurs\r\nAI Skills 4 Women.","partner":{"text":"","image":"","link":""},"secondary_partners":null,"button":{"text":"","link":""},"outro":""},"features":{"pre_title":"Registrera dig gratis idag.","title":"AI Skills 4 Women","subtitle":"<p style=\"text-align: center;\">Utforska m\u00f6jligheterna med artificiell intelligens, utvecklas tillsammans med andra kvinnor och skapa nya m\u00f6jligheter - b\u00e5de f\u00f6r dig sj\u00e4lv och f\u00f6r dem som f\u00f6ljer efter.<\/p>","items":[{"pre_title":"Endast","number":"12%","subtitle":"av de som forskar inom AI \u00e4r kvinnor.","label":"UNESCO"},{"pre_title":"Mindre \u00e4n","number":"22%","subtitle":"av personer som arbetar med AI \u00e4r kvinnor.","label":"WEF"},{"pre_title":"Bara","number":"24%","subtitle":"av akademiska tj\u00e4nster inom AI innehas av kvinnor","label":"AI-indexrapport 2024"}],"video_title":"Uppt\u00e4ck ber\u00e4ttelserna fr\u00e5n kvinnor som redan g\u00e5tt kursen och banar sin egen v\u00e4g inom AI.","video":"https:\/\/player.vimeo.com\/video\/1096404027","related_videos":{"title":"","items":[{"img":54873,"name":"Birgitta","text":"Efter att ha arbetat med hotellteknologi i n\u00e5gra \u00e5r och drivit sitt eget sportkl\u00e4des- och yogam\u00e4rke, hoppade Birgitta p\u00e5 programmet Founderz x Microsoft AI Skills for Women. Hon \u00e4lskade uppl\u00e4gget med flexibelt l\u00e4rande och det st\u00f6ttande communityt. Kursen hj\u00e4lpte henne att ta fram prototypen Kinetic Verve - en AI-driven, f\u00f6rdomsfri yoga-coachingapp - och fick henne att k\u00e4nna entusiasm inf\u00f6r hur AI kan ta hennes karri\u00e4r vidare.","video":"https:\/\/player.vimeo.com\/video\/1096982729"},{"img":54889,"name":"Jiayao","text":"Jiayao, masterstudent vid universitetet i Barcelona, arbetar i sk\u00e4rningspunkten mellan mental h\u00e4lsa, mixed reality och inkludering. Hon kallar kursen sin \u201dbiljett till framtiden\u201d. Den st\u00e4rkte hennes sj\u00e4lvf\u00f6rtroende att skapa inkluderande AI-verktyg f\u00f6r verkliga behov, som st\u00e4rker m\u00e4nniskor och bekr\u00e4ftade hennes \u00f6vertygelse om att kvinnor h\u00f6r hemma vid varje tech-bord.","video":"https:\/\/player.vimeo.com\/video\/1096982782"},{"img":54905,"name":"Irene","text":"Caracas-f\u00f6dda Irene, som v\u00e4xte upp i Kalifornien och New York, tog steget fr\u00e5n att arbeta med teknik till att skapa med den efter att ha sett programmets annons under Women\u2019s History Month. Hon skriver nu kod och pitchar SOMOS - en AI-driven, flerspr\u00e5kig nyhetssp\u00e5rare i realtid f\u00f6r Latinamerika -  och s\u00e4ger att programmet gav henne den motivation hon beh\u00f6vde f\u00f6r att omvandla sin id\u00e9 till ett f\u00f6retag.","video":"https:\/\/player.vimeo.com\/video\/1096982858"}]}},"cta_basic":{"title":"Forma framtiden med AI","subtitle":"<p style=\"text-align: center;\">I 2025 \u00e5rs upplaga har \u00f6ver 57\u202f000 kvinnor i 30+ l\u00e4nder utbildats, och 150 stipendier har delats ut f\u00f6r Founderz \"AI and Innovation Certificate Program\".<\/p>","button":{"title":"Registrera dig kostnadsfritt","link":"form","url":""}},"learn":{"title":"Vad du kommer att l\u00e4ra dig","video_image":74284,"video":"https:\/\/player.vimeo.com\/video\/1139960729","teacher":"","items":[{"text":"<strong>Grundl\u00e4ggande AI<\/strong>: L\u00e4r dig grunderna i artificiell intelligens."},{"text":"<strong>Praktiska till\u00e4mpningar:<\/strong> Utforska verkliga exempel p\u00e5 hur AI anv\u00e4nds."},{"text":"<strong>Prompt Engineering och etik:<\/strong> L\u00e4r dig hur du anv\u00e4nder AI p\u00e5 ett ansvarsfullt s\u00e4tt."},{"text":"<strong>AI cybers\u00e4kerhet och dataanalys<\/strong>: Viktiga f\u00e4rdigheter f\u00f6r framtiden."},{"text":"<strong>Ledarskap och mentorskap:<\/strong> Utveckla din karri\u00e4r med v\u00e4gledning fr\u00e5n AI-experter."}]},"form":{"title":"<h2 style=\"text-align: center;\">Din AI-resa b\u00f6rjar nu<\/h2>","form":{"title":"G\u00e5 med i en gemenskap av kvinnor som formar framtiden.\r\nBegr\u00e4nsat antal stipendier tillg\u00e4ngliga. Missa inte din chans!","features":[{"icon":33184,"title":"Varaktighet","description":"3 timmar"},{"icon":33180,"title":"Plats","description":"100% online"}]}},"certification":{"img":33271,"title":"Officiellt Microsoft-certifikat","subtitle":"N\u00e4r du har slutf\u00f6rt kursen f\u00e5r du ett officiellt Microsoft-certifikat, som du kan dela p\u00e5 LinkedIn.","button":{"title":"Registrera dig kostnadsfritt","link":"form"}},"cta":{"bg":73999,"title":"<h2>Klara slututmaningen.\r\nF\u00e5 ett AI-stipendium.<\/h2>","subtitle":"<div class=\"ewa-rteLine\" style=\"text-align: left;\">Visa dina kunskaper i kursets slututmaning och f\u00e5 ett av de <strong>150 stipendierna fr\u00e5n Founderz &amp; Microsoft<\/strong> f\u00f6r ett <strong>3 m\u00e5naders onlineprogram i AI &amp; Innovation.<\/strong><\/div>","button":{"title":"Registrera dig kostnadsfritt","link":"form"}},"syllabus":{"active":false,"title":"","background_color":"#000","items":""},"professors":{"title":"Tr\u00e4ffa dina l\u00e4rare","items":[34036,73613,34154,34299,33971,33984,34209,34214,34060,34062],"button":{"title":"Registrera dig kostnadsfritt","link":"form"}},"cta_final":{"title":"<h2>M\u00f6t v\u00e5ra ambassad\u00f6rer<\/h2>","subtitle":"<p style=\"text-align: center;\">Tillsammans med v\u00e5ra fantastiska partners kan vi st\u00e4rka fler kvinnor runt om i v\u00e4rlden genom AI-utbildning.<\/p>","logos":[{"img":135771},{"img":85578},{"img":85296},{"img":85318},{"img":85340},{"img":139924},{"img":34549},{"img":44762},{"img":84874},{"img":86040},{"img":136688},{"img":86093},{"img":139952},{"img":139844},{"img":139536},{"img":139692},{"img":139582},{"img":141017},{"img":141143},{"img":141198},{"img":78363},{"img":142818}],"button":{"title":"Bli partner","link":"mailto:aiskills4women@founderz.com"}},"form_fields":{"name":{"label":"Namn","text":"Laura"},"last_name":{"label":"Efternamn","text":"Smith"},"email":{"label":"E-post","text":"example@outlook.com"},"btn_text":"Registrera dig kostnadsfritt","terms":"Jag godk\u00e4nner villkoren och sekretesspolicyn <a href=\"https:\/\/founderz.com\/terms-and-conditions\/\">L\u00e4s h\u00e4r<\/a>","second_terms":"","sign_up_text":"Logga in","sign_up_text_second":"Har du redan ett konto?","programa":"https:\/\/learn.founderz.com\/signup\/guest\/ai-skills-4-women","outro":""},"error":{"icon":34328,"title":"E-post redan registrerad","subtitle":"Den h\u00e4r e-postadressen \u00e4r redan registrerad i v\u00e5rt system. Du kan f\u00f6rs\u00f6ka logga in med ditt befintliga konto eller anv\u00e4nda en annan e-postadress. ","buttons":[{"title":"Logga in","link":"https:\/\/learn.founderz.com\/login?program_slug=ai-skills-4-women"},{"title":"F\u00f6rs\u00f6k igen","link":"https:\/\/founderz.com\/sv\/ai-skills-4-women\/"}]},"hs_meta":{"program_id":"","program_edition":"0","program_name":""},"custom_code":{"code":""},"allowed_emails":""},"_links":{"self":[{"href":"https:\/\/founderz.com\/sv\/wp-json\/wp\/v2\/pages\/74233","targetHints":{"allow":["GET"]}}],"collection":[{"href":"https:\/\/founderz.com\/sv\/wp-json\/wp\/v2\/pages"}],"about":[{"href":"https:\/\/founderz.com\/sv\/wp-json\/wp\/v2\/types\/page"}],"author":[{"embeddable":true,"href":"https:\/\/founderz.com\/sv\/wp-json\/wp\/v2\/users\/41"}],"replies":[{"embeddable":true,"href":"https:\/\/founderz.com\/sv\/wp-json\/wp\/v2\/comments?post=74233"}],"version-history":[{"count":2,"href":"https:\/\/founderz.com\/sv\/wp-json\/wp\/v2\/pages\/74233\/revisions"}],"predecessor-version":[{"id":86146,"href":"https:\/\/founderz.com\/sv\/wp-json\/wp\/v2\/pages\/74233\/revisions\/86146"}],"wp:featuredmedia":[{"embeddable":true,"href":"https:\/\/founderz.com\/sv\/wp-json\/wp\/v2\/media\/74399"}],"wp:attachment":[{"href":"https:\/\/founderz.com\/sv\/wp-json\/wp\/v2\/media?parent=74233"}],"wp:term":[{"taxonomy":"team_owner","embeddable":true,"href":"https:\/\/founderz.com\/sv\/wp-json\/wp\/v2\/team_owner?post=74233"}],"curies":[{"name":"wp","href":"https:\/\/api.w.org\/{rel}","templated":true}]}}