{"id":77447,"date":"2025-02-11T11:11:00","date_gmt":"2025-02-11T10:11:00","guid":{"rendered":"https:\/\/founderz.com\/ai-skills-4-women\/"},"modified":"2026-03-23T22:05:32","modified_gmt":"2026-03-23T21:05:32","slug":"ai-skills-4-women","status":"publish","type":"page","link":"https:\/\/founderz.com\/tr\/ai-skills-4-women\/","title":{"rendered":"AI Skills 4 Women"},"content":{"rendered":"","protected":false},"excerpt":{"rendered":"<p>Yapay zeka alan\u0131nda \u00e7al\u0131\u015fan kad\u0131nlar i\u00e7in tasarlanm\u0131\u015f \u00fccretsiz bir kurs. Temel beceriler kazan\u0131n, destekleyici bir toplulukla ba\u011flant\u0131 kurun ve kariyer f\u0131rsatlar\u0131n\u0131 ke\u015ffedin. <\/p>\n","protected":false},"author":41,"featured_media":77449,"parent":0,"menu_order":0,"comment_status":"closed","ping_status":"closed","template":"templates\/program-aiskills4women.php","meta":{"_acf_changed":false,"inline_featured_image":false,"footnotes":""},"team_owner":[],"class_list":["post-77447","page","type-page","status-publish","has-post-thumbnail","hentry"],"acf":{"colab":50674,"colab_2":"","hero":{"image":74383,"title":"<h1>\u00d6nc\u00fcl\u00fck edin.\r\nYapay zekay\u0131 \u00f6\u011frenin.<\/h1>","description":"\u00dccretsiz kursumuz\r\nAI Skills 4 Women ile.","partner":{"text":"","image":"","link":""},"secondary_partners":null,"button":{"text":"","link":""},"outro":""},"features":{"pre_title":"Bug\u00fcn \u00fccretsiz kaydolun.","title":"AI Skills 4 Women","subtitle":"<p style=\"text-align: center;\">Yapay zek\u00e2n\u0131n g\u00fcc\u00fcn\u00fc ke\u015ffedin, birlikte \u00f6\u011frenip geli\u015ferek hem kendiniz hem de yolunuzu takip edecek kad\u0131nlar i\u00e7in yeni f\u0131rsatlar yarat\u0131n.<\/p>","items":[{"pre_title":"Yapay zek\u00e2 ara\u015ft\u0131rmac\u0131lar\u0131n\u0131n i\u00e7inde sadece","number":"12%","subtitle":"\u2019si kad\u0131n.","label":"UNESCO"},{"pre_title":"Yapay zek\u00e2 alan\u0131nda \u00e7al\u0131\u015fanlar\u0131n  ","number":"22%","subtitle":"\u2019sinden\r\naz\u0131 kad\u0131n.","label":"WEF"},{"pre_title":"Yapay zek\u00e2 alan\u0131ndaki akademik kadrolar\u0131n yaln\u0131zca","number":"24%","subtitle":"\u2019\u00fc kad\u0131nlar taraf\u0131ndan dolduruluyor.","label":"Yapay Zeka Endeksi Raporu 2024"}],"video_title":"\u00d6nceden bu kursa kat\u0131lm\u0131\u015f ve yapay zek\u00e2 alan\u0131nda kendi yolunu \u00e7izen kad\u0131nlar\u0131n hik\u00e2yelerini ke\u015ffedin.","video":"https:\/\/player.vimeo.com\/video\/1096404027","related_videos":{"title":"D\u00fcnyan\u0131n d\u00f6rt bir yan\u0131ndan bu yolculu\u011fun kalbinde yer alan ilham verici kad\u0131nlarla tan\u0131\u015f\u0131n: durdurulamaz, cesur ve \u00f6nc\u00fc.","items":[{"img":54873,"name":"Birgitta","text":"Birka\u00e7 y\u0131l otel teknolojisi alan\u0131nda \u00e7al\u0131\u015ft\u0131ktan ve kendi spor giyim ile yoga markas\u0131n\u0131 y\u00f6nettikten sonra, Birgitta Founderz \u00d7 Microsoft Kad\u0131nlar i\u00e7in Yapay Zek\u00e2 Becerileri program\u0131na kat\u0131ld\u0131. Program\u0131n istedi\u011fin zaman \u00f6\u011frenme format\u0131n\u0131 ve destekleyici toplulu\u011funu \u00e7ok sevdi. Bu deneyim sayesinde \u2018Kinetic Verve\u2019 adl\u0131, yapay zek\u00e2 destekli ve yarg\u0131lay\u0131c\u0131 olmayan bir yoga ko\u00e7lu\u011fu uygulamas\u0131n\u0131n prototipini geli\u015ftirdi. Yapay zek\u00e2n\u0131n kariyerine katabilecekleri konusunda heyecan duyuyor.","video":"https:\/\/player.vimeo.com\/video\/1096982729"},{"img":54889,"name":"Jiayao","text":"Barselona \u00dcniversitesi\u2019nde y\u00fcksek lisans \u00f6\u011frencisi olan Jiayao, ruh sa\u011fl\u0131\u011f\u0131, karma ger\u00e7eklik ve kapsay\u0131c\u0131l\u0131k kesi\u015fiminde \u00e7al\u0131\u015f\u0131yor. Bu kursu \u2018gelece\u011fe biletim\u2019 olarak tan\u0131ml\u0131yor. Kurs, insanlar\u0131n g\u00fc\u00e7lenmesini sa\u011flayan kapsay\u0131c\u0131 ve ger\u00e7ek ya\u015famda kullan\u0131labilir yapay zek\u00e2 ara\u00e7lar\u0131 geli\u015ftirme konusunda ona g\u00fcven kazand\u0131rd\u0131 ve teknoloji d\u00fcnyas\u0131nda kad\u0131nlar\u0131n her masada yer almas\u0131 gerekti\u011fine olan inanc\u0131n\u0131 peki\u015ftirdi.","video":"https:\/\/player.vimeo.com\/video\/1096982782"},{"img":54905,"name":"Irene","text":"Kaliforniya ve New York'ta b\u00fcy\u00fcyen Caracas do\u011fumlu Irene, Kad\u0131n Tarihi Ay\u0131 s\u0131ras\u0131nda program\u0131n reklam\u0131n\u0131 g\u00f6rd\u00fckten sonra teknoloji ile \u00e7al\u0131\u015fmaktan teknoloji ile in\u015fa etmeye s\u0131\u00e7rama yapt\u0131. \u015eu anda kod yaz\u0131yor ve Latin Amerika i\u00e7in yapay zekal\u0131, \u00e7ok dilli, ger\u00e7ek zamanl\u0131 bir haber takip\u00e7isi olan SOMOS'un sunumunu yap\u0131yor ve program\u0131n fikrini bir i\u015fe d\u00f6n\u00fc\u015ft\u00fcrmek i\u00e7in ihtiya\u00e7 duydu\u011fu motivasyonu ate\u015fledi\u011fini s\u00f6yl\u00fcyor. ","video":"https:\/\/player.vimeo.com\/video\/1096982858"}]}},"cta_basic":{"title":"Yapay zekan\u0131n gelece\u011fi olun","subtitle":"<p style=\"text-align: center;\">2025 d\u00f6neminde, <strong>30'dan fazla \u00fclkede<\/strong> <strong>57.000'den fazla kad\u0131n<\/strong> e\u011fitildi ve Yapay Zeka ve \u0130novasyon Sertifika Program\u0131 i\u00e7in<strong>150 burs verildi<\/strong>. \u015eimdi s\u0131ra sizde: toplulu\u011fa kat\u0131l\u0131n ve burs kazanma \u015fans\u0131n\u0131 yakalay\u0131n.<\/p>","button":{"title":"\u00dccretsiz kaydolun","link":"form","url":""}},"learn":{"title":"Neler \u00d6\u011freneceksiniz","video_image":74268,"video":"https:\/\/player.vimeo.com\/video\/1139960729","teacher":"","items":[{"text":"<strong>Yapay Zeka Temelleri:<\/strong> Yapay zekan\u0131n temellerini \u00f6\u011frenin."},{"text":"<strong>Pratik Uygulamalar:<\/strong> Ger\u00e7ek d\u00fcnyadaki kullan\u0131m \u00f6rneklerini ke\u015ffedin."},{"text":"<strong>H\u0131zl\u0131 M\u00fchendislik ve Etik:<\/strong> Yapay zeka etkile\u015fimlerinde sorumlu bir \u015fekilde ustala\u015f\u0131n."},{"text":"<strong>Yapay Zeka Siber G\u00fcvenlik ve Veri Analiti\u011fi:<\/strong> Gelecek i\u00e7in temel beceriler."},{"text":"<strong>Liderlik ve Mentorluk:<\/strong> Yapay zeka uzmanlar\u0131n\u0131n rehberli\u011finde kariyerinizi geli\u015ftirin."}]},"form":{"title":"<h2 style=\"text-align: center;\">Yapay zeka yolculu\u011funuz \u015fimdi ba\u015fl\u0131yor<\/h2>","form":{"title":"Gelece\u011fi \u015fekillendiren kad\u0131nlardan olu\u015fan bir toplulu\u011fa kat\u0131l\u0131n.\r\nS\u0131n\u0131rl\u0131 say\u0131da burs mevcuttur. \u015eans\u0131n\u0131z\u0131 ka\u00e7\u0131rmay\u0131n!","features":[{"icon":33184,"title":"S\u00fcre","description":"3 saat"},{"icon":33180,"title":"Mod","description":"100 \u00c7evrimi\u00e7i"}]}},"certification":{"img":33271,"title":"Resmi Microsoft Yetkinli\u011fi","subtitle":"Kursu tamamlad\u0131\u011f\u0131n\u0131zda, LinkedIn\u2019de payla\u015fabilece\u011finiz bir resmi Microsoft Yetkinli\u011fi Belgesi alacaks\u0131n\u0131z.","button":{"title":"\u00dccretsiz kaydolun","link":"form"}},"cta":{"bg":73999,"title":"<h2>Final testinde \u00fcst\u00fcn ba\u015far\u0131 g\u00f6sterin.\r\nYapay zeka bursu kazan\u0131n.<\/h2>","subtitle":"<div class=\"ewa-rteLine\" style=\"text-align: left;\">Son kurs yar\u0131\u015fmas\u0131nda yeteneklerinizi g\u00f6sterin ve Yapay Zeka <strong>ve \u0130novasyon alan\u0131nda 3 ayl\u0131k \u00e7evrimi\u00e7i bir program<\/strong> i\u00e7in <strong>Founderz &amp; Microsoft'un 150 bursundan<\/strong> birini kazan\u0131n<\/div>","button":{"title":"\u00dccretsiz kaydolun","link":"form"}},"syllabus":{"active":false,"title":"","background_color":"#000","items":""},"professors":{"title":"E\u011fitmenlerinizle Tan\u0131\u015f\u0131n","items":[34036,73613,34154,34299,33971,33984,34209,34214,34060,34062],"button":{"title":"\u00dccretsiz kaydolun","link":"form"}},"cta_final":{"title":"<h2>El\u00e7ilerimizle Tan\u0131\u015f\u0131n<\/h2>","subtitle":"<p style=\"text-align: center;\">Harika i\u015f ortaklar\u0131m\u0131zla birlikte, yapay zek\u00e2 e\u011fitimiyle d\u00fcnya genelinde daha fazla kad\u0131n\u0131n g\u00fc\u00e7lenmesini sa\u011flayabiliyoruz.<\/p>","logos":[{"img":135771},{"img":85578},{"img":85296},{"img":85318},{"img":85340},{"img":139924},{"img":34549},{"img":44762},{"img":84874},{"img":86040},{"img":136688},{"img":86093},{"img":139952},{"img":139844},{"img":139536},{"img":139692},{"img":139582},{"img":141017},{"img":141143},{"img":141198},{"img":78363},{"img":142818}],"button":{"title":"\u0130\u015f Orta\u011f\u0131 Olun","link":"mailto:aiskills4women@founderz.com"}},"form_fields":{"name":{"label":"\u0130sim","text":"Laura"},"last_name":{"label":"Soyad\u0131","text":"Smith"},"email":{"label":"E-posta","text":"example@outlook.com"},"btn_text":"\u00dccretsiz kaydolun","terms":"\u015eartlar ve Ko\u015fullar\u0131 ve Gizlilik Politikas\u0131n\u0131 kabul ediyorum <a href=\"https:\/\/founderz.com\/terms-and-conditions\/\">Buray\u0131 okuyun<\/a>","second_terms":"","sign_up_text":"Oturum a\u00e7","sign_up_text_second":"Zaten bir hesab\u0131n\u0131z var m\u0131?","programa":"https:\/\/learn.founderz.com\/signup\/guest\/ai-skills-4-women","outro":""},"error":{"icon":34328,"title":"E-posta Zaten Kay\u0131tl\u0131","subtitle":"Bu e-posta sistemimizde zaten kay\u0131tl\u0131. Mevcut hesab\u0131n\u0131zla giri\u015f yapmay\u0131 deneyebilir veya farkl\u0131 bir e-posta adresi kullanabilirsiniz. ","buttons":[{"title":"Giri\u015f","link":"https:\/\/learn.founderz.com\/login?program_slug=ai-skills-4-women"},{"title":"Tekrar Deneyin","link":"https:\/\/founderz.com\/tr\/ai-skills-4-women\/"}]},"hs_meta":{"program_id":"","program_edition":"0","program_name":""},"custom_code":{"code":""},"allowed_emails":""},"_links":{"self":[{"href":"https:\/\/founderz.com\/tr\/wp-json\/wp\/v2\/pages\/77447","targetHints":{"allow":["GET"]}}],"collection":[{"href":"https:\/\/founderz.com\/tr\/wp-json\/wp\/v2\/pages"}],"about":[{"href":"https:\/\/founderz.com\/tr\/wp-json\/wp\/v2\/types\/page"}],"author":[{"embeddable":true,"href":"https:\/\/founderz.com\/tr\/wp-json\/wp\/v2\/users\/41"}],"replies":[{"embeddable":true,"href":"https:\/\/founderz.com\/tr\/wp-json\/wp\/v2\/comments?post=77447"}],"version-history":[{"count":2,"href":"https:\/\/founderz.com\/tr\/wp-json\/wp\/v2\/pages\/77447\/revisions"}],"predecessor-version":[{"id":79495,"href":"https:\/\/founderz.com\/tr\/wp-json\/wp\/v2\/pages\/77447\/revisions\/79495"}],"wp:featuredmedia":[{"embeddable":true,"href":"https:\/\/founderz.com\/tr\/wp-json\/wp\/v2\/media\/77449"}],"wp:attachment":[{"href":"https:\/\/founderz.com\/tr\/wp-json\/wp\/v2\/media?parent=77447"}],"wp:term":[{"taxonomy":"team_owner","embeddable":true,"href":"https:\/\/founderz.com\/tr\/wp-json\/wp\/v2\/team_owner?post=77447"}],"curies":[{"name":"wp","href":"https:\/\/api.w.org\/{rel}","templated":true}]}}